{"id":697,"date":"2021-10-07T12:25:46","date_gmt":"2021-10-07T15:25:46","guid":{"rendered":"https:\/\/ows1.com.br\/barbiero\/?page_id=697"},"modified":"2021-10-07T12:42:09","modified_gmt":"2021-10-07T15:42:09","slug":"sustentabilidade","status":"publish","type":"page","link":"https:\/\/ows1.com.br\/barbiero\/?page_id=697","title":{"rendered":"Sustentabilidade"},"content":{"rendered":"\t\t<div data-elementor-type=\"wp-page\" data-elementor-id=\"697\" class=\"elementor elementor-697\" data-elementor-settings=\"[]\">\n\t\t\t\t\t\t\t<div class=\"elementor-section-wrap\">\n\t\t\t\t\t\t\t<section class=\"elementor-section elementor-top-section elementor-element elementor-element-9d296b0 elementor-section-boxed elementor-section-height-default elementor-section-height-default\" data-id=\"9d296b0\" data-element_type=\"section\" data-settings=\"{&quot;background_background&quot;:&quot;classic&quot;}\">\n\t\t\t\t\t\t\t<div class=\"elementor-background-overlay\"><\/div>\n\t\t\t\t\t\t\t<div class=\"elementor-container elementor-column-gap-default\">\n\t\t\t\t\t<div class=\"elementor-column elementor-col-100 elementor-top-column elementor-element elementor-element-9e5c34c\" data-id=\"9e5c34c\" data-element_type=\"column\">\n\t\t\t<div class=\"elementor-widget-wrap elementor-element-populated\">\n\t\t\t\t\t\t\t\t<div class=\"elementor-element elementor-element-254f424 elementor-widget elementor-widget-heading\" data-id=\"254f424\" data-element_type=\"widget\" data-widget_type=\"heading.default\">\n\t\t\t\t<div class=\"elementor-widget-container\">\n\t\t\t<h2 class=\"elementor-heading-title elementor-size-default\">Sustentabilidade<\/h2>\t\t<\/div>\n\t\t\t\t<\/div>\n\t\t\t\t<div class=\"elementor-element elementor-element-f77ea4c elementor-widget elementor-widget-heading\" data-id=\"f77ea4c\" data-element_type=\"widget\" data-widget_type=\"heading.default\">\n\t\t\t\t<div class=\"elementor-widget-container\">\n\t\t\t<h2 class=\"elementor-heading-title elementor-size-default\">Conhe\u00e7a a\u00e7\u00f5es que fazem a diferen\u00e7a<\/h2>\t\t<\/div>\n\t\t\t\t<\/div>\n\t\t\t\t<div class=\"elementor-element elementor-element-d43934d elementor-widget-divider--view-line elementor-widget elementor-widget-divider\" data-id=\"d43934d\" data-element_type=\"widget\" data-widget_type=\"divider.default\">\n\t\t\t\t<div class=\"elementor-widget-container\">\n\t\t\t\t\t<div class=\"elementor-divider\">\n\t\t\t<span class=\"elementor-divider-separator\">\n\t\t\t\t\t\t<\/span>\n\t\t<\/div>\n\t\t\t\t<\/div>\n\t\t\t\t<\/div>\n\t\t\t\t\t<\/div>\n\t\t<\/div>\n\t\t\t\t\t\t\t<\/div>\n\t\t<\/section>\n\t\t\t\t<section class=\"elementor-section elementor-top-section elementor-element elementor-element-227a446 elementor-section-boxed elementor-section-height-default elementor-section-height-default\" data-id=\"227a446\" data-element_type=\"section\" data-settings=\"{&quot;background_background&quot;:&quot;classic&quot;}\">\n\t\t\t\t\t\t\t<div class=\"elementor-background-overlay\"><\/div>\n\t\t\t\t\t\t\t<div class=\"elementor-container elementor-column-gap-default\">\n\t\t\t\t\t<div class=\"elementor-column elementor-col-100 elementor-top-column elementor-element elementor-element-08c8554\" data-id=\"08c8554\" data-element_type=\"column\">\n\t\t\t<div class=\"elementor-widget-wrap elementor-element-populated\">\n\t\t\t\t\t\t\t\t<div class=\"elementor-element elementor-element-1e00201 elementor-grid-3 elementor-grid-tablet-2 elementor-grid-mobile-1 elementor-posts--thumbnail-top elementor-card-shadow-yes elementor-posts__hover-gradient elementor-widget elementor-widget-posts\" data-id=\"1e00201\" data-element_type=\"widget\" data-settings=\"{&quot;cards_masonry&quot;:&quot;yes&quot;,&quot;cards_columns&quot;:&quot;3&quot;,&quot;cards_columns_tablet&quot;:&quot;2&quot;,&quot;cards_columns_mobile&quot;:&quot;1&quot;,&quot;cards_row_gap&quot;:{&quot;unit&quot;:&quot;px&quot;,&quot;size&quot;:35,&quot;sizes&quot;:[]}}\" data-widget_type=\"posts.cards\">\n\t\t\t\t<div class=\"elementor-widget-container\">\n\t\t\t\t\t<div class=\"elementor-posts-container elementor-posts elementor-posts--skin-cards elementor-grid\">\n\t\t\t\t<article class=\"elementor-post elementor-grid-item post-717 post type-post status-publish format-standard has-post-thumbnail hentry category-sustentabilidade\">\n\t\t\t<div class=\"elementor-post__card\">\n\t\t\t\t<a class=\"elementor-post__thumbnail__link\" href=\"https:\/\/ows1.com.br\/barbiero\/?p=717\" >\n\t\t\t<div class=\"elementor-post__thumbnail\"><img loading=\"lazy\" decoding=\"async\" width=\"1250\" height=\"937\" src=\"https:\/\/ows1.com.br\/barbiero\/wp-content\/uploads\/2021\/10\/download-1.jpg\" class=\"attachment-full size-full\" alt=\"\" srcset=\"https:\/\/ows1.com.br\/barbiero\/wp-content\/uploads\/2021\/10\/download-1.jpg 1250w, https:\/\/ows1.com.br\/barbiero\/wp-content\/uploads\/2021\/10\/download-1-300x225.jpg 300w, https:\/\/ows1.com.br\/barbiero\/wp-content\/uploads\/2021\/10\/download-1-1024x768.jpg 1024w, https:\/\/ows1.com.br\/barbiero\/wp-content\/uploads\/2021\/10\/download-1-768x576.jpg 768w\" sizes=\"auto, (max-width: 1250px) 100vw, 1250px\" \/><\/div>\n\t\t<\/a>\n\t\t\t\t<div class=\"elementor-post__badge\">Sustentabilidade<\/div>\n\t\t\t\t<div class=\"elementor-post__text\">\n\t\t\t\t<h3 class=\"elementor-post__title\">\n\t\t\t<a href=\"https:\/\/ows1.com.br\/barbiero\/?p=717\" >\n\t\t\t\tBarbiero Agroneg\u00f3cios fomenta programa Nosso Futuros Sustent\u00e1vel\t\t\t<\/a>\n\t\t<\/h3>\n\t\t\t\t<div class=\"elementor-post__excerpt\">\n\t\t\t<p>Dando sequ\u00eancia ao programa Nosso Futuro Sustent\u00e1vel a Barbiero Agroneg\u00f3cios em parceria com a Cinbalagens-Aria,<\/p>\n\t\t<\/div>\n\t\t\t\t\t<a class=\"elementor-post__read-more\" href=\"https:\/\/ows1.com.br\/barbiero\/?p=717\" >\n\t\t\t\tLer mais\t\t\t<\/a>\n\t\t\t\t<\/div>\n\t\t\t\t<div class=\"elementor-post__meta-data\">\n\t\t\t\t\t<span class=\"elementor-post-date\">\n\t\t\t7 de outubro de 2021\t\t<\/span>\n\t\t\t\t<\/div>\n\t\t\t\t\t<\/div>\n\t\t<\/article>\n\t\t\t\t<article class=\"elementor-post elementor-grid-item post-715 post type-post status-publish format-standard has-post-thumbnail hentry category-sustentabilidade\">\n\t\t\t<div class=\"elementor-post__card\">\n\t\t\t\t<a class=\"elementor-post__thumbnail__link\" href=\"https:\/\/ows1.com.br\/barbiero\/?p=715\" >\n\t\t\t<div class=\"elementor-post__thumbnail\"><img loading=\"lazy\" decoding=\"async\" width=\"554\" height=\"414\" src=\"https:\/\/ows1.com.br\/barbiero\/wp-content\/uploads\/2021\/10\/download-2.jpg\" class=\"attachment-full size-full\" alt=\"\" srcset=\"https:\/\/ows1.com.br\/barbiero\/wp-content\/uploads\/2021\/10\/download-2.jpg 554w, https:\/\/ows1.com.br\/barbiero\/wp-content\/uploads\/2021\/10\/download-2-300x224.jpg 300w\" sizes=\"auto, (max-width: 554px) 100vw, 554px\" \/><\/div>\n\t\t<\/a>\n\t\t\t\t<div class=\"elementor-post__badge\">Sustentabilidade<\/div>\n\t\t\t\t<div class=\"elementor-post__text\">\n\t\t\t\t<h3 class=\"elementor-post__title\">\n\t\t\t<a href=\"https:\/\/ows1.com.br\/barbiero\/?p=715\" >\n\t\t\t\tParceria SENAC Chapec\u00f3-SC\t\t\t<\/a>\n\t\t<\/h3>\n\t\t\t\t<div class=\"elementor-post__excerpt\">\n\t\t\t<p>No dia 29\/05\/2019, a empresa Barbiero Agroneg\u00f3cios, com intuito em formar Lideran\u00e7as internas. participou de<\/p>\n\t\t<\/div>\n\t\t\t\t\t<a class=\"elementor-post__read-more\" href=\"https:\/\/ows1.com.br\/barbiero\/?p=715\" >\n\t\t\t\tLer mais\t\t\t<\/a>\n\t\t\t\t<\/div>\n\t\t\t\t<div class=\"elementor-post__meta-data\">\n\t\t\t\t\t<span class=\"elementor-post-date\">\n\t\t\t7 de outubro de 2021\t\t<\/span>\n\t\t\t\t<\/div>\n\t\t\t\t\t<\/div>\n\t\t<\/article>\n\t\t\t\t<article class=\"elementor-post elementor-grid-item post-719 post type-post status-publish format-standard has-post-thumbnail hentry category-sustentabilidade\">\n\t\t\t<div class=\"elementor-post__card\">\n\t\t\t\t<a class=\"elementor-post__thumbnail__link\" href=\"https:\/\/ows1.com.br\/barbiero\/?p=719\" >\n\t\t\t<div class=\"elementor-post__thumbnail\"><img loading=\"lazy\" decoding=\"async\" width=\"1250\" height=\"937\" src=\"https:\/\/ows1.com.br\/barbiero\/wp-content\/uploads\/2021\/10\/download.jpg\" class=\"attachment-full size-full\" alt=\"\" srcset=\"https:\/\/ows1.com.br\/barbiero\/wp-content\/uploads\/2021\/10\/download.jpg 1250w, https:\/\/ows1.com.br\/barbiero\/wp-content\/uploads\/2021\/10\/download-300x225.jpg 300w, https:\/\/ows1.com.br\/barbiero\/wp-content\/uploads\/2021\/10\/download-1024x768.jpg 1024w, https:\/\/ows1.com.br\/barbiero\/wp-content\/uploads\/2021\/10\/download-768x576.jpg 768w\" sizes=\"auto, (max-width: 1250px) 100vw, 1250px\" \/><\/div>\n\t\t<\/a>\n\t\t\t\t<div class=\"elementor-post__badge\">Sustentabilidade<\/div>\n\t\t\t\t<div class=\"elementor-post__text\">\n\t\t\t\t<h3 class=\"elementor-post__title\">\n\t\t\t<a href=\"https:\/\/ows1.com.br\/barbiero\/?p=719\" >\n\t\t\t\tMulheres Barbiero\t\t\t<\/a>\n\t\t<\/h3>\n\t\t\t\t<div class=\"elementor-post__excerpt\">\n\t\t\t<p>No dia 25 de maio, no Pavilh\u00e3o da Etnia Italiana &#8211; Parque da Feisa, o<\/p>\n\t\t<\/div>\n\t\t\t\t\t<a class=\"elementor-post__read-more\" href=\"https:\/\/ows1.com.br\/barbiero\/?p=719\" >\n\t\t\t\tLer mais\t\t\t<\/a>\n\t\t\t\t<\/div>\n\t\t\t\t<div class=\"elementor-post__meta-data\">\n\t\t\t\t\t<span class=\"elementor-post-date\">\n\t\t\t5 de novembro de 2019\t\t<\/span>\n\t\t\t\t<\/div>\n\t\t\t\t\t<\/div>\n\t\t<\/article>\n\t\t\t\t<\/div>\n\n\n\t\t\n\t\t\t\t<\/div>\n\t\t\t\t<\/div>\n\t\t\t\t\t<\/div>\n\t\t<\/div>\n\t\t\t\t\t\t\t<\/div>\n\t\t<\/section>\n\t\t\t\t\t\t<\/div>\n\t\t\t\t\t<\/div>\n\t\t","protected":false},"excerpt":{"rendered":"<p>Sustentabilidade Conhe\u00e7a a\u00e7\u00f5es que fazem a diferen\u00e7a<\/p>\n","protected":false},"author":1,"featured_media":0,"parent":0,"menu_order":0,"comment_status":"closed","ping_status":"closed","template":"elementor_header_footer","meta":{"footnotes":""},"class_list":["post-697","page","type-page","status-publish","hentry"],"_links":{"self":[{"href":"https:\/\/ows1.com.br\/barbiero\/index.php?rest_route=\/wp\/v2\/pages\/697","targetHints":{"allow":["GET"]}}],"collection":[{"href":"https:\/\/ows1.com.br\/barbiero\/index.php?rest_route=\/wp\/v2\/pages"}],"about":[{"href":"https:\/\/ows1.com.br\/barbiero\/index.php?rest_route=\/wp\/v2\/types\/page"}],"author":[{"embeddable":true,"href":"https:\/\/ows1.com.br\/barbiero\/index.php?rest_route=\/wp\/v2\/users\/1"}],"replies":[{"embeddable":true,"href":"https:\/\/ows1.com.br\/barbiero\/index.php?rest_route=%2Fwp%2Fv2%2Fcomments&post=697"}],"version-history":[{"count":31,"href":"https:\/\/ows1.com.br\/barbiero\/index.php?rest_route=\/wp\/v2\/pages\/697\/revisions"}],"predecessor-version":[{"id":738,"href":"https:\/\/ows1.com.br\/barbiero\/index.php?rest_route=\/wp\/v2\/pages\/697\/revisions\/738"}],"wp:attachment":[{"href":"https:\/\/ows1.com.br\/barbiero\/index.php?rest_route=%2Fwp%2Fv2%2Fmedia&parent=697"}],"curies":[{"name":"wp","href":"https:\/\/api.w.org\/{rel}","templated":true}]}}