{"id":7609,"date":"2021-04-26T19:11:45","date_gmt":"2021-04-26T19:11:45","guid":{"rendered":"https:\/\/dlflores.owsweb.online\/?post_type=product&#038;p=7609"},"modified":"2021-06-16T16:16:07","modified_gmt":"2021-06-16T16:16:07","slug":"flor-plantada","status":"publish","type":"product","link":"https:\/\/ows1.com.br\/dlflores\/produto\/flor-plantada\/","title":{"rendered":"Ficus Lyrata"},"content":{"rendered":"<p>A planta da moda, famosa, linda e charmosa. O Lyrata veio para ficar. Ela \u00e9 uma planta que precisa ser cultivada em local com bastante ilumina\u00e7\u00e3o. Necessita de solo levemente \u00famido, com tamanho de pelo menos 50 litros. Ela cresce e se desenvolve em abund\u00e2ncia, ideal para varandas, \u00e1reas ou salas grandes bem iluminadas.<\/p>\n","protected":false},"excerpt":{"rendered":"<p>A planta da moda, famosa, linda e charmosa. O Lyrata veio para ficar. Ela \u00e9 uma planta que precisa ser cultivada em local com bastante&#8230;<\/p>\n","protected":false},"featured_media":7555,"comment_status":"open","ping_status":"closed","template":"","meta":[],"etheme_brands":[],"product_cat":[65],"product_tag":[],"_links":{"self":[{"href":"https:\/\/ows1.com.br\/dlflores\/wp-json\/wp\/v2\/product\/7609"}],"collection":[{"href":"https:\/\/ows1.com.br\/dlflores\/wp-json\/wp\/v2\/product"}],"about":[{"href":"https:\/\/ows1.com.br\/dlflores\/wp-json\/wp\/v2\/types\/product"}],"replies":[{"embeddable":true,"href":"https:\/\/ows1.com.br\/dlflores\/wp-json\/wp\/v2\/comments?post=7609"}],"wp:featuredmedia":[{"embeddable":true,"href":"https:\/\/ows1.com.br\/dlflores\/wp-json\/wp\/v2\/media\/7555"}],"wp:attachment":[{"href":"https:\/\/ows1.com.br\/dlflores\/wp-json\/wp\/v2\/media?parent=7609"}],"wp:term":[{"taxonomy":"brand","embeddable":true,"href":"https:\/\/ows1.com.br\/dlflores\/wp-json\/wp\/v2\/etheme_brands?post=7609"},{"taxonomy":"product_cat","embeddable":true,"href":"https:\/\/ows1.com.br\/dlflores\/wp-json\/wp\/v2\/product_cat?post=7609"},{"taxonomy":"product_tag","embeddable":true,"href":"https:\/\/ows1.com.br\/dlflores\/wp-json\/wp\/v2\/product_tag?post=7609"}],"curies":[{"name":"wp","href":"https:\/\/api.w.org\/{rel}","templated":true}]}}