{"id":7661,"date":"2021-06-16T19:50:48","date_gmt":"2021-06-16T19:50:48","guid":{"rendered":"https:\/\/dlflores.owsweb.online\/?post_type=product&#038;p=7661"},"modified":"2021-06-16T20:01:04","modified_gmt":"2021-06-16T20:01:04","slug":"arranjo-com-uma-rosa-colombiana-vaso-incluso","status":"publish","type":"product","link":"https:\/\/ows1.com.br\/dlflores\/produto\/arranjo-com-uma-rosa-colombiana-vaso-incluso\/","title":{"rendered":"Arranjo com uma rosa Colombiana, vaso incluso"},"content":{"rendered":"","protected":false},"excerpt":{"rendered":"<p>O costume da rosa vermelha. A entrega de flores a quem amamos, vem desde a era Vitoriana, onde quanto mais forte a cor da flor, maior era o seu amor. Sendo assim desde ent\u00e3o a cor vermelha ficou enraizada em nossa cultura como cor do amor e da paix\u00e3o. Um rosa significa demonstra\u00e7\u00e3o de amor.<\/p>\n<p>Essa composi\u00e7\u00e3o conta com um arranjo lindo com uma rosa importada, verdes e gipsophila.<\/p>\n<p>Produzido neste vaso em vidro fum\u00ea com 3mm de espessura, com 20 cm de altura.<\/p>\n<p>Dimens\u00f5es do arranjo, Altura at\u00e9 a rosa 37cm, Altura at\u00e9 o topo das folhas, 65 cm.<\/p>\n<p>Experimente enviar e tornar o dia de quem receber ainda melhor.<\/p>\n","protected":false},"featured_media":7663,"comment_status":"open","ping_status":"closed","template":"","meta":[],"etheme_brands":[],"product_cat":[73,74],"product_tag":[],"_links":{"self":[{"href":"https:\/\/ows1.com.br\/dlflores\/wp-json\/wp\/v2\/product\/7661"}],"collection":[{"href":"https:\/\/ows1.com.br\/dlflores\/wp-json\/wp\/v2\/product"}],"about":[{"href":"https:\/\/ows1.com.br\/dlflores\/wp-json\/wp\/v2\/types\/product"}],"replies":[{"embeddable":true,"href":"https:\/\/ows1.com.br\/dlflores\/wp-json\/wp\/v2\/comments?post=7661"}],"wp:featuredmedia":[{"embeddable":true,"href":"https:\/\/ows1.com.br\/dlflores\/wp-json\/wp\/v2\/media\/7663"}],"wp:attachment":[{"href":"https:\/\/ows1.com.br\/dlflores\/wp-json\/wp\/v2\/media?parent=7661"}],"wp:term":[{"taxonomy":"brand","embeddable":true,"href":"https:\/\/ows1.com.br\/dlflores\/wp-json\/wp\/v2\/etheme_brands?post=7661"},{"taxonomy":"product_cat","embeddable":true,"href":"https:\/\/ows1.com.br\/dlflores\/wp-json\/wp\/v2\/product_cat?post=7661"},{"taxonomy":"product_tag","embeddable":true,"href":"https:\/\/ows1.com.br\/dlflores\/wp-json\/wp\/v2\/product_tag?post=7661"}],"curies":[{"name":"wp","href":"https:\/\/api.w.org\/{rel}","templated":true}]}}