{"id":7668,"date":"2021-06-16T20:29:33","date_gmt":"2021-06-16T20:29:33","guid":{"rendered":"https:\/\/dlflores.owsweb.online\/?post_type=product&#038;p=7668"},"modified":"2021-08-01T00:29:34","modified_gmt":"2021-08-01T00:29:34","slug":"flores-do-campo","status":"publish","type":"product","link":"https:\/\/ows1.com.br\/dlflores\/produto\/flores-do-campo\/","title":{"rendered":"Flores do campo"},"content":{"rendered":"<p>Descri\u00e7\u00e3o:<\/p>\n<p>Mix de flores do campo, montado em um vaso de vidro transparente com 3mm de espessura.<\/p>\n<p>Nessa composi\u00e7\u00e3o utilizamos flores da esta\u00e7\u00e3o coloridas e alegres. Arranjo produzido a m\u00e3o. Remete alegria e felicidade. Ideal para anivers\u00e1rios, conquistas, inaugura\u00e7\u00f5es.<\/p>\n<p>&nbsp;<\/p>\n","protected":false},"excerpt":{"rendered":"<p>Descri\u00e7\u00e3o:<\/p>\n<p>Mix de flores do campo, montado em um vaso de vidro transparente com 3mm de espessura.<\/p>\n<p>Nessa composi\u00e7\u00e3o utilizamos flores da esta\u00e7\u00e3o coloridas e alegres. Arranjo produzido a m\u00e3o. Remete alegria e felicidade. Ideal para anivers\u00e1rios, conquistas, inaugura\u00e7\u00f5es.<\/p>\n<p>Dimens\u00f5es:<\/p>\n<p>Vaso: Altura 20 cm<\/p>\n<p>Diametro da boca 10cm<\/p>\n<p>Diametro da base 16cm<\/p>\n<p>Dimens\u00f5es do arranjo:<\/p>\n<p>Altura total 40cm<\/p>\n<p>Diametro 29cm<\/p>\n<p>&nbsp;<\/p>\n<p>&nbsp;<\/p>\n<p>&nbsp;<\/p>\n","protected":false},"featured_media":7669,"comment_status":"open","ping_status":"closed","template":"","meta":[],"etheme_brands":[],"product_cat":[80,71,72,78],"product_tag":[],"_links":{"self":[{"href":"https:\/\/ows1.com.br\/dlflores\/wp-json\/wp\/v2\/product\/7668"}],"collection":[{"href":"https:\/\/ows1.com.br\/dlflores\/wp-json\/wp\/v2\/product"}],"about":[{"href":"https:\/\/ows1.com.br\/dlflores\/wp-json\/wp\/v2\/types\/product"}],"replies":[{"embeddable":true,"href":"https:\/\/ows1.com.br\/dlflores\/wp-json\/wp\/v2\/comments?post=7668"}],"wp:featuredmedia":[{"embeddable":true,"href":"https:\/\/ows1.com.br\/dlflores\/wp-json\/wp\/v2\/media\/7669"}],"wp:attachment":[{"href":"https:\/\/ows1.com.br\/dlflores\/wp-json\/wp\/v2\/media?parent=7668"}],"wp:term":[{"taxonomy":"brand","embeddable":true,"href":"https:\/\/ows1.com.br\/dlflores\/wp-json\/wp\/v2\/etheme_brands?post=7668"},{"taxonomy":"product_cat","embeddable":true,"href":"https:\/\/ows1.com.br\/dlflores\/wp-json\/wp\/v2\/product_cat?post=7668"},{"taxonomy":"product_tag","embeddable":true,"href":"https:\/\/ows1.com.br\/dlflores\/wp-json\/wp\/v2\/product_tag?post=7668"}],"curies":[{"name":"wp","href":"https:\/\/api.w.org\/{rel}","templated":true}]}}