{"id":7674,"date":"2021-06-16T21:52:49","date_gmt":"2021-06-16T21:52:49","guid":{"rendered":"https:\/\/dlflores.owsweb.online\/?post_type=product&#038;p=7674"},"modified":"2021-08-01T00:29:34","modified_gmt":"2021-08-01T00:29:34","slug":"new-classic","status":"publish","type":"product","link":"https:\/\/ows1.com.br\/dlflores\/produto\/new-classic\/","title":{"rendered":"New Classic"},"content":{"rendered":"","protected":false},"excerpt":{"rendered":"<p><em><strong>Descri\u00e7\u00e3o:<\/strong><\/em><\/p>\n<p>Lindo, Elegante e Cl\u00e1ssico sem ser vulgar.<\/p>\n<p>Buque incr\u00edvel com 21 Rosas colombianas e verdes.<\/p>\n<p>Produzido em um vaso extremamente elegante em vidro fum\u00ea.<\/p>\n<p>As rosas colombianas s\u00e3o consideradas as mais lindas do planeta! Voc\u00ea sabe por que isso \u00e9 poss\u00edvel?<\/p>\n<p>As rosas s\u00e3o incr\u00edveis em fun\u00e7\u00e3o do solo rico, altitude elevada, ou seja a 2.600 metros do n\u00edvel do mar elas ficam mais pr\u00f3ximas do sol, recebendo mais luz, claridade e energia. O clima em torno dos seus 15 graus\u00a0 \u00e9 ideal para o cultivo. Sendo assim o ciclo ideal para uma rosa acaba se formando. Por isso a Colombia e o Equador s\u00e3o mundialmente famosos, produzindo rosas lindas, perfumadas e com cores vibrantes.<\/p>\n<p>Experimento o Novo Cl\u00e1ssico e demonstre todo o teu amor.<\/p>\n<p><strong>Dimens\u00f5es:<\/strong><\/p>\n<p><strong>Vaso:<\/strong><\/p>\n<p>Espessura 3mm<\/p>\n<p>Altura 25cm<\/p>\n<p>Boca 12,5 cm<\/p>\n<p>Base 16 cm<\/p>\n<p><strong>Arranjo:<\/strong><\/p>\n<p>Altura total 47cm<\/p>\n<p>Diametro do arranjo 35 cm<\/p>\n<p>Envie essa maravilha e torne este dia em um momento \u00fanico.<\/p>\n<p>&nbsp;<\/p>\n<p>&nbsp;<\/p>\n","protected":false},"featured_media":7675,"comment_status":"open","ping_status":"closed","template":"","meta":[],"etheme_brands":[],"product_cat":[80,73,74],"product_tag":[],"_links":{"self":[{"href":"https:\/\/ows1.com.br\/dlflores\/wp-json\/wp\/v2\/product\/7674"}],"collection":[{"href":"https:\/\/ows1.com.br\/dlflores\/wp-json\/wp\/v2\/product"}],"about":[{"href":"https:\/\/ows1.com.br\/dlflores\/wp-json\/wp\/v2\/types\/product"}],"replies":[{"embeddable":true,"href":"https:\/\/ows1.com.br\/dlflores\/wp-json\/wp\/v2\/comments?post=7674"}],"wp:featuredmedia":[{"embeddable":true,"href":"https:\/\/ows1.com.br\/dlflores\/wp-json\/wp\/v2\/media\/7675"}],"wp:attachment":[{"href":"https:\/\/ows1.com.br\/dlflores\/wp-json\/wp\/v2\/media?parent=7674"}],"wp:term":[{"taxonomy":"brand","embeddable":true,"href":"https:\/\/ows1.com.br\/dlflores\/wp-json\/wp\/v2\/etheme_brands?post=7674"},{"taxonomy":"product_cat","embeddable":true,"href":"https:\/\/ows1.com.br\/dlflores\/wp-json\/wp\/v2\/product_cat?post=7674"},{"taxonomy":"product_tag","embeddable":true,"href":"https:\/\/ows1.com.br\/dlflores\/wp-json\/wp\/v2\/product_tag?post=7674"}],"curies":[{"name":"wp","href":"https:\/\/api.w.org\/{rel}","templated":true}]}}