{"id":7679,"date":"2021-06-16T22:09:43","date_gmt":"2021-06-16T22:09:43","guid":{"rendered":"https:\/\/dlflores.owsweb.online\/?post_type=product&#038;p=7679"},"modified":"2021-10-01T13:28:59","modified_gmt":"2021-10-01T13:28:59","slug":"7679","status":"publish","type":"product","link":"https:\/\/ows1.com.br\/dlflores\/produto\/7679\/","title":{"rendered":"Buqu\u00ea 5 colombianas em vaso de vidro."},"content":{"rendered":"","protected":false},"excerpt":{"rendered":"<p><strong>Descri\u00e7\u00e3o:<\/strong><\/p>\n<p>Buqu\u00ea com 5 rosas importadas. Este buque conta com um vaso em vidro transparente com 3mm.<\/p>\n<p>5 rosas colombianas, com mix de verdes para compor.<\/p>\n<p>As rosas colombianas s\u00e3o consideradas as mais lindas de todo o planeta, voc\u00ea sabe por que isso \u00e9 poss\u00edvel?<\/p>\n<p>O que contribui s\u00e3o alguns fatores, sendo: Solo rico, altitude elevada (em torno de 2.600 metros ao n\u00edvel do mar) isso faz com que as rosas recebam mais calor, energia e luminosidade. A temperatura tamb\u00e9m \u00e9 ideal, estando na faixa dos 15 graus Celsius, sendo assim a rosa leva o tempo necess\u00e1rio para crescer e se desenvolver.<\/p>\n<p>Al\u00e9m de lindas, com cores mais vibrantes, as rosas importadas tamb\u00e9m contam com uma durabilidade superior.<\/p>\n<p>Aqui voc\u00ea encontra tradi\u00e7\u00e3o, carinho e qualidade.<\/p>\n<p>Demonstre seu amor, envie esse lindo buqu\u00ea.<\/p>\n<p>Dimens\u00f5es:<\/p>\n<p>Vaso:<\/p>\n<p>Altura 20cm<\/p>\n<p>Boca: 10cm<\/p>\n<p>Base: 14cm<\/p>\n<p>Arranjo:<\/p>\n<p>Altura total:<\/p>\n<p>&nbsp;<\/p>\n","protected":false},"featured_media":7680,"comment_status":"open","ping_status":"closed","template":"","meta":[],"etheme_brands":[],"product_cat":[80,73,74,69],"product_tag":[],"_links":{"self":[{"href":"https:\/\/ows1.com.br\/dlflores\/wp-json\/wp\/v2\/product\/7679"}],"collection":[{"href":"https:\/\/ows1.com.br\/dlflores\/wp-json\/wp\/v2\/product"}],"about":[{"href":"https:\/\/ows1.com.br\/dlflores\/wp-json\/wp\/v2\/types\/product"}],"replies":[{"embeddable":true,"href":"https:\/\/ows1.com.br\/dlflores\/wp-json\/wp\/v2\/comments?post=7679"}],"wp:featuredmedia":[{"embeddable":true,"href":"https:\/\/ows1.com.br\/dlflores\/wp-json\/wp\/v2\/media\/7680"}],"wp:attachment":[{"href":"https:\/\/ows1.com.br\/dlflores\/wp-json\/wp\/v2\/media?parent=7679"}],"wp:term":[{"taxonomy":"brand","embeddable":true,"href":"https:\/\/ows1.com.br\/dlflores\/wp-json\/wp\/v2\/etheme_brands?post=7679"},{"taxonomy":"product_cat","embeddable":true,"href":"https:\/\/ows1.com.br\/dlflores\/wp-json\/wp\/v2\/product_cat?post=7679"},{"taxonomy":"product_tag","embeddable":true,"href":"https:\/\/ows1.com.br\/dlflores\/wp-json\/wp\/v2\/product_tag?post=7679"}],"curies":[{"name":"wp","href":"https:\/\/api.w.org\/{rel}","templated":true}]}}