{"id":7686,"date":"2021-06-16T22:28:13","date_gmt":"2021-06-16T22:28:13","guid":{"rendered":"https:\/\/dlflores.owsweb.online\/?post_type=product&#038;p=7686"},"modified":"2024-06-10T22:51:39","modified_gmt":"2024-06-10T22:51:39","slug":"7686","status":"publish","type":"product","link":"https:\/\/ows1.com.br\/dlflores\/produto\/7686\/","title":{"rendered":"Bonsai de Caliandra 15 anos"},"content":{"rendered":"","protected":false},"excerpt":{"rendered":"<p><strong>Descri\u00e7\u00e3o:<\/strong><\/p>\n<p>Bonsai, os bonsais s\u00e3o cultivados a milhares de anos, tendo inicio na China e propagando at\u00e9 o Jap\u00e3o.<\/p>\n<p>No seu in\u00edcio os bonsais serviam como presentes finos, tendo acesso h\u00e1 pouqu\u00edssimas pessoas. Somente os mais afortunados possu\u00edam ou presenteavam com bonsais. Sendo assim eram e s\u00e3o s\u00edmbolo de status at\u00e9 hoje.<\/p>\n<p>O bonsai consiste em cultivar uma \u00e1rvore idosa em uma bandeja rasa, deixando-a miniatura. Voc\u00ea pode utilizar toda sua criatividade, com o tempo ir modelando a sua \u00e1rvore. Os cuidados s\u00e3o aduba\u00e7\u00e3o a cada tr\u00eas meses, agua duas vezes ao dia, sol, chuva, vento (por ser uma arvore precisa ter contato com \u00e1rea externa).<\/p>\n<p>Essa maravilha \u00e9 uma <strong>Caliandra<\/strong> com flora\u00e7\u00e3o na cor branca.<\/p>\n<p>Ela ja tem<strong> 15 anos<\/strong>.<\/p>\n<p>Dimens\u00f5es:<\/p>\n<p><strong>\u00c1rvore:<\/strong><\/p>\n<p>Altura total 40cm<\/p>\n<p>Diametro 30cm<\/p>\n<p><strong>Vaso:<\/strong><\/p>\n<p>Cer\u00e2mica esmaltada, pintada em alta temperatura<\/p>\n<p>Altura do vaso: 5,5 cm<\/p>\n<p>Largura: 23cm<\/p>\n<p>Comprimento: 16cm<\/p>\n<p>Excelente para decora\u00e7\u00e3o de ambientes iluminados, Varandas, cole\u00e7\u00e3o. Como presente, nem se fala. Imposs\u00edvel n\u00e3o se emocionar com essa maravilha.<\/p>\n","protected":false},"featured_media":7685,"comment_status":"open","ping_status":"closed","template":"","meta":[],"etheme_brands":[],"product_cat":[15,64,65,66,63],"product_tag":[],"_links":{"self":[{"href":"https:\/\/ows1.com.br\/dlflores\/wp-json\/wp\/v2\/product\/7686"}],"collection":[{"href":"https:\/\/ows1.com.br\/dlflores\/wp-json\/wp\/v2\/product"}],"about":[{"href":"https:\/\/ows1.com.br\/dlflores\/wp-json\/wp\/v2\/types\/product"}],"replies":[{"embeddable":true,"href":"https:\/\/ows1.com.br\/dlflores\/wp-json\/wp\/v2\/comments?post=7686"}],"wp:featuredmedia":[{"embeddable":true,"href":"https:\/\/ows1.com.br\/dlflores\/wp-json\/wp\/v2\/media\/7685"}],"wp:attachment":[{"href":"https:\/\/ows1.com.br\/dlflores\/wp-json\/wp\/v2\/media?parent=7686"}],"wp:term":[{"taxonomy":"brand","embeddable":true,"href":"https:\/\/ows1.com.br\/dlflores\/wp-json\/wp\/v2\/etheme_brands?post=7686"},{"taxonomy":"product_cat","embeddable":true,"href":"https:\/\/ows1.com.br\/dlflores\/wp-json\/wp\/v2\/product_cat?post=7686"},{"taxonomy":"product_tag","embeddable":true,"href":"https:\/\/ows1.com.br\/dlflores\/wp-json\/wp\/v2\/product_tag?post=7686"}],"curies":[{"name":"wp","href":"https:\/\/api.w.org\/{rel}","templated":true}]}}