{"id":7695,"date":"2021-06-16T23:15:51","date_gmt":"2021-06-16T23:15:51","guid":{"rendered":"https:\/\/dlflores.owsweb.online\/?post_type=product&#038;p=7695"},"modified":"2021-07-04T04:31:09","modified_gmt":"2021-07-04T04:31:09","slug":"bonsai-bosque-de-piracanta-15-anos","status":"publish","type":"product","link":"https:\/\/ows1.com.br\/dlflores\/produto\/bonsai-bosque-de-piracanta-15-anos\/","title":{"rendered":"Bonsai Bosque de Piracanta 15 anos"},"content":{"rendered":"<p><img class=\"alignnone size-medium wp-image-7696\" src=\"https:\/\/dlflores.owsweb.online\/wp-content\/uploads\/2021\/06\/bonsai-bosque-piracanta-frt-225x300.jpeg\" alt=\"\" width=\"225\" height=\"300\" srcset=\"https:\/\/ows1.com.br\/dlflores\/wp-content\/uploads\/2021\/06\/bonsai-bosque-piracanta-frt-225x300.jpeg 225w, https:\/\/ows1.com.br\/dlflores\/wp-content\/uploads\/2021\/06\/bonsai-bosque-piracanta-frt-1x1.jpeg 1w, https:\/\/ows1.com.br\/dlflores\/wp-content\/uploads\/2021\/06\/bonsai-bosque-piracanta-frt-8x10.jpeg 8w, https:\/\/ows1.com.br\/dlflores\/wp-content\/uploads\/2021\/06\/bonsai-bosque-piracanta-frt-600x800.jpeg 600w, https:\/\/ows1.com.br\/dlflores\/wp-content\/uploads\/2021\/06\/bonsai-bosque-piracanta-frt.jpeg 768w\" sizes=\"(max-width: 225px) 100vw, 225px\" \/><\/p>\n","protected":false},"excerpt":{"rendered":"<p><strong>Bonsai<\/strong>, os bonsais s\u00e3o cultivados a milhares de anos, tendo inicio na China e propagado at\u00e9 o Jap\u00e3o.<\/p>\n<p>No seu in\u00edcio os bonsais serviam como presentes finos, tendo acesso h\u00e1 pouqu\u00edssimas pessoas. Somente os mais afortunados possu\u00edam ou presenteavam com bonsais. Sendo assim eram e s\u00e3o s\u00edmbolo de status at\u00e9 hoje.<\/p>\n<p>O bonsai consiste em cultivar uma \u00e1rvore idosa em uma bandeja rasa, deixando-a miniatura. Voc\u00ea pode utilizar toda sua criatividade, com o tempo ir modelando a sua \u00e1rvore. Os cuidados s\u00e3o aduba\u00e7\u00e3o a cada tr\u00eas meses, agua duas vezes ao dia, sol, chuva, vento (por ser uma arvore precisa ter contato com \u00e1rea externa).<\/p>\n<p>Essa composi\u00e7\u00e3o \u00e9 um bosque Bonsai de Piracanta. Ela tem uma flora\u00e7\u00e3o linda.<\/p>\n<p>Realmente um bonsai exclusivo com a bandeja extremamente baixa. Para os cultivadores de bonsai isso \u00e9 ideal.<\/p>\n<p>Presenteie com este lindo bonsai, torne em um momento inesquec\u00edvel.<\/p>\n<p><strong>Dimens\u00f5es:<\/strong><\/p>\n<p>Vaso oval:<\/p>\n<p>Altura 3,5 cm<\/p>\n<p>Comprimento: 29cm<\/p>\n<p>Diametro: 75 cm<\/p>\n<p>Planta:<\/p>\n<p>Altura total 28cm<\/p>\n<p>Diametro 33cm<\/p>\n<p>Este Bosque possui 5 troncos<\/p>\n<p>&nbsp;<\/p>\n","protected":false},"featured_media":7696,"comment_status":"open","ping_status":"closed","template":"","meta":[],"etheme_brands":[],"product_cat":[64,66,63],"product_tag":[],"_links":{"self":[{"href":"https:\/\/ows1.com.br\/dlflores\/wp-json\/wp\/v2\/product\/7695"}],"collection":[{"href":"https:\/\/ows1.com.br\/dlflores\/wp-json\/wp\/v2\/product"}],"about":[{"href":"https:\/\/ows1.com.br\/dlflores\/wp-json\/wp\/v2\/types\/product"}],"replies":[{"embeddable":true,"href":"https:\/\/ows1.com.br\/dlflores\/wp-json\/wp\/v2\/comments?post=7695"}],"wp:featuredmedia":[{"embeddable":true,"href":"https:\/\/ows1.com.br\/dlflores\/wp-json\/wp\/v2\/media\/7696"}],"wp:attachment":[{"href":"https:\/\/ows1.com.br\/dlflores\/wp-json\/wp\/v2\/media?parent=7695"}],"wp:term":[{"taxonomy":"brand","embeddable":true,"href":"https:\/\/ows1.com.br\/dlflores\/wp-json\/wp\/v2\/etheme_brands?post=7695"},{"taxonomy":"product_cat","embeddable":true,"href":"https:\/\/ows1.com.br\/dlflores\/wp-json\/wp\/v2\/product_cat?post=7695"},{"taxonomy":"product_tag","embeddable":true,"href":"https:\/\/ows1.com.br\/dlflores\/wp-json\/wp\/v2\/product_tag?post=7695"}],"curies":[{"name":"wp","href":"https:\/\/api.w.org\/{rel}","templated":true}]}}