{"id":7700,"date":"2021-06-16T23:34:51","date_gmt":"2021-06-16T23:34:51","guid":{"rendered":"https:\/\/dlflores.owsweb.online\/?post_type=product&#038;p=7700"},"modified":"2021-10-01T13:28:59","modified_gmt":"2021-10-01T13:28:59","slug":"bonsai-buxus-2-anos","status":"publish","type":"product","link":"https:\/\/ows1.com.br\/dlflores\/produto\/bonsai-buxus-2-anos\/","title":{"rendered":"Bonsai Buxus 2 anos"},"content":{"rendered":"<p><img class=\"alignnone size-medium wp-image-7701\" src=\"https:\/\/dlflores.owsweb.online\/wp-content\/uploads\/2021\/06\/bonsai-buxus-2years-225x300.jpeg\" alt=\"\" width=\"225\" height=\"300\" srcset=\"https:\/\/ows1.com.br\/dlflores\/wp-content\/uploads\/2021\/06\/bonsai-buxus-2years-225x300.jpeg 225w, https:\/\/ows1.com.br\/dlflores\/wp-content\/uploads\/2021\/06\/bonsai-buxus-2years-1x1.jpeg 1w, https:\/\/ows1.com.br\/dlflores\/wp-content\/uploads\/2021\/06\/bonsai-buxus-2years-8x10.jpeg 8w, https:\/\/ows1.com.br\/dlflores\/wp-content\/uploads\/2021\/06\/bonsai-buxus-2years-600x800.jpeg 600w, https:\/\/ows1.com.br\/dlflores\/wp-content\/uploads\/2021\/06\/bonsai-buxus-2years.jpeg 768w\" sizes=\"(max-width: 225px) 100vw, 225px\" \/><\/p>\n","protected":false},"excerpt":{"rendered":"<h4><em><strong>Bonsai<\/strong><\/em>, os bonsais s\u00e3o cultivados a milhares de anos, tendo inicio na China e propagado at\u00e9 o Jap\u00e3o.<\/h4>\n<p>No seu in\u00edcio os bonsais serviam como presentes finos, tendo acesso h\u00e1 pouqu\u00edssimas pessoas. Somente os mais afortunados possu\u00edam ou presenteavam com bonsais. Sendo assim eram e s\u00e3o s\u00edmbolo de status at\u00e9 hoje.<\/p>\n<p>O bonsai consiste em cultivar uma \u00e1rvore idosa em uma bandeja rasa, deixando-a miniatura. Voc\u00ea pode utilizar toda sua criatividade, com o tempo ir modelando a sua \u00e1rvore. Os cuidados s\u00e3o aduba\u00e7\u00e3o a cada tr\u00eas meses, agua duas vezes ao dia, sol, chuva, vento (por ser uma arvore precisa ter contato com \u00e1rea externa).<\/p>\n<p>Esta \u00e1rvore \u00e9 um buxus com 02 anos. Um bonsai novo, ideal para iniciantes. Por ser um arbusto pode ser facilmente modelado. Experimente o prazer em ter um bonsai. Leve a natureza para perto de voc\u00ea.<\/p>\n<h4><strong>Dimens\u00f5es\u00a0<\/strong><\/h4>\n<p>Vaso:<\/p>\n<p>Altura 4 cm<\/p>\n<p>Largura 10,5cm<\/p>\n<p>comprimento 8cm<\/p>\n<h4>Planta:<\/h4>\n<p>Diametro 10cm<\/p>\n<p>Presenteie com esse lindo Beb\u00ea.<\/p>\n","protected":false},"featured_media":7709,"comment_status":"open","ping_status":"closed","template":"","meta":[],"etheme_brands":[],"product_cat":[64,65,66,63],"product_tag":[],"_links":{"self":[{"href":"https:\/\/ows1.com.br\/dlflores\/wp-json\/wp\/v2\/product\/7700"}],"collection":[{"href":"https:\/\/ows1.com.br\/dlflores\/wp-json\/wp\/v2\/product"}],"about":[{"href":"https:\/\/ows1.com.br\/dlflores\/wp-json\/wp\/v2\/types\/product"}],"replies":[{"embeddable":true,"href":"https:\/\/ows1.com.br\/dlflores\/wp-json\/wp\/v2\/comments?post=7700"}],"wp:featuredmedia":[{"embeddable":true,"href":"https:\/\/ows1.com.br\/dlflores\/wp-json\/wp\/v2\/media\/7709"}],"wp:attachment":[{"href":"https:\/\/ows1.com.br\/dlflores\/wp-json\/wp\/v2\/media?parent=7700"}],"wp:term":[{"taxonomy":"brand","embeddable":true,"href":"https:\/\/ows1.com.br\/dlflores\/wp-json\/wp\/v2\/etheme_brands?post=7700"},{"taxonomy":"product_cat","embeddable":true,"href":"https:\/\/ows1.com.br\/dlflores\/wp-json\/wp\/v2\/product_cat?post=7700"},{"taxonomy":"product_tag","embeddable":true,"href":"https:\/\/ows1.com.br\/dlflores\/wp-json\/wp\/v2\/product_tag?post=7700"}],"curies":[{"name":"wp","href":"https:\/\/api.w.org\/{rel}","templated":true}]}}