{"id":7710,"date":"2021-06-16T23:46:29","date_gmt":"2021-06-16T23:46:29","guid":{"rendered":"https:\/\/dlflores.owsweb.online\/?post_type=product&#038;p=7710"},"modified":"2021-06-17T16:23:47","modified_gmt":"2021-06-17T16:23:47","slug":"bonsai-caliandra-12-anos","status":"publish","type":"product","link":"https:\/\/ows1.com.br\/dlflores\/produto\/bonsai-caliandra-12-anos\/","title":{"rendered":"Bonsai Caliandra 12 anos"},"content":{"rendered":"<p><img class=\"alignnone size-medium wp-image-7711\" src=\"https:\/\/dlflores.owsweb.online\/wp-content\/uploads\/2021\/06\/bonsai-caliandra-12-anos-costa-1-225x300.jpeg\" alt=\"\" width=\"225\" height=\"300\" srcset=\"https:\/\/ows1.com.br\/dlflores\/wp-content\/uploads\/2021\/06\/bonsai-caliandra-12-anos-costa-1-225x300.jpeg 225w, https:\/\/ows1.com.br\/dlflores\/wp-content\/uploads\/2021\/06\/bonsai-caliandra-12-anos-costa-1-1x1.jpeg 1w, https:\/\/ows1.com.br\/dlflores\/wp-content\/uploads\/2021\/06\/bonsai-caliandra-12-anos-costa-1-8x10.jpeg 8w, https:\/\/ows1.com.br\/dlflores\/wp-content\/uploads\/2021\/06\/bonsai-caliandra-12-anos-costa-1-600x800.jpeg 600w, https:\/\/ows1.com.br\/dlflores\/wp-content\/uploads\/2021\/06\/bonsai-caliandra-12-anos-costa-1.jpeg 768w\" sizes=\"(max-width: 225px) 100vw, 225px\" \/><\/p>\n","protected":false},"excerpt":{"rendered":"<p><em><strong>Bonsai<\/strong><\/em>, os bonsais s\u00e3o cultivados a milhares de anos, tendo inicio na China e propagado at\u00e9 o Jap\u00e3o.<\/p>\n<p>No seu in\u00edcio os bonsais serviam como presentes finos, tendo acesso h\u00e1 pouqu\u00edssimas pessoas. Somente os mais afortunados possu\u00edam ou presenteavam com bonsais. Sendo assim eram e s\u00e3o s\u00edmbolo de status at\u00e9 hoje.<\/p>\n<p>O bonsai consiste em cultivar uma \u00e1rvore idosa em uma bandeja rasa, deixando-a miniatura. Voc\u00ea pode utilizar toda sua criatividade, com o tempo ir modelando a sua \u00e1rvore. Os cuidados s\u00e3o aduba\u00e7\u00e3o a cada tr\u00eas meses, agua duas vezes ao dia, sol, chuva, vento (por ser uma arvore precisa ter contato com \u00e1rea externa).<\/p>\n<p>Uma linda Caliandra com 12 anos, isso mesmo, uma \u00e1rvore adulta, criada miniatura, para voc\u00ea admirar todos os dias. Um verdadeiro espet\u00e1culo.<\/p>\n<p>Tenha plantas e viva essa energia incrivel.<\/p>\n<p><strong>Dimens\u00f5es:<\/strong><\/p>\n<p>Vaso Oval<\/p>\n<p>altura 7cm<\/p>\n<p>Largura 25cm<\/p>\n<p>Circunfer\u00eancia 74cm<\/p>\n<p><strong>Planta<\/strong><\/p>\n<p>Altura total 42cm<\/p>\n<p>Di\u00e2metro 27cm<\/p>\n<p>&nbsp;<\/p>\n","protected":false},"featured_media":7711,"comment_status":"open","ping_status":"closed","template":"","meta":[],"etheme_brands":[],"product_cat":[64,65,66,63],"product_tag":[],"_links":{"self":[{"href":"https:\/\/ows1.com.br\/dlflores\/wp-json\/wp\/v2\/product\/7710"}],"collection":[{"href":"https:\/\/ows1.com.br\/dlflores\/wp-json\/wp\/v2\/product"}],"about":[{"href":"https:\/\/ows1.com.br\/dlflores\/wp-json\/wp\/v2\/types\/product"}],"replies":[{"embeddable":true,"href":"https:\/\/ows1.com.br\/dlflores\/wp-json\/wp\/v2\/comments?post=7710"}],"wp:featuredmedia":[{"embeddable":true,"href":"https:\/\/ows1.com.br\/dlflores\/wp-json\/wp\/v2\/media\/7711"}],"wp:attachment":[{"href":"https:\/\/ows1.com.br\/dlflores\/wp-json\/wp\/v2\/media?parent=7710"}],"wp:term":[{"taxonomy":"brand","embeddable":true,"href":"https:\/\/ows1.com.br\/dlflores\/wp-json\/wp\/v2\/etheme_brands?post=7710"},{"taxonomy":"product_cat","embeddable":true,"href":"https:\/\/ows1.com.br\/dlflores\/wp-json\/wp\/v2\/product_cat?post=7710"},{"taxonomy":"product_tag","embeddable":true,"href":"https:\/\/ows1.com.br\/dlflores\/wp-json\/wp\/v2\/product_tag?post=7710"}],"curies":[{"name":"wp","href":"https:\/\/api.w.org\/{rel}","templated":true}]}}