{"id":7717,"date":"2021-06-17T00:19:45","date_gmt":"2021-06-17T00:19:45","guid":{"rendered":"https:\/\/dlflores.owsweb.online\/?post_type=product&#038;p=7717"},"modified":"2021-09-06T20:03:10","modified_gmt":"2021-09-06T20:03:10","slug":"bonsai-cereja-ana-12-anos","status":"publish","type":"product","link":"https:\/\/ows1.com.br\/dlflores\/produto\/bonsai-cereja-ana-12-anos\/","title":{"rendered":"Bonsai Cereja An\u00e3 12 anos"},"content":{"rendered":"<p><img class=\"alignnone size-medium wp-image-7719\" src=\"https:\/\/dlflores.owsweb.online\/wp-content\/uploads\/2021\/06\/bonsai-cereja-ana-costa-225x300.jpeg\" alt=\"\" width=\"225\" height=\"300\" srcset=\"https:\/\/ows1.com.br\/dlflores\/wp-content\/uploads\/2021\/06\/bonsai-cereja-ana-costa-225x300.jpeg 225w, https:\/\/ows1.com.br\/dlflores\/wp-content\/uploads\/2021\/06\/bonsai-cereja-ana-costa-1x1.jpeg 1w, https:\/\/ows1.com.br\/dlflores\/wp-content\/uploads\/2021\/06\/bonsai-cereja-ana-costa-8x10.jpeg 8w, https:\/\/ows1.com.br\/dlflores\/wp-content\/uploads\/2021\/06\/bonsai-cereja-ana-costa-600x800.jpeg 600w, https:\/\/ows1.com.br\/dlflores\/wp-content\/uploads\/2021\/06\/bonsai-cereja-ana-costa.jpeg 768w\" sizes=\"(max-width: 225px) 100vw, 225px\" \/><\/p>\n","protected":false},"excerpt":{"rendered":"<p><em><strong>Bonsai<\/strong><\/em>, os bonsais s\u00e3o cultivados a milhares de anos, tendo inicio na China e propagado at\u00e9 o Jap\u00e3o.<\/p>\n<p>No seu in\u00edcio os bonsais serviam como presentes finos, tendo acesso h\u00e1 pouqu\u00edssimas pessoas. Somente os mais afortunados possu\u00edam ou presenteavam com bonsais. Sendo assim eram e s\u00e3o s\u00edmbolo de status at\u00e9 hoje.<\/p>\n<p>O bonsai consiste em cultivar uma \u00e1rvore idosa em uma bandeja rasa, deixando-a miniatura. Voc\u00ea pode utilizar toda sua criatividade, com o tempo ir modelando a sua \u00e1rvore. Os cuidados s\u00e3o aduba\u00e7\u00e3o a cada tr\u00eas meses, agua duas vezes ao dia, sol, chuva, vento (por ser uma arvore precisa ter contato com \u00e1rea externa).<\/p>\n<p>Cerejeira An\u00e3 com 12 anos, uma \u00e1rvore frut\u00edfera na palma da sua m\u00e3o. Impressionante essa miniatura de \u00e1rvore.<\/p>\n<p>Ter um bonsai vai al\u00e9m de cultivar uma \u00e1rvore. Cultivar bonsai \u00e9 dar vida e for\u00e7a a uma cultura milenar.<\/p>\n<p>Dimens\u00f5es<\/p>\n<p>Vaso:<\/p>\n<p>Altura 6cm<\/p>\n<p>Largura 23cm<\/p>\n<p>Comprimento 17cm<\/p>\n<p>Planta:<\/p>\n<p>Altura total 37<\/p>\n<p>di\u00e2metro da copa 33cm<\/p>\n","protected":false},"featured_media":7719,"comment_status":"open","ping_status":"closed","template":"","meta":[],"etheme_brands":[],"product_cat":[64,65,66,63],"product_tag":[],"_links":{"self":[{"href":"https:\/\/ows1.com.br\/dlflores\/wp-json\/wp\/v2\/product\/7717"}],"collection":[{"href":"https:\/\/ows1.com.br\/dlflores\/wp-json\/wp\/v2\/product"}],"about":[{"href":"https:\/\/ows1.com.br\/dlflores\/wp-json\/wp\/v2\/types\/product"}],"replies":[{"embeddable":true,"href":"https:\/\/ows1.com.br\/dlflores\/wp-json\/wp\/v2\/comments?post=7717"}],"wp:featuredmedia":[{"embeddable":true,"href":"https:\/\/ows1.com.br\/dlflores\/wp-json\/wp\/v2\/media\/7719"}],"wp:attachment":[{"href":"https:\/\/ows1.com.br\/dlflores\/wp-json\/wp\/v2\/media?parent=7717"}],"wp:term":[{"taxonomy":"brand","embeddable":true,"href":"https:\/\/ows1.com.br\/dlflores\/wp-json\/wp\/v2\/etheme_brands?post=7717"},{"taxonomy":"product_cat","embeddable":true,"href":"https:\/\/ows1.com.br\/dlflores\/wp-json\/wp\/v2\/product_cat?post=7717"},{"taxonomy":"product_tag","embeddable":true,"href":"https:\/\/ows1.com.br\/dlflores\/wp-json\/wp\/v2\/product_tag?post=7717"}],"curies":[{"name":"wp","href":"https:\/\/api.w.org\/{rel}","templated":true}]}}