{"id":7722,"date":"2021-06-17T00:30:11","date_gmt":"2021-06-17T00:30:11","guid":{"rendered":"https:\/\/dlflores.owsweb.online\/?post_type=product&#038;p=7722"},"modified":"2021-08-01T00:29:35","modified_gmt":"2021-08-01T00:29:35","slug":"bonsai-cotoneaster-5-anos","status":"publish","type":"product","link":"https:\/\/ows1.com.br\/dlflores\/produto\/bonsai-cotoneaster-5-anos\/","title":{"rendered":"Bonsai Cotoneaster 5 anos"},"content":{"rendered":"<p><img class=\"alignnone size-medium wp-image-7723\" src=\"https:\/\/dlflores.owsweb.online\/wp-content\/uploads\/2021\/06\/bonsai-cotoneaster-apiculata-frente-225x300.jpeg\" alt=\"\" width=\"225\" height=\"300\" srcset=\"https:\/\/ows1.com.br\/dlflores\/wp-content\/uploads\/2021\/06\/bonsai-cotoneaster-apiculata-frente-225x300.jpeg 225w, https:\/\/ows1.com.br\/dlflores\/wp-content\/uploads\/2021\/06\/bonsai-cotoneaster-apiculata-frente-1x1.jpeg 1w, https:\/\/ows1.com.br\/dlflores\/wp-content\/uploads\/2021\/06\/bonsai-cotoneaster-apiculata-frente-8x10.jpeg 8w, https:\/\/ows1.com.br\/dlflores\/wp-content\/uploads\/2021\/06\/bonsai-cotoneaster-apiculata-frente-600x800.jpeg 600w, https:\/\/ows1.com.br\/dlflores\/wp-content\/uploads\/2021\/06\/bonsai-cotoneaster-apiculata-frente.jpeg 768w\" sizes=\"(max-width: 225px) 100vw, 225px\" \/><\/p>\n","protected":false},"excerpt":{"rendered":"<p><em><strong>Bonsai<\/strong><\/em>, os bonsais s\u00e3o cultivados a milhares de anos, tendo inicio na China e propagado at\u00e9 o Jap\u00e3o.<\/p>\n<p>No seu in\u00edcio os bonsais serviam como presentes finos, tendo acesso h\u00e1 pouqu\u00edssimas pessoas. Somente os mais afortunados possu\u00edam ou presenteavam com bonsais. Sendo assim eram e s\u00e3o s\u00edmbolo de status at\u00e9 hoje.<\/p>\n<p>O bonsai consiste em cultivar uma \u00e1rvore idosa em uma bandeja rasa, deixando-a miniatura. Voc\u00ea pode utilizar toda sua criatividade, com o tempo ir modelando a sua \u00e1rvore. Os cuidados s\u00e3o aduba\u00e7\u00e3o a cada tr\u00eas meses, agua duas vezes ao dia, sol, chuva, vento (por ser uma arvore precisa ter contato com \u00e1rea externa).<\/p>\n<p>&nbsp;<\/p>\n<p>5 anos tem este belo cotoneaster, uma \u00e1rvore incr\u00edvel, linda com um fruto vermelho (n\u00e3o comest\u00edvel)<\/p>\n<p>Plantado em um vaso de cer\u00e2mica esmaltado na cor azul.<\/p>\n<p>Essa \u00e1rvore possui dimens\u00f5es de:<\/p>\n<p>Vaso:<\/p>\n<p>altura 4,5cm<\/p>\n<p>largura 25cm<\/p>\n<p>comprimento 12cm<\/p>\n<p>Planta<\/p>\n<p>altura total 27cm<\/p>\n<p>Cultive uma \u00e1rvore na palma da sua m\u00e3o<\/p>\n<p>&nbsp;<\/p>\n<p>&nbsp;<\/p>\n","protected":false},"featured_media":7723,"comment_status":"open","ping_status":"closed","template":"","meta":[],"etheme_brands":[],"product_cat":[64,65,66,63],"product_tag":[],"_links":{"self":[{"href":"https:\/\/ows1.com.br\/dlflores\/wp-json\/wp\/v2\/product\/7722"}],"collection":[{"href":"https:\/\/ows1.com.br\/dlflores\/wp-json\/wp\/v2\/product"}],"about":[{"href":"https:\/\/ows1.com.br\/dlflores\/wp-json\/wp\/v2\/types\/product"}],"replies":[{"embeddable":true,"href":"https:\/\/ows1.com.br\/dlflores\/wp-json\/wp\/v2\/comments?post=7722"}],"wp:featuredmedia":[{"embeddable":true,"href":"https:\/\/ows1.com.br\/dlflores\/wp-json\/wp\/v2\/media\/7723"}],"wp:attachment":[{"href":"https:\/\/ows1.com.br\/dlflores\/wp-json\/wp\/v2\/media?parent=7722"}],"wp:term":[{"taxonomy":"brand","embeddable":true,"href":"https:\/\/ows1.com.br\/dlflores\/wp-json\/wp\/v2\/etheme_brands?post=7722"},{"taxonomy":"product_cat","embeddable":true,"href":"https:\/\/ows1.com.br\/dlflores\/wp-json\/wp\/v2\/product_cat?post=7722"},{"taxonomy":"product_tag","embeddable":true,"href":"https:\/\/ows1.com.br\/dlflores\/wp-json\/wp\/v2\/product_tag?post=7722"}],"curies":[{"name":"wp","href":"https:\/\/api.w.org\/{rel}","templated":true}]}}