{"id":7744,"date":"2021-06-17T18:04:30","date_gmt":"2021-06-17T18:04:30","guid":{"rendered":"https:\/\/dlflores.owsweb.online\/?post_type=product&#038;p=7744"},"modified":"2021-08-01T00:29:35","modified_gmt":"2021-08-01T00:29:35","slug":"bonsai-serissa-6-anos","status":"publish","type":"product","link":"https:\/\/ows1.com.br\/dlflores\/produto\/bonsai-serissa-6-anos\/","title":{"rendered":"Bonsai Serissa 6 anos"},"content":{"rendered":"","protected":false},"excerpt":{"rendered":"<p><em><strong>Bonsai<\/strong><\/em>, os bonsais s\u00e3o cultivados a milhares de anos, tendo inicio na China e propagado at\u00e9 o Jap\u00e3o.<\/p>\n<p>No seu in\u00edcio os bonsais serviam como presentes finos, tendo acesso h\u00e1 pouqu\u00edssimas pessoas. Somente os mais afortunados possu\u00edam ou presenteavam com bonsais. Sendo assim eram e s\u00e3o s\u00edmbolo de status at\u00e9 hoje.<\/p>\n<p>O bonsai consiste em cultivar uma \u00e1rvore idosa em uma bandeja rasa, deixando-a miniatura. Voc\u00ea pode utilizar toda sua criatividade, com o tempo ir modelando a sua \u00e1rvore. Os cuidados s\u00e3o aduba\u00e7\u00e3o a cada tr\u00eas meses, agua duas vezes ao dia, sol, chuva, vento (por ser uma arvore precisa ter contato com \u00e1rea externa).<\/p>\n<p>&nbsp;<\/p>\n<p>Essa beleza \u00e9 uma Serissa com flora\u00e7\u00e3o cor de branca. Linda, elegante e com flores. Essa \u00e1rvore ira encantar o lugar por onde enfeitar. Ver sua flora\u00e7\u00e3o todo ano traz uma sensa\u00e7\u00e3o \u00fanica.<\/p>\n<p>Viva com a natureza por perto. Mande flores, elas tornam um dia normal em um momento \u00fanico.<\/p>\n<p>Plantada em um vaso de cer\u00e2mica esmaltado na cor branca ou azul.<\/p>\n<p><strong>Dimens\u00f5es:\u00a0<\/strong><\/p>\n<p>Vaso:\u00a0 18&#215;11 cm com 5 cm de altura<\/p>\n<p>Planta:<\/p>\n<p>Altura total 30cm<\/p>\n<p>Di\u00e2metro da copa 23 cm<\/p>\n<p>Linda, com tronco trabalhado, ela floresce e alegra qualquer ambiente.<\/p>\n","protected":false},"featured_media":7746,"comment_status":"open","ping_status":"closed","template":"","meta":[],"etheme_brands":[],"product_cat":[64,69,65,66,63],"product_tag":[],"_links":{"self":[{"href":"https:\/\/ows1.com.br\/dlflores\/wp-json\/wp\/v2\/product\/7744"}],"collection":[{"href":"https:\/\/ows1.com.br\/dlflores\/wp-json\/wp\/v2\/product"}],"about":[{"href":"https:\/\/ows1.com.br\/dlflores\/wp-json\/wp\/v2\/types\/product"}],"replies":[{"embeddable":true,"href":"https:\/\/ows1.com.br\/dlflores\/wp-json\/wp\/v2\/comments?post=7744"}],"wp:featuredmedia":[{"embeddable":true,"href":"https:\/\/ows1.com.br\/dlflores\/wp-json\/wp\/v2\/media\/7746"}],"wp:attachment":[{"href":"https:\/\/ows1.com.br\/dlflores\/wp-json\/wp\/v2\/media?parent=7744"}],"wp:term":[{"taxonomy":"brand","embeddable":true,"href":"https:\/\/ows1.com.br\/dlflores\/wp-json\/wp\/v2\/etheme_brands?post=7744"},{"taxonomy":"product_cat","embeddable":true,"href":"https:\/\/ows1.com.br\/dlflores\/wp-json\/wp\/v2\/product_cat?post=7744"},{"taxonomy":"product_tag","embeddable":true,"href":"https:\/\/ows1.com.br\/dlflores\/wp-json\/wp\/v2\/product_tag?post=7744"}],"curies":[{"name":"wp","href":"https:\/\/api.w.org\/{rel}","templated":true}]}}