{"id":7763,"date":"2021-06-17T18:27:39","date_gmt":"2021-06-17T18:27:39","guid":{"rendered":"https:\/\/dlflores.owsweb.online\/?post_type=product&#038;p=7763"},"modified":"2021-08-01T00:29:35","modified_gmt":"2021-08-01T00:29:35","slug":"bonsai-shimpaku-4-anos","status":"publish","type":"product","link":"https:\/\/ows1.com.br\/dlflores\/produto\/bonsai-shimpaku-4-anos\/","title":{"rendered":"BONSAI SHIMPAKU 4 ANOS"},"content":{"rendered":"","protected":false},"excerpt":{"rendered":"<p><em><strong>Bonsai<\/strong><\/em>, os bonsais s\u00e3o cultivados a milhares de anos, tendo inicio na China e propagado at\u00e9 o Jap\u00e3o.<\/p>\n<p>No seu in\u00edcio os bonsais serviam como presentes finos, tendo acesso h\u00e1 pouqu\u00edssimas pessoas. Somente os mais afortunados possu\u00edam ou presenteavam com bonsais. Sendo assim eram e s\u00e3o s\u00edmbolo de status at\u00e9 hoje.<\/p>\n<p>O bonsai consiste em cultivar uma \u00e1rvore idosa em uma bandeja rasa, deixando-a miniatura. Voc\u00ea pode utilizar toda sua criatividade, com o tempo ir modelando a sua \u00e1rvore. Os cuidados s\u00e3o aduba\u00e7\u00e3o a cada tr\u00eas meses, agua duas vezes ao dia, sol, chuva, vento (por ser uma arvore precisa ter contato com \u00e1rea externa).<\/p>\n<p>&nbsp;<\/p>\n<p>Shimpaku, uma das esp\u00e9cies mais procuradas em fun\u00e7\u00e3o de sua est\u00e9tica, crescimento e facilidade para modela\u00e7\u00f5es. O famoso Shimpaku est\u00e1 presente em diversos pa\u00edses, servindo como um dos s\u00edmbolos dessa grande cultura que \u00e9 a de cultivar Bonsais.<\/p>\n<p>Shimpaku 4 anos.<\/p>\n<p>Plantado em um vaso de cer\u00e2mica esmaltada.<\/p>\n<p>Dimens\u00f5es do vaso:<\/p>\n<p>15&#215;11 cm com 5 cm de altura.<\/p>\n<p>Dimens\u00f5es da planta:<\/p>\n<p>Altura total 20cm<\/p>\n<p>Di\u00e2metro da copa 18cm<\/p>\n<p>Envie de presente essa linda \u00e1rvore e al\u00e9m de um presente, de for\u00e7a a uma cultura milenar.<\/p>\n","protected":false},"featured_media":7765,"comment_status":"open","ping_status":"closed","template":"","meta":[],"etheme_brands":[],"product_cat":[64,65,66,63],"product_tag":[],"_links":{"self":[{"href":"https:\/\/ows1.com.br\/dlflores\/wp-json\/wp\/v2\/product\/7763"}],"collection":[{"href":"https:\/\/ows1.com.br\/dlflores\/wp-json\/wp\/v2\/product"}],"about":[{"href":"https:\/\/ows1.com.br\/dlflores\/wp-json\/wp\/v2\/types\/product"}],"replies":[{"embeddable":true,"href":"https:\/\/ows1.com.br\/dlflores\/wp-json\/wp\/v2\/comments?post=7763"}],"wp:featuredmedia":[{"embeddable":true,"href":"https:\/\/ows1.com.br\/dlflores\/wp-json\/wp\/v2\/media\/7765"}],"wp:attachment":[{"href":"https:\/\/ows1.com.br\/dlflores\/wp-json\/wp\/v2\/media?parent=7763"}],"wp:term":[{"taxonomy":"brand","embeddable":true,"href":"https:\/\/ows1.com.br\/dlflores\/wp-json\/wp\/v2\/etheme_brands?post=7763"},{"taxonomy":"product_cat","embeddable":true,"href":"https:\/\/ows1.com.br\/dlflores\/wp-json\/wp\/v2\/product_cat?post=7763"},{"taxonomy":"product_tag","embeddable":true,"href":"https:\/\/ows1.com.br\/dlflores\/wp-json\/wp\/v2\/product_tag?post=7763"}],"curies":[{"name":"wp","href":"https:\/\/api.w.org\/{rel}","templated":true}]}}