{"id":7799,"date":"2021-06-17T21:44:28","date_gmt":"2021-06-17T21:44:28","guid":{"rendered":"https:\/\/dlflores.owsweb.online\/?post_type=product&#038;p=7799"},"modified":"2021-08-01T00:29:35","modified_gmt":"2021-08-01T00:29:35","slug":"buque-com-12-rosas-importadas-mais-eucalipto","status":"publish","type":"product","link":"https:\/\/ows1.com.br\/dlflores\/produto\/buque-com-12-rosas-importadas-mais-eucalipto\/","title":{"rendered":"Buque com 12 rosas importadas mais Eucalipto"},"content":{"rendered":"<p><strong>DESCRI\u00c7\u00c3O<\/strong><\/p>\n<p>Buqu\u00ea com 12 rosas colombianas estilo compacto.<\/p>\n<p>Esse buqu\u00ea \u00e9 lindo, elegante e glamuroso. Sendo montado no estilo compacto acaba n\u00e3o sendo em um tamanho t\u00e3o grande, ideal para entregar em jantares, reuni\u00f5es, TCC&#8230;<\/p>\n<p>Produzido com Rosas importadas, aspargos e gipsophila mais eucalipto.<\/p>\n<p>Embalado em papel celofane transparente, com la\u00e7o em tecelagem.<\/p>\n<p>Montado a m\u00e3o, com muito carinho para o seu amor.<\/p>\n<p>As rosas colombianas s\u00e3o consideradas as mais lindas de todo o planeta, voc\u00ea sabe por que isso \u00e9 poss\u00edvel?<\/p>\n<p>O que contribui s\u00e3o alguns fatores, sendo: Solo rico, altitude elevada (em torno de 2.600 metros ao n\u00edvel do mar) isso faz com que as rosas recebam mais calor, energia e luminosidade. A temperatura tamb\u00e9m \u00e9 ideal, estando na faixa dos 15 graus Celsius, sendo assim a rosa leva o tempo necess\u00e1rio para crescer e se desenvolver.<\/p>\n<p>Al\u00e9m de lindas, com cores mais vibrantes, as rosas importadas tamb\u00e9m contam com uma durabilidade superior.<\/p>\n<p>Aqui voc\u00ea encontra tradi\u00e7\u00e3o, carinho e qualidade.<\/p>\n<p>Demonstre seu amor, envie esse lindo buqu\u00ea.<\/p>\n<p>Dimens\u00f5es:<\/p>\n<p>Altura 32cm<\/p>\n<p>Di\u00e2metro 27 cm<\/p>\n","protected":false},"excerpt":{"rendered":"<p><strong>DESCRI\u00c7\u00c3O<\/strong><\/p>\n<p>Buqu\u00ea com 12 rosas colombianas estilo compacto.<\/p>\n<p>Esse buqu\u00ea \u00e9 lindo, elegante e glamuroso. Sendo montado no estilo compacto acaba n\u00e3o sendo em um tamanho t\u00e3o grande, ideal para entregar em jantares, reuni\u00f5es, TCC&#8230;<\/p>\n<p>Produzido com Rosas importadas, aspargos e gipsophila mais eucalipto.<\/p>\n<p>Embalado em papel celofane transparente, com la\u00e7o em tecelagem.<\/p>\n<p>Montado a m\u00e3o, com muito carinho para o seu amor.<\/p>\n<p>As rosas colombianas s\u00e3o consideradas as mais lindas de todo o planeta, voc\u00ea sabe por que isso \u00e9 poss\u00edvel?<\/p>\n<p>O que contribui s\u00e3o alguns fatores, sendo: Solo rico, altitude elevada (em torno de 2.600 metros ao n\u00edvel do mar) isso faz com que as rosas recebam mais calor, energia e luminosidade. A temperatura tamb\u00e9m \u00e9 ideal, estando na faixa dos 15 graus Celsius, sendo assim a rosa leva o tempo necess\u00e1rio para crescer e se desenvolver.<\/p>\n<p>Al\u00e9m de lindas, com cores mais vibrantes, as rosas importadas tamb\u00e9m contam com uma durabilidade superior.<\/p>\n<p>Aqui voc\u00ea encontra tradi\u00e7\u00e3o, carinho e qualidade.<\/p>\n<p>Demonstre seu amor, envie esse lindo buqu\u00ea.<\/p>\n<p>Dimens\u00f5es:<\/p>\n<p>Altura 32cm<\/p>\n<p>Di\u00e2metro 27 cm<\/p>\n","protected":false},"featured_media":7800,"comment_status":"open","ping_status":"closed","template":"","meta":[],"etheme_brands":[],"product_cat":[80,73,74,69],"product_tag":[],"_links":{"self":[{"href":"https:\/\/ows1.com.br\/dlflores\/wp-json\/wp\/v2\/product\/7799"}],"collection":[{"href":"https:\/\/ows1.com.br\/dlflores\/wp-json\/wp\/v2\/product"}],"about":[{"href":"https:\/\/ows1.com.br\/dlflores\/wp-json\/wp\/v2\/types\/product"}],"replies":[{"embeddable":true,"href":"https:\/\/ows1.com.br\/dlflores\/wp-json\/wp\/v2\/comments?post=7799"}],"wp:featuredmedia":[{"embeddable":true,"href":"https:\/\/ows1.com.br\/dlflores\/wp-json\/wp\/v2\/media\/7800"}],"wp:attachment":[{"href":"https:\/\/ows1.com.br\/dlflores\/wp-json\/wp\/v2\/media?parent=7799"}],"wp:term":[{"taxonomy":"brand","embeddable":true,"href":"https:\/\/ows1.com.br\/dlflores\/wp-json\/wp\/v2\/etheme_brands?post=7799"},{"taxonomy":"product_cat","embeddable":true,"href":"https:\/\/ows1.com.br\/dlflores\/wp-json\/wp\/v2\/product_cat?post=7799"},{"taxonomy":"product_tag","embeddable":true,"href":"https:\/\/ows1.com.br\/dlflores\/wp-json\/wp\/v2\/product_tag?post=7799"}],"curies":[{"name":"wp","href":"https:\/\/api.w.org\/{rel}","templated":true}]}}