{"id":7811,"date":"2021-06-17T22:11:09","date_gmt":"2021-06-17T22:11:09","guid":{"rendered":"https:\/\/dlflores.owsweb.online\/?post_type=product&#038;p=7811"},"modified":"2021-09-06T20:03:10","modified_gmt":"2021-09-06T20:03:10","slug":"buque-gigante-com-24-rosas-importadas","status":"publish","type":"product","link":"https:\/\/ows1.com.br\/dlflores\/produto\/buque-gigante-com-24-rosas-importadas\/","title":{"rendered":"Buque gigante com 24 rosas importadas."},"content":{"rendered":"","protected":false},"excerpt":{"rendered":"<p>DESCRI\u00c7\u00c3O<\/p>\n<p>Buque gigante com 24 rosas colombianas.<\/p>\n<p>Produzido com verdes e gipsophila.<\/p>\n<p>Montado a m\u00e3o com muito carinho, para o teu amor.<\/p>\n<p>Embalado em papel celofane transparente, la\u00e7o em cetim.<\/p>\n<p>CORTESIA: Pel\u00facia em formato de cora\u00e7\u00e3o.<\/p>\n<p>Excelente para surpreender quem voc\u00ea ama.<\/p>\n<p>As rosas colombianas s\u00e3o consideradas as mais lindas de todo o planeta, voc\u00ea sabe por que isso \u00e9 poss\u00edvel?<\/p>\n<p>O que contribui s\u00e3o alguns fatores, sendo: Solo rico, altitude elevada (em torno de 2.600 metros ao n\u00edvel do mar) isso faz com que as rosas recebam mais calor, energia e luminosidade. A temperatura tamb\u00e9m \u00e9 ideal, estando na faixa dos 15 graus Celsius, sendo assim a rosa leva o tempo necess\u00e1rio para crescer e se desenvolver.<\/p>\n<p>Al\u00e9m de lindas, com cores mais vibrantes, as rosas importadas tamb\u00e9m contam com uma durabilidade superior.<\/p>\n<p>Aqui voc\u00ea encontra tradi\u00e7\u00e3o, carinho e qualidade.<\/p>\n<p>Demonstre seu amor, envie esse lindo buqu\u00ea.<\/p>\n<p>Dimens\u00f5es:<\/p>\n<p>Altura 58cm<\/p>\n<p>Di\u00e2metro 57cm<\/p>\n<p>Circunfer\u00eancia 182cm.<\/p>\n<p>T\u00e3o grande quanto o seu amor.<\/p>\n","protected":false},"featured_media":7806,"comment_status":"open","ping_status":"closed","template":"","meta":[],"etheme_brands":[],"product_cat":[80,73,74,69],"product_tag":[],"_links":{"self":[{"href":"https:\/\/ows1.com.br\/dlflores\/wp-json\/wp\/v2\/product\/7811"}],"collection":[{"href":"https:\/\/ows1.com.br\/dlflores\/wp-json\/wp\/v2\/product"}],"about":[{"href":"https:\/\/ows1.com.br\/dlflores\/wp-json\/wp\/v2\/types\/product"}],"replies":[{"embeddable":true,"href":"https:\/\/ows1.com.br\/dlflores\/wp-json\/wp\/v2\/comments?post=7811"}],"wp:featuredmedia":[{"embeddable":true,"href":"https:\/\/ows1.com.br\/dlflores\/wp-json\/wp\/v2\/media\/7806"}],"wp:attachment":[{"href":"https:\/\/ows1.com.br\/dlflores\/wp-json\/wp\/v2\/media?parent=7811"}],"wp:term":[{"taxonomy":"brand","embeddable":true,"href":"https:\/\/ows1.com.br\/dlflores\/wp-json\/wp\/v2\/etheme_brands?post=7811"},{"taxonomy":"product_cat","embeddable":true,"href":"https:\/\/ows1.com.br\/dlflores\/wp-json\/wp\/v2\/product_cat?post=7811"},{"taxonomy":"product_tag","embeddable":true,"href":"https:\/\/ows1.com.br\/dlflores\/wp-json\/wp\/v2\/product_tag?post=7811"}],"curies":[{"name":"wp","href":"https:\/\/api.w.org\/{rel}","templated":true}]}}