{"id":7822,"date":"2021-06-17T23:04:37","date_gmt":"2021-06-17T23:04:37","guid":{"rendered":"https:\/\/dlflores.owsweb.online\/?post_type=product&#038;p=7822"},"modified":"2022-06-18T04:33:50","modified_gmt":"2022-06-18T04:33:50","slug":"cachepo-com-orquideas-e-fortuna","status":"publish","type":"product","link":"https:\/\/ows1.com.br\/dlflores\/produto\/cachepo-com-orquideas-e-fortuna\/","title":{"rendered":"Cachep\u00f4 com orqu\u00eddeas e fortuna"},"content":{"rendered":"<p>Cachep\u00f4 em madeira com duas orqu\u00eddeas phalaenopsis, grandes com duas pencas.<\/p>\n<p>Decorado com juta, papeis e la\u00e7o. Utilizando uma flor da fortuna na composi\u00e7\u00e3o.<\/p>\n<p>Orqu\u00eddea phalaenopsis, talvez a mais famosa das orqu\u00eddeas. Conhecida pelos seus tons, cores, modelos e durabilidade. Estimasse que o cultivo de orqu\u00eddeas tenha mais de 5.000 mil anos, passando por muitas eras, imp\u00e9rios, casas, pal\u00e1cios e chegando at\u00e9 n\u00f3s, semanalmente lindas op\u00e7\u00f5es de orqu\u00eddeas.<\/p>\n<p>A phalaenopsis, deve ser plantada com substrato ideal, sendo cascas de \u00e1rvores, fibras e alguns nutrientes necess\u00e1rios. (n\u00e3o deve utilizar terra).<\/p>\n<p>Gosta de local claro, por\u00e9m sem o sol direto.<\/p>\n<p>\u00c1gua deve ser controlada, em torno de 150ml por semana de acordo com a humidade do local que est\u00e1 exposta.<\/p>\n<p>Tempo estimado da flora\u00e7\u00e3o, entre 60 e 90 dias, florescendo todo ano, novas pencas e flores.<\/p>\n<p>N\u00e3o espere para depois, demonstre seu amor agora.<\/p>\n<p>Dimens\u00f5es:<\/p>\n<p>Cachep\u00f4 em madeira, formato oval com di\u00e2metro de 39cm x 15cm de altura.<\/p>\n<p>Plantas:<\/p>\n<p>kalanchoe 25cm de altura<\/p>\n<p>Orqu\u00eddeas com 62cm de altura<\/p>\n<p>Flores com m\u00e9dia de 7cm<\/p>\n<p>Uma composi\u00e7\u00e3o incr\u00edvel.<\/p>\n<p>OBS: o tom das orqu\u00eddeas pode variar de acordo com a semana.<\/p>\n","protected":false},"excerpt":{"rendered":"<p>Cachep\u00f4 em madeira com duas orqu\u00eddeas phalaenopsis, grandes com duas pencas. Decorado com juta, papeis e la\u00e7o. Utilizando uma flor da fortuna na composi\u00e7\u00e3o. Orqu\u00eddea&#8230;<\/p>\n","protected":false},"featured_media":7829,"comment_status":"open","ping_status":"closed","template":"","meta":[],"etheme_brands":[],"product_cat":[80,58,69,78,65,67,63],"product_tag":[],"_links":{"self":[{"href":"https:\/\/ows1.com.br\/dlflores\/wp-json\/wp\/v2\/product\/7822"}],"collection":[{"href":"https:\/\/ows1.com.br\/dlflores\/wp-json\/wp\/v2\/product"}],"about":[{"href":"https:\/\/ows1.com.br\/dlflores\/wp-json\/wp\/v2\/types\/product"}],"replies":[{"embeddable":true,"href":"https:\/\/ows1.com.br\/dlflores\/wp-json\/wp\/v2\/comments?post=7822"}],"wp:featuredmedia":[{"embeddable":true,"href":"https:\/\/ows1.com.br\/dlflores\/wp-json\/wp\/v2\/media\/7829"}],"wp:attachment":[{"href":"https:\/\/ows1.com.br\/dlflores\/wp-json\/wp\/v2\/media?parent=7822"}],"wp:term":[{"taxonomy":"brand","embeddable":true,"href":"https:\/\/ows1.com.br\/dlflores\/wp-json\/wp\/v2\/etheme_brands?post=7822"},{"taxonomy":"product_cat","embeddable":true,"href":"https:\/\/ows1.com.br\/dlflores\/wp-json\/wp\/v2\/product_cat?post=7822"},{"taxonomy":"product_tag","embeddable":true,"href":"https:\/\/ows1.com.br\/dlflores\/wp-json\/wp\/v2\/product_tag?post=7822"}],"curies":[{"name":"wp","href":"https:\/\/api.w.org\/{rel}","templated":true}]}}