{"id":7844,"date":"2021-06-18T00:32:41","date_gmt":"2021-06-18T00:32:41","guid":{"rendered":"https:\/\/dlflores.owsweb.online\/?post_type=product&#038;p=7844"},"modified":"2021-08-01T00:29:35","modified_gmt":"2021-08-01T00:29:35","slug":"orquidea-phalaenopsis-em-cachepot","status":"publish","type":"product","link":"https:\/\/ows1.com.br\/dlflores\/produto\/orquidea-phalaenopsis-em-cachepot\/","title":{"rendered":"Orqu\u00eddea phalaenopsis em cachepot."},"content":{"rendered":"","protected":false},"excerpt":{"rendered":"<p>DESCRI\u00c7\u00c3O:<\/p>\n<p>Orqu\u00eddea Phalaenopsis uma penca, premium.<\/p>\n<p>Em um cachep\u00f4 de mdf laqueado com espelho, recortado a laser.<\/p>\n<p>Decorada com vime, celofane, pap\u00e9is e la\u00e7o.<\/p>\n<p>Orqu\u00eddea phalaenopsis, talvez a mais famosa das orqu\u00eddeas. Conhecida pelos seus tons, cores, modelos e durabilidade. Estimasse que o cultivo de orqu\u00eddeas tenha mais de 5.000 mil anos, passando por muitas eras, imp\u00e9rios, casas, pal\u00e1cios e chegando at\u00e9 n\u00f3s, semanalmente lindas op\u00e7\u00f5es de orqu\u00eddeas.<\/p>\n<p>A phalaenopsis, deve ser plantada com substrato ideal, sendo cascas de \u00e1rvores, fibras e alguns nutrientes necess\u00e1rios. (n\u00e3o deve utilizar terra).<\/p>\n<p>Gosta de local claro, por\u00e9m sem o sol direto.<\/p>\n<p>\u00c1gua deve ser controlada, em torno de 150ml por semana de acordo com a humidade do local que est\u00e1 exposta.<\/p>\n<p>Tempo estimado da flora\u00e7\u00e3o, entre 60 e 90 dias, florescendo todo ano, novas pencas e flores.<\/p>\n<p>N\u00e3o espere para depois, demonstre seu amor agora.<\/p>\n<p>Dimens\u00f5es:<\/p>\n<p>Cachep\u00f4: 16x17cm com 15cm de altura<\/p>\n<p>Orqu\u00eddea: 68cm<\/p>\n<p>Flores medindo em torno de 8cm cada.<\/p>\n<p>Realmente uma maravilha da natureza.<\/p>\n<p>&#8220;N\u00e3o deixe para amanh\u00e3 o sorriso que pode conseguir de algu\u00e9m hoje&#8221;<\/p>\n<p>&nbsp;<\/p>\n","protected":false},"featured_media":7846,"comment_status":"open","ping_status":"closed","template":"","meta":[],"etheme_brands":[],"product_cat":[15],"product_tag":[],"_links":{"self":[{"href":"https:\/\/ows1.com.br\/dlflores\/wp-json\/wp\/v2\/product\/7844"}],"collection":[{"href":"https:\/\/ows1.com.br\/dlflores\/wp-json\/wp\/v2\/product"}],"about":[{"href":"https:\/\/ows1.com.br\/dlflores\/wp-json\/wp\/v2\/types\/product"}],"replies":[{"embeddable":true,"href":"https:\/\/ows1.com.br\/dlflores\/wp-json\/wp\/v2\/comments?post=7844"}],"wp:featuredmedia":[{"embeddable":true,"href":"https:\/\/ows1.com.br\/dlflores\/wp-json\/wp\/v2\/media\/7846"}],"wp:attachment":[{"href":"https:\/\/ows1.com.br\/dlflores\/wp-json\/wp\/v2\/media?parent=7844"}],"wp:term":[{"taxonomy":"brand","embeddable":true,"href":"https:\/\/ows1.com.br\/dlflores\/wp-json\/wp\/v2\/etheme_brands?post=7844"},{"taxonomy":"product_cat","embeddable":true,"href":"https:\/\/ows1.com.br\/dlflores\/wp-json\/wp\/v2\/product_cat?post=7844"},{"taxonomy":"product_tag","embeddable":true,"href":"https:\/\/ows1.com.br\/dlflores\/wp-json\/wp\/v2\/product_tag?post=7844"}],"curies":[{"name":"wp","href":"https:\/\/api.w.org\/{rel}","templated":true}]}}