{"id":7850,"date":"2021-06-18T00:59:26","date_gmt":"2021-06-18T00:59:26","guid":{"rendered":"https:\/\/dlflores.owsweb.online\/?post_type=product&#038;p=7850"},"modified":"2021-08-01T00:29:35","modified_gmt":"2021-08-01T00:29:35","slug":"anturio-m-em-cachepo","status":"publish","type":"product","link":"https:\/\/ows1.com.br\/dlflores\/produto\/anturio-m-em-cachepo\/","title":{"rendered":"Ant\u00fario M em cachep\u00f4"},"content":{"rendered":"","protected":false},"excerpt":{"rendered":"<p>DESCRI\u00c7\u00c3O:<\/p>\n<p>Ant\u00fario, uma planta elegante, nobre e duradoura.<\/p>\n<p>De f\u00e1cil cuidado sendo uma planta interna, necessitando de rega 4 vezes na semana.<\/p>\n<p>N\u00e3o gosta de sol e deve ser cultivada sem excessos de \u00e1gua. Mas curiosamente, tamb\u00e9m pode ser feita a cultiva hidrop\u00f4nica, podendo ficar com as ra\u00edzes submersas.<\/p>\n<p>Remete nobreza, riqueza e acredita-se que o Ant\u00fario atrai fertilidade.<\/p>\n<p>E a\u00ed, pensando em aumentar a fam\u00edlia, envie um ant\u00fario de presente.<\/p>\n<p>Este Ant\u00fario lindo vermelho, conta com um cachep\u00f4 em madeira.<\/p>\n<p>Embalagem em celofanes e ceda.<\/p>\n<p>La\u00e7o em fita pl\u00e1stica.<\/p>\n<p>Decorado a m\u00e3o, com muito capricho para voc\u00ea.<\/p>\n<p>Dimens\u00f5es:<\/p>\n<p>cachep\u00f4 19x14cm<\/p>\n<p>Altura da planta 46cm<\/p>\n<p>Tamanho das flores em m\u00e9dia 6cm cada.<\/p>\n<p>O Ant\u00fario \u00e9 famoso pela sua durabilidade e resist\u00eancia das flores.<\/p>\n","protected":false},"featured_media":7859,"comment_status":"open","ping_status":"closed","template":"","meta":[],"etheme_brands":[],"product_cat":[69,65,66,63],"product_tag":[],"_links":{"self":[{"href":"https:\/\/ows1.com.br\/dlflores\/wp-json\/wp\/v2\/product\/7850"}],"collection":[{"href":"https:\/\/ows1.com.br\/dlflores\/wp-json\/wp\/v2\/product"}],"about":[{"href":"https:\/\/ows1.com.br\/dlflores\/wp-json\/wp\/v2\/types\/product"}],"replies":[{"embeddable":true,"href":"https:\/\/ows1.com.br\/dlflores\/wp-json\/wp\/v2\/comments?post=7850"}],"wp:featuredmedia":[{"embeddable":true,"href":"https:\/\/ows1.com.br\/dlflores\/wp-json\/wp\/v2\/media\/7859"}],"wp:attachment":[{"href":"https:\/\/ows1.com.br\/dlflores\/wp-json\/wp\/v2\/media?parent=7850"}],"wp:term":[{"taxonomy":"brand","embeddable":true,"href":"https:\/\/ows1.com.br\/dlflores\/wp-json\/wp\/v2\/etheme_brands?post=7850"},{"taxonomy":"product_cat","embeddable":true,"href":"https:\/\/ows1.com.br\/dlflores\/wp-json\/wp\/v2\/product_cat?post=7850"},{"taxonomy":"product_tag","embeddable":true,"href":"https:\/\/ows1.com.br\/dlflores\/wp-json\/wp\/v2\/product_tag?post=7850"}],"curies":[{"name":"wp","href":"https:\/\/api.w.org\/{rel}","templated":true}]}}