{"id":7860,"date":"2021-06-18T12:55:37","date_gmt":"2021-06-18T12:55:37","guid":{"rendered":"https:\/\/dlflores.owsweb.online\/?post_type=product&#038;p=7860"},"modified":"2021-06-18T19:40:03","modified_gmt":"2021-06-18T19:40:03","slug":"bau-em-madeira-com-arranjo-e-chocolates","status":"publish","type":"product","link":"https:\/\/ows1.com.br\/dlflores\/produto\/bau-em-madeira-com-arranjo-e-chocolates\/","title":{"rendered":"Ba\u00fa em madeira com arranjo e chocolates."},"content":{"rendered":"","protected":false},"excerpt":{"rendered":"<p><em><strong>DESCRI\u00c7\u00c3O<\/strong><\/em><\/p>\n<p>B\u00e1u em madeira, feito a m\u00e3o.<\/p>\n<p>Arranjos com 8 rosas importadas, mix de verdes e gipso para compor.<\/p>\n<p>Produzido na espuma floral.<\/p>\n<p>Incluindo pel\u00facia.<\/p>\n<p>Ferrero Rocher com 08 unidades.<\/p>\n<p>Muito bem decorado e embalado com pap\u00e9is celofane e seda.<\/p>\n<p>Fita em tecidos para acabamento.<\/p>\n<p>As rosas colombianas s\u00e3o consideradas as mais lindas de todo o planeta, voc\u00ea sabe por que isso \u00e9 poss\u00edvel?<\/p>\n<p>O que contribui s\u00e3o alguns fatores, sendo: Solo rico, altitude elevada (em torno de 2.600 metros ao n\u00edvel do mar) isso faz com que as rosas recebam mais calor, energia e luminosidade. A temperatura tamb\u00e9m \u00e9 ideal, estando na faixa dos 15 graus Celsius, sendo assim a rosa leva o tempo necess\u00e1rio para crescer e se desenvolver.<\/p>\n<p>Al\u00e9m de lindas, com cores mais vibrantes, as rosas importadas tamb\u00e9m contam com uma durabilidade superior.<\/p>\n<p>Aqui voc\u00ea encontra tradi\u00e7\u00e3o, carinho e qualidade.<\/p>\n<p>Demonstre seu amor, envie esse lindo arranjo.<\/p>\n<p>Dimens\u00f5es:<\/p>\n<p>Ba\u00fa: 35x21cm com 08cm de altura (aberto como na montagem) 18cm de altura quando fechado.<\/p>\n<p>Altura total da composi\u00e7\u00e3o: 34cm<\/p>\n<p>Di\u00e2metro do cora\u00e7\u00e3o em pel\u00facia 33cm<\/p>\n<p>Di\u00e2metro do arranjo: 28cm<\/p>\n<p>Di\u00e2metro total: 55cm<\/p>\n<p>Lindo, elegante e saboroso.<\/p>\n<p>Montado neste lindo ba\u00fa que com toda a certeza ser\u00e1 guardado com muito carinho.<\/p>\n<p>N\u00e3o deixe para amanh\u00e3 o sorriso que pode conseguir hoje.<\/p>\n","protected":false},"featured_media":7866,"comment_status":"open","ping_status":"closed","template":"","meta":[],"etheme_brands":[],"product_cat":[80,72,59,58,61],"product_tag":[],"_links":{"self":[{"href":"https:\/\/ows1.com.br\/dlflores\/wp-json\/wp\/v2\/product\/7860"}],"collection":[{"href":"https:\/\/ows1.com.br\/dlflores\/wp-json\/wp\/v2\/product"}],"about":[{"href":"https:\/\/ows1.com.br\/dlflores\/wp-json\/wp\/v2\/types\/product"}],"replies":[{"embeddable":true,"href":"https:\/\/ows1.com.br\/dlflores\/wp-json\/wp\/v2\/comments?post=7860"}],"wp:featuredmedia":[{"embeddable":true,"href":"https:\/\/ows1.com.br\/dlflores\/wp-json\/wp\/v2\/media\/7866"}],"wp:attachment":[{"href":"https:\/\/ows1.com.br\/dlflores\/wp-json\/wp\/v2\/media?parent=7860"}],"wp:term":[{"taxonomy":"brand","embeddable":true,"href":"https:\/\/ows1.com.br\/dlflores\/wp-json\/wp\/v2\/etheme_brands?post=7860"},{"taxonomy":"product_cat","embeddable":true,"href":"https:\/\/ows1.com.br\/dlflores\/wp-json\/wp\/v2\/product_cat?post=7860"},{"taxonomy":"product_tag","embeddable":true,"href":"https:\/\/ows1.com.br\/dlflores\/wp-json\/wp\/v2\/product_tag?post=7860"}],"curies":[{"name":"wp","href":"https:\/\/api.w.org\/{rel}","templated":true}]}}