{"id":7871,"date":"2021-06-18T13:20:38","date_gmt":"2021-06-18T13:20:38","guid":{"rendered":"https:\/\/dlflores.owsweb.online\/?post_type=product&#038;p=7871"},"modified":"2021-09-06T20:03:10","modified_gmt":"2021-09-06T20:03:10","slug":"box-flowers","status":"publish","type":"product","link":"https:\/\/ows1.com.br\/dlflores\/produto\/box-flowers\/","title":{"rendered":"Box Flowers"},"content":{"rendered":"","protected":false},"excerpt":{"rendered":"<p><em><strong>DESCRI\u00c7\u00c3O<\/strong><\/em><\/p>\n<p>O Famoso Box Flowers.<\/p>\n<p>Uma caixa redonda em kraft, um lindo arranjo com mix de flores.<\/p>\n<p>Produzido a m\u00e3o com muito carinho, montado na espuma floral. (isso ir\u00e1 aumentar a durabilidade)<\/p>\n<p>Para essa composi\u00e7\u00e3o utilizamos um mix de flores como astrom\u00e9lias, margaridas, girassol, crav\u00edneas.<\/p>\n<p>Nos acabamentos \u00e9 necess\u00e1rio um mix de verde e leve detalhe em gipsophila.<\/p>\n<p>Os arranjos s\u00e3o utilizados desde a era vitoriana, s\u00e9culo 15 aproximadamente, j\u00e1 existia a cultura de presentear com flores a quem n\u00f3s amamos. Elas simbolizam leveza, gratid\u00e3o, carinho, amor, cumplicidade. Presentear com flores \u00e9 ter a certeza que quem receber ira se emocionar. Transforme um dia em um momento inesquec\u00edvel. As flores tem este poder.<\/p>\n<p>Dimens\u00f5es.<\/p>\n<p>Box:<\/p>\n<p>Altura: 12cm<\/p>\n<p>Di\u00e2metro: 13cm<\/p>\n<p>Arranjo:<\/p>\n<p>Altura: 34cm<\/p>\n<p>Di\u00e2metro: 28cm<\/p>\n<p>OBS: Os tons podem variar de acordo com a \u00e9poca.<\/p>\n","protected":false},"featured_media":7874,"comment_status":"open","ping_status":"closed","template":"","meta":[],"etheme_brands":[],"product_cat":[80,71,72,69],"product_tag":[],"_links":{"self":[{"href":"https:\/\/ows1.com.br\/dlflores\/wp-json\/wp\/v2\/product\/7871"}],"collection":[{"href":"https:\/\/ows1.com.br\/dlflores\/wp-json\/wp\/v2\/product"}],"about":[{"href":"https:\/\/ows1.com.br\/dlflores\/wp-json\/wp\/v2\/types\/product"}],"replies":[{"embeddable":true,"href":"https:\/\/ows1.com.br\/dlflores\/wp-json\/wp\/v2\/comments?post=7871"}],"wp:featuredmedia":[{"embeddable":true,"href":"https:\/\/ows1.com.br\/dlflores\/wp-json\/wp\/v2\/media\/7874"}],"wp:attachment":[{"href":"https:\/\/ows1.com.br\/dlflores\/wp-json\/wp\/v2\/media?parent=7871"}],"wp:term":[{"taxonomy":"brand","embeddable":true,"href":"https:\/\/ows1.com.br\/dlflores\/wp-json\/wp\/v2\/etheme_brands?post=7871"},{"taxonomy":"product_cat","embeddable":true,"href":"https:\/\/ows1.com.br\/dlflores\/wp-json\/wp\/v2\/product_cat?post=7871"},{"taxonomy":"product_tag","embeddable":true,"href":"https:\/\/ows1.com.br\/dlflores\/wp-json\/wp\/v2\/product_tag?post=7871"}],"curies":[{"name":"wp","href":"https:\/\/api.w.org\/{rel}","templated":true}]}}