{"id":7883,"date":"2021-06-21T14:30:25","date_gmt":"2021-06-21T14:30:25","guid":{"rendered":"https:\/\/dlflores.owsweb.online\/?post_type=product&#038;p=7883"},"modified":"2021-09-06T20:03:10","modified_gmt":"2021-09-06T20:03:10","slug":"aralia-castor","status":"publish","type":"product","link":"https:\/\/ows1.com.br\/dlflores\/produto\/aralia-castor\/","title":{"rendered":"AR\u00c1LIA CASTOR"},"content":{"rendered":"<p>Descri\u00e7\u00e3o:<\/p>\n<p>&nbsp;<\/p>\n<p>Ol\u00e1 amigo (a). Voc\u00ea ja ouviu falar na Ar\u00e1lia Castor? Pois bem, \u00e9 uma planta linda, perene, resistente.<\/p>\n<p>Ideal para dar uma vida naquele canto, alegrar sua sala, consult\u00f3rio, cl\u00ednica&#8230; e por ai vai.<\/p>\n<p>Ela \u00e9 super resistente. Necessita \u00e1gua 3 vezes na semana, precisando do seu solo uniformemente \u00famido.<\/p>\n<p>Gosta de claridade, porem n\u00e3o sol direto.<\/p>\n<p>Est\u00e1 plantada neste elegante vaso estilo Vietnamita. (uma t\u00e9cnica de pintura que consiste em trabalhar cores \u00fanicas, sendo os vasos produzidos em altas temperaturas. A colora\u00e7\u00e3o acaba sendo diferenciada. Cada vaso se torna uma chave fundamental para decora\u00e7\u00e3o. A colora\u00e7\u00e3o esmaltada acaba se fundindo com a argila, tornando assim algo \u00fanico, com um brilho fora do comum. )<\/p>\n<p>Gostou? Que tal presentear algu\u00e9m especial.<\/p>\n<p>Uma excelente sugest\u00e3o.<\/p>\n<p>As dimens\u00f5es dessa menina s\u00e3o:<\/p>\n<p>Altura do vaso: 34 cm.<\/p>\n<p>Circunfer\u00eancia: 84,5 cn<\/p>\n<p>Di\u00e2metro: 23cm<\/p>\n<p>Altura da planta 62cm.<\/p>\n<p>Altura total com o vaso 96cm<\/p>\n","protected":false},"excerpt":{"rendered":"<p>Descri\u00e7\u00e3o: &nbsp; Ol\u00e1 amigo (a). Voc\u00ea ja ouviu falar na Ar\u00e1lia Castor? Pois bem, \u00e9 uma planta linda, perene, resistente. Ideal para dar uma vida&#8230;<\/p>\n","protected":false},"featured_media":7889,"comment_status":"open","ping_status":"closed","template":"","meta":[],"etheme_brands":[],"product_cat":[66,63],"product_tag":[],"_links":{"self":[{"href":"https:\/\/ows1.com.br\/dlflores\/wp-json\/wp\/v2\/product\/7883"}],"collection":[{"href":"https:\/\/ows1.com.br\/dlflores\/wp-json\/wp\/v2\/product"}],"about":[{"href":"https:\/\/ows1.com.br\/dlflores\/wp-json\/wp\/v2\/types\/product"}],"replies":[{"embeddable":true,"href":"https:\/\/ows1.com.br\/dlflores\/wp-json\/wp\/v2\/comments?post=7883"}],"wp:featuredmedia":[{"embeddable":true,"href":"https:\/\/ows1.com.br\/dlflores\/wp-json\/wp\/v2\/media\/7889"}],"wp:attachment":[{"href":"https:\/\/ows1.com.br\/dlflores\/wp-json\/wp\/v2\/media?parent=7883"}],"wp:term":[{"taxonomy":"brand","embeddable":true,"href":"https:\/\/ows1.com.br\/dlflores\/wp-json\/wp\/v2\/etheme_brands?post=7883"},{"taxonomy":"product_cat","embeddable":true,"href":"https:\/\/ows1.com.br\/dlflores\/wp-json\/wp\/v2\/product_cat?post=7883"},{"taxonomy":"product_tag","embeddable":true,"href":"https:\/\/ows1.com.br\/dlflores\/wp-json\/wp\/v2\/product_tag?post=7883"}],"curies":[{"name":"wp","href":"https:\/\/api.w.org\/{rel}","templated":true}]}}