{"id":7890,"date":"2021-06-22T11:34:27","date_gmt":"2021-06-22T11:34:27","guid":{"rendered":"https:\/\/dlflores.owsweb.online\/?post_type=product&#038;p=7890"},"modified":"2021-09-06T20:03:10","modified_gmt":"2021-09-06T20:03:10","slug":"bambu-lucky-barca-dourada","status":"publish","type":"product","link":"https:\/\/ows1.com.br\/dlflores\/produto\/bambu-lucky-barca-dourada\/","title":{"rendered":"Bambu Lucky BARCA DOURADA"},"content":{"rendered":"","protected":false},"excerpt":{"rendered":"<p>DESCRI\u00c7\u00c3O<\/p>\n<p>BAMBU LUCKY OU BAMBU DA SORTE.<\/p>\n<p>Famoso por atrair energia positiva, sorte e prosperidade.<\/p>\n<p>Ideal para decora\u00e7\u00e3o de ambientes. Resistente, lindo e nessa composi\u00e7\u00e3o hidrop\u00f4nico.<\/p>\n<p>De f\u00e1cil cuidado, s\u00f3 manter \u00e1gua at\u00e9 o n\u00edvel\u00a0 das pedras, e ir\u00e1 ter ele por muitos anos.<\/p>\n<p>Uma planta poderosa, m\u00edstica e elegante.<\/p>\n<p>N\u00e3o deixe para depois, presenteie com esta linda planta.<\/p>\n<p>Dimens\u00f5es:<\/p>\n<p>Barca em polipropileno<\/p>\n<p>Nas medidas:<\/p>\n<p>Sendo 10 hastes de bambu lucky, totalizando<\/p>\n","protected":false},"featured_media":7896,"comment_status":"open","ping_status":"closed","template":"","meta":[],"etheme_brands":[],"product_cat":[15],"product_tag":[],"_links":{"self":[{"href":"https:\/\/ows1.com.br\/dlflores\/wp-json\/wp\/v2\/product\/7890"}],"collection":[{"href":"https:\/\/ows1.com.br\/dlflores\/wp-json\/wp\/v2\/product"}],"about":[{"href":"https:\/\/ows1.com.br\/dlflores\/wp-json\/wp\/v2\/types\/product"}],"replies":[{"embeddable":true,"href":"https:\/\/ows1.com.br\/dlflores\/wp-json\/wp\/v2\/comments?post=7890"}],"wp:featuredmedia":[{"embeddable":true,"href":"https:\/\/ows1.com.br\/dlflores\/wp-json\/wp\/v2\/media\/7896"}],"wp:attachment":[{"href":"https:\/\/ows1.com.br\/dlflores\/wp-json\/wp\/v2\/media?parent=7890"}],"wp:term":[{"taxonomy":"brand","embeddable":true,"href":"https:\/\/ows1.com.br\/dlflores\/wp-json\/wp\/v2\/etheme_brands?post=7890"},{"taxonomy":"product_cat","embeddable":true,"href":"https:\/\/ows1.com.br\/dlflores\/wp-json\/wp\/v2\/product_cat?post=7890"},{"taxonomy":"product_tag","embeddable":true,"href":"https:\/\/ows1.com.br\/dlflores\/wp-json\/wp\/v2\/product_tag?post=7890"}],"curies":[{"name":"wp","href":"https:\/\/api.w.org\/{rel}","templated":true}]}}