{"id":7902,"date":"2021-06-22T12:20:12","date_gmt":"2021-06-22T12:20:12","guid":{"rendered":"https:\/\/dlflores.owsweb.online\/?post_type=product&#038;p=7902"},"modified":"2021-06-22T12:20:12","modified_gmt":"2021-06-22T12:20:12","slug":"bonsai-buxus-06-anos","status":"publish","type":"product","link":"https:\/\/ows1.com.br\/dlflores\/produto\/bonsai-buxus-06-anos\/","title":{"rendered":"Bonsai Buxus 06 anos"},"content":{"rendered":"","protected":false},"excerpt":{"rendered":"<p>DESCRI\u00c7\u00c3O:<\/p>\n<p>Bonsai de buxus com 6 anos.<\/p>\n<p>Uma linda \u00e1rvore, este bonsai de buxus com seus 6 anos, \u00e9 maravilhoso. Um tronco lindo.<\/p>\n<p>Uma planta de f\u00e1cil manuten\u00e7\u00e3o e poda. Por ser um arbusto voc\u00ea pode personalizar e usar toda a sua criatividade.<\/p>\n<p><em><strong>Bonsai<\/strong><\/em>, os bonsais s\u00e3o cultivados a milhares de anos, tendo inicio na China e propagado at\u00e9 o Jap\u00e3o.<\/p>\n<p>No seu in\u00edcio os bonsais serviam como presentes finos, tendo acesso h\u00e1 pouqu\u00edssimas pessoas. Somente os mais afortunados possu\u00edam ou presenteavam com bonsais. Sendo assim eram e s\u00e3o s\u00edmbolo de status at\u00e9 hoje.<\/p>\n<p>O bonsai consiste em cultivar uma \u00e1rvore idosa em uma bandeja rasa, deixando-a miniatura. Voc\u00ea pode utilizar toda sua criatividade, com o tempo ir modelando a sua \u00e1rvore. Os cuidados s\u00e3o aduba\u00e7\u00e3o a cada tr\u00eas meses, agua duas vezes ao dia, sol, chuva, vento (por ser uma arvore precisa ter contato com \u00e1rea externa).<\/p>\n<p>Dimens\u00f5es:<\/p>\n<p>Vaso em cer\u00e2mica esmaltado 19&#215;13,5cm<\/p>\n<p>Altura do vaso 7cm<\/p>\n<p>Altura total com a planta 28cm<\/p>\n<p>Di\u00e2metro da planta 23 cm.<\/p>\n<p>Um bonsai lindo, aproveite e presenteie com essa linda planta.<\/p>\n","protected":false},"featured_media":7905,"comment_status":"open","ping_status":"closed","template":"","meta":[],"etheme_brands":[],"product_cat":[64,66,63],"product_tag":[],"_links":{"self":[{"href":"https:\/\/ows1.com.br\/dlflores\/wp-json\/wp\/v2\/product\/7902"}],"collection":[{"href":"https:\/\/ows1.com.br\/dlflores\/wp-json\/wp\/v2\/product"}],"about":[{"href":"https:\/\/ows1.com.br\/dlflores\/wp-json\/wp\/v2\/types\/product"}],"replies":[{"embeddable":true,"href":"https:\/\/ows1.com.br\/dlflores\/wp-json\/wp\/v2\/comments?post=7902"}],"wp:featuredmedia":[{"embeddable":true,"href":"https:\/\/ows1.com.br\/dlflores\/wp-json\/wp\/v2\/media\/7905"}],"wp:attachment":[{"href":"https:\/\/ows1.com.br\/dlflores\/wp-json\/wp\/v2\/media?parent=7902"}],"wp:term":[{"taxonomy":"brand","embeddable":true,"href":"https:\/\/ows1.com.br\/dlflores\/wp-json\/wp\/v2\/etheme_brands?post=7902"},{"taxonomy":"product_cat","embeddable":true,"href":"https:\/\/ows1.com.br\/dlflores\/wp-json\/wp\/v2\/product_cat?post=7902"},{"taxonomy":"product_tag","embeddable":true,"href":"https:\/\/ows1.com.br\/dlflores\/wp-json\/wp\/v2\/product_tag?post=7902"}],"curies":[{"name":"wp","href":"https:\/\/api.w.org\/{rel}","templated":true}]}}