{"id":7944,"date":"2022-05-24T13:14:35","date_gmt":"2022-05-24T13:14:35","guid":{"rendered":"http:\/\/ows1.com.br\/dlflores\/?post_type=product&#038;p=7944"},"modified":"2022-05-24T13:14:35","modified_gmt":"2022-05-24T13:14:35","slug":"coroa-funebre-grande","status":"publish","type":"product","link":"https:\/\/ows1.com.br\/dlflores\/produto\/coroa-funebre-grande\/","title":{"rendered":"Coroa F\u00fanebre Grande"},"content":{"rendered":"<p>Mix de flores da esta\u00e7\u00e3o<br \/>\nAcompanha faixa personalizada<br \/>\nEntrega<br \/>\nCavalete para deixar suspensa<br \/>\nTamanho aproximado da coroa 1,6 x 1,2<br \/>\n<img class=\"alignnone size-medium wp-image-7945\" src=\"http:\/\/ows1.com.br\/dlflores\/wp-content\/uploads\/2022\/05\/IMG_7685-225x300.jpg\" alt=\"\" width=\"225\" height=\"300\" srcset=\"https:\/\/ows1.com.br\/dlflores\/wp-content\/uploads\/2022\/05\/IMG_7685-225x300.jpg 225w, https:\/\/ows1.com.br\/dlflores\/wp-content\/uploads\/2022\/05\/IMG_7685-768x1024.jpg 768w, https:\/\/ows1.com.br\/dlflores\/wp-content\/uploads\/2022\/05\/IMG_7685-1152x1536.jpg 1152w, https:\/\/ows1.com.br\/dlflores\/wp-content\/uploads\/2022\/05\/IMG_7685-1x1.jpg 1w, https:\/\/ows1.com.br\/dlflores\/wp-content\/uploads\/2022\/05\/IMG_7685-8x10.jpg 8w, https:\/\/ows1.com.br\/dlflores\/wp-content\/uploads\/2022\/05\/IMG_7685-600x800.jpg 600w, https:\/\/ows1.com.br\/dlflores\/wp-content\/uploads\/2022\/05\/IMG_7685.jpg 1536w\" sizes=\"(max-width: 225px) 100vw, 225px\" \/><\/p>\n","protected":false},"excerpt":{"rendered":"<p>Mix de flores da esta\u00e7\u00e3o Acompanha faixa personalizada Entrega Cavalete para deixar suspensa Tamanho aproximado da coroa 1,6 x 1,2<\/p>\n","protected":false},"featured_media":7945,"comment_status":"open","ping_status":"closed","template":"","meta":[],"etheme_brands":[],"product_cat":[75],"product_tag":[],"_links":{"self":[{"href":"https:\/\/ows1.com.br\/dlflores\/wp-json\/wp\/v2\/product\/7944"}],"collection":[{"href":"https:\/\/ows1.com.br\/dlflores\/wp-json\/wp\/v2\/product"}],"about":[{"href":"https:\/\/ows1.com.br\/dlflores\/wp-json\/wp\/v2\/types\/product"}],"replies":[{"embeddable":true,"href":"https:\/\/ows1.com.br\/dlflores\/wp-json\/wp\/v2\/comments?post=7944"}],"wp:featuredmedia":[{"embeddable":true,"href":"https:\/\/ows1.com.br\/dlflores\/wp-json\/wp\/v2\/media\/7945"}],"wp:attachment":[{"href":"https:\/\/ows1.com.br\/dlflores\/wp-json\/wp\/v2\/media?parent=7944"}],"wp:term":[{"taxonomy":"brand","embeddable":true,"href":"https:\/\/ows1.com.br\/dlflores\/wp-json\/wp\/v2\/etheme_brands?post=7944"},{"taxonomy":"product_cat","embeddable":true,"href":"https:\/\/ows1.com.br\/dlflores\/wp-json\/wp\/v2\/product_cat?post=7944"},{"taxonomy":"product_tag","embeddable":true,"href":"https:\/\/ows1.com.br\/dlflores\/wp-json\/wp\/v2\/product_tag?post=7944"}],"curies":[{"name":"wp","href":"https:\/\/api.w.org\/{rel}","templated":true}]}}