{"id":7963,"date":"2022-05-24T14:00:19","date_gmt":"2022-05-24T14:00:19","guid":{"rendered":"http:\/\/ows1.com.br\/dlflores\/?post_type=product&#038;p=7963"},"modified":"2022-05-24T14:29:28","modified_gmt":"2022-05-24T14:29:28","slug":"decoracao-casamento","status":"publish","type":"product","link":"https:\/\/ows1.com.br\/dlflores\/produto\/decoracao-casamento\/","title":{"rendered":"Decora\u00e7\u00e3o casamento"},"content":{"rendered":"","protected":false},"excerpt":{"rendered":"<p>Entre em contato pois cada evento \u00e9 feito um or\u00e7amento personalizado conforme a necessidade de cada cliente.<\/p>\n","protected":false},"featured_media":8001,"comment_status":"open","ping_status":"closed","template":"","meta":[],"etheme_brands":[],"product_cat":[54],"product_tag":[],"_links":{"self":[{"href":"https:\/\/ows1.com.br\/dlflores\/wp-json\/wp\/v2\/product\/7963"}],"collection":[{"href":"https:\/\/ows1.com.br\/dlflores\/wp-json\/wp\/v2\/product"}],"about":[{"href":"https:\/\/ows1.com.br\/dlflores\/wp-json\/wp\/v2\/types\/product"}],"replies":[{"embeddable":true,"href":"https:\/\/ows1.com.br\/dlflores\/wp-json\/wp\/v2\/comments?post=7963"}],"wp:featuredmedia":[{"embeddable":true,"href":"https:\/\/ows1.com.br\/dlflores\/wp-json\/wp\/v2\/media\/8001"}],"wp:attachment":[{"href":"https:\/\/ows1.com.br\/dlflores\/wp-json\/wp\/v2\/media?parent=7963"}],"wp:term":[{"taxonomy":"brand","embeddable":true,"href":"https:\/\/ows1.com.br\/dlflores\/wp-json\/wp\/v2\/etheme_brands?post=7963"},{"taxonomy":"product_cat","embeddable":true,"href":"https:\/\/ows1.com.br\/dlflores\/wp-json\/wp\/v2\/product_cat?post=7963"},{"taxonomy":"product_tag","embeddable":true,"href":"https:\/\/ows1.com.br\/dlflores\/wp-json\/wp\/v2\/product_tag?post=7963"}],"curies":[{"name":"wp","href":"https:\/\/api.w.org\/{rel}","templated":true}]}}