{"id":557,"date":"2021-11-10T19:46:26","date_gmt":"2021-11-10T19:46:26","guid":{"rendered":"https:\/\/ows1.com.br\/oabsaojose\/?page_id=557"},"modified":"2021-12-23T16:54:03","modified_gmt":"2021-12-23T16:54:03","slug":"institucional","status":"publish","type":"page","link":"https:\/\/ows1.com.br\/oabsaojose\/institucional\/","title":{"rendered":"Institucional"},"content":{"rendered":"\t\t<div data-elementor-type=\"wp-page\" data-elementor-id=\"557\" class=\"elementor elementor-557\" data-elementor-settings=\"[]\">\n\t\t\t\t\t\t\t<div class=\"elementor-section-wrap\">\n\t\t\t\t\t\t\t<section class=\"elementor-section elementor-top-section elementor-element elementor-element-f386360 elementor-section-full_width elementor-section-stretched elementor-section-height-default elementor-section-height-default\" data-id=\"f386360\" data-element_type=\"section\" data-settings=\"{&quot;stretch_section&quot;:&quot;section-stretched&quot;,&quot;background_background&quot;:&quot;classic&quot;}\">\n\t\t\t\t\t\t<div class=\"elementor-container elementor-column-gap-default\">\n\t\t\t\t\t<div class=\"elementor-column elementor-col-100 elementor-top-column elementor-element elementor-element-d3e4180\" data-id=\"d3e4180\" data-element_type=\"column\">\n\t\t\t<div class=\"elementor-widget-wrap elementor-element-populated\">\n\t\t\t\t\t\t\t\t<section class=\"elementor-section elementor-inner-section elementor-element elementor-element-2d4ffc1 elementor-section-boxed elementor-section-height-default elementor-section-height-default\" data-id=\"2d4ffc1\" data-element_type=\"section\">\n\t\t\t\t\t\t<div class=\"elementor-container elementor-column-gap-default\">\n\t\t\t\t\t<div class=\"elementor-column elementor-col-33 elementor-inner-column elementor-element elementor-element-7ea3590\" data-id=\"7ea3590\" data-element_type=\"column\">\n\t\t\t<div class=\"elementor-widget-wrap\">\n\t\t\t\t\t\t\t\t\t<\/div>\n\t\t<\/div>\n\t\t\t\t<div class=\"elementor-column elementor-col-33 elementor-inner-column elementor-element elementor-element-e7c8995\" data-id=\"e7c8995\" data-element_type=\"column\">\n\t\t\t<div class=\"elementor-widget-wrap elementor-element-populated\">\n\t\t\t\t\t\t\t\t<div class=\"elementor-element elementor-element-103e3b2 elementor-widget elementor-widget-heading\" data-id=\"103e3b2\" data-element_type=\"widget\" data-widget_type=\"heading.default\">\n\t\t\t\t<div class=\"elementor-widget-container\">\n\t\t\t<h2 class=\"elementor-heading-title elementor-size-default\">Institucional<\/h2>\t\t<\/div>\n\t\t\t\t<\/div>\n\t\t\t\t\t<\/div>\n\t\t<\/div>\n\t\t\t\t<div class=\"elementor-column elementor-col-33 elementor-inner-column elementor-element elementor-element-e5d0db6\" data-id=\"e5d0db6\" data-element_type=\"column\">\n\t\t\t<div class=\"elementor-widget-wrap\">\n\t\t\t\t\t\t\t\t\t<\/div>\n\t\t<\/div>\n\t\t\t\t\t\t\t<\/div>\n\t\t<\/section>\n\t\t\t\t<section class=\"elementor-section elementor-inner-section elementor-element elementor-element-5cb1ab0 elementor-section-boxed elementor-section-height-default elementor-section-height-default\" data-id=\"5cb1ab0\" data-element_type=\"section\">\n\t\t\t\t\t\t<div class=\"elementor-container elementor-column-gap-default\">\n\t\t\t\t\t<div class=\"elementor-column elementor-col-50 elementor-inner-column elementor-element elementor-element-fe446d3\" data-id=\"fe446d3\" data-element_type=\"column\">\n\t\t\t<div class=\"elementor-widget-wrap elementor-element-populated\">\n\t\t\t\t\t\t\t\t<div class=\"elementor-element elementor-element-0fabc09 elementor-widget elementor-widget-heading\" data-id=\"0fabc09\" data-element_type=\"widget\" data-widget_type=\"heading.default\">\n\t\t\t\t<div class=\"elementor-widget-container\">\n\t\t\t<h4 class=\"elementor-heading-title elementor-size-default\">Nossa hist\u00f3ria<\/h4>\t\t<\/div>\n\t\t\t\t<\/div>\n\t\t\t\t<div class=\"elementor-element elementor-element-22fba06 elementor-widget elementor-widget-text-editor\" data-id=\"22fba06\" data-element_type=\"widget\" data-widget_type=\"text-editor.default\">\n\t\t\t\t<div class=\"elementor-widget-container\">\n\t\t\t\t\t\t\t<p>A 28\u00aa Subse\u00e7\u00e3o da OAB\/SC, com sede em S\u00e3o Jos\u00e9\/SC, abrigando os munic\u00edpios de S\u00e3o Pedro de Alc\u00e2ntara e S\u00e3o Jos\u00e9, foi instalada em 14\/10\/86, inicialmente em car\u00e1ter provis\u00f3rio, na gest\u00e3o do Harry Egon Krieger a frente da OAB\/SC e criada em 17\/02\/87, passando, a partir de 23\/08\/88, a trabalhar com \u00e2nimo definitivo, agora, sob a gest\u00e3o de Jo\u00e3o Jos\u00e9 Ramos Schaefer na OAB\/SC.\u00a0<br \/><br \/>Em 03 de dezembro de 1999 os advogados de S\u00e3o Jos\u00e9\/SC foram agraciados com a inaugura\u00e7\u00e3o da sede pr\u00f3pria da Subse\u00e7\u00e3o, sito na rua Tom\u00e9 de Souza de Oliveira, s\/n\u00ba, Kobrasol II, em S\u00e3o Jos\u00e9\/SC, pr\u00e9dio que abriga em suas instala\u00e7\u00f5es, al\u00e9m de 06 (seis) salas, cozinha e 04 (quatro) banheiros, tamb\u00e9m um audit\u00f3rio com capacidade para 50 (cinquenta) pessoas e \u00e1rea coberta equipada com churrasqueira e freezer.\u00a0<br \/><br \/>Atualmente, h\u00e1 inscritos na 28\u00ba Subse\u00e7\u00e3o da OAB\/SC mais de 1.000 (Hum mil) advogados e estagi\u00e1rios, sendo o seu Conselho formado, al\u00e9m dos 05 (cinco) Diretores, por 35 (trinta e cinco) Conselheiros titulares e suplentes.\u00a0<br \/><br \/>O breve flerte com o passado, mais remoto e mais recente, n\u00e3o escondem a voca\u00e7\u00e3o progressista da Subse\u00e7\u00e3o e o seu compromisso com o futuro, ainda mais pr\u00f3spero.<\/p>\t\t\t\t\t\t<\/div>\n\t\t\t\t<\/div>\n\t\t\t\t\t<\/div>\n\t\t<\/div>\n\t\t\t\t<div class=\"elementor-column elementor-col-50 elementor-inner-column elementor-element elementor-element-e763ae8\" data-id=\"e763ae8\" data-element_type=\"column\">\n\t\t\t<div class=\"elementor-widget-wrap elementor-element-populated\">\n\t\t\t\t\t\t\t\t<div class=\"elementor-element elementor-element-c882f0e elementor-widget elementor-widget-spacer\" data-id=\"c882f0e\" data-element_type=\"widget\" data-widget_type=\"spacer.default\">\n\t\t\t\t<div class=\"elementor-widget-container\">\n\t\t\t\t\t<div class=\"elementor-spacer\">\n\t\t\t<div class=\"elementor-spacer-inner\"><\/div>\n\t\t<\/div>\n\t\t\t\t<\/div>\n\t\t\t\t<\/div>\n\t\t\t\t<div class=\"elementor-element elementor-element-d251c72 elementor-widget elementor-widget-image\" data-id=\"d251c72\" data-element_type=\"widget\" data-widget_type=\"image.default\">\n\t\t\t\t<div class=\"elementor-widget-container\">\n\t\t\t\t\t\t\t\t\t\t\t\t\t\t\t<img width=\"800\" height=\"600\" src=\"https:\/\/ows1.com.br\/oabsaojose\/wp-content\/uploads\/2021\/12\/FOTO-HOME-1-1024x768.jpg\" class=\"attachment-large size-large\" alt=\"\" loading=\"lazy\" \/>\t\t\t\t\t\t\t\t\t\t\t\t\t\t\t<\/div>\n\t\t\t\t<\/div>\n\t\t\t\t<div class=\"elementor-element elementor-element-6fc7bbb elementor-widget elementor-widget-spacer\" data-id=\"6fc7bbb\" data-element_type=\"widget\" data-widget_type=\"spacer.default\">\n\t\t\t\t<div class=\"elementor-widget-container\">\n\t\t\t\t\t<div class=\"elementor-spacer\">\n\t\t\t<div class=\"elementor-spacer-inner\"><\/div>\n\t\t<\/div>\n\t\t\t\t<\/div>\n\t\t\t\t<\/div>\n\t\t\t\t\t<\/div>\n\t\t<\/div>\n\t\t\t\t\t\t\t<\/div>\n\t\t<\/section>\n\t\t\t\t<section class=\"elementor-section elementor-inner-section elementor-element elementor-element-be8d059 elementor-section-boxed elementor-section-height-default elementor-section-height-default\" data-id=\"be8d059\" data-element_type=\"section\">\n\t\t\t\t\t\t<div class=\"elementor-container elementor-column-gap-default\">\n\t\t\t\t\t<div class=\"elementor-column elementor-col-50 elementor-inner-column elementor-element elementor-element-a7aaddb\" data-id=\"a7aaddb\" data-element_type=\"column\">\n\t\t\t<div class=\"elementor-widget-wrap elementor-element-populated\">\n\t\t\t\t\t\t\t\t<div class=\"elementor-element elementor-element-1657581 elementor-widget elementor-widget-spacer\" data-id=\"1657581\" data-element_type=\"widget\" data-widget_type=\"spacer.default\">\n\t\t\t\t<div class=\"elementor-widget-container\">\n\t\t\t\t\t<div class=\"elementor-spacer\">\n\t\t\t<div class=\"elementor-spacer-inner\"><\/div>\n\t\t<\/div>\n\t\t\t\t<\/div>\n\t\t\t\t<\/div>\n\t\t\t\t<div class=\"elementor-element elementor-element-96ba749 elementor-widget elementor-widget-image\" data-id=\"96ba749\" data-element_type=\"widget\" data-widget_type=\"image.default\">\n\t\t\t\t<div class=\"elementor-widget-container\">\n\t\t\t\t\t\t\t\t\t\t\t\t\t\t\t<img width=\"800\" height=\"534\" src=\"https:\/\/ows1.com.br\/oabsaojose\/wp-content\/uploads\/2021\/12\/img_8763_50747518038_o-1024x683.jpg\" class=\"attachment-large size-large\" alt=\"\" loading=\"lazy\" srcset=\"https:\/\/ows1.com.br\/oabsaojose\/wp-content\/uploads\/2021\/12\/img_8763_50747518038_o-1024x683.jpg 1024w, https:\/\/ows1.com.br\/oabsaojose\/wp-content\/uploads\/2021\/12\/img_8763_50747518038_o-300x200.jpg 300w, https:\/\/ows1.com.br\/oabsaojose\/wp-content\/uploads\/2021\/12\/img_8763_50747518038_o-768x512.jpg 768w, https:\/\/ows1.com.br\/oabsaojose\/wp-content\/uploads\/2021\/12\/img_8763_50747518038_o.jpg 1417w\" sizes=\"(max-width: 800px) 100vw, 800px\" \/>\t\t\t\t\t\t\t\t\t\t\t\t\t\t\t<\/div>\n\t\t\t\t<\/div>\n\t\t\t\t\t<\/div>\n\t\t<\/div>\n\t\t\t\t<div class=\"elementor-column elementor-col-50 elementor-inner-column elementor-element elementor-element-e87da9b\" data-id=\"e87da9b\" data-element_type=\"column\">\n\t\t\t<div class=\"elementor-widget-wrap elementor-element-populated\">\n\t\t\t\t\t\t\t\t<div class=\"elementor-element elementor-element-61af494 elementor-widget elementor-widget-heading\" data-id=\"61af494\" data-element_type=\"widget\" data-widget_type=\"heading.default\">\n\t\t\t\t<div class=\"elementor-widget-container\">\n\t\t\t<h4 class=\"elementor-heading-title elementor-size-default\">Infra-Estrutura<\/h4>\t\t<\/div>\n\t\t\t\t<\/div>\n\t\t\t\t<div class=\"elementor-element elementor-element-a4b798f elementor-widget elementor-widget-text-editor\" data-id=\"a4b798f\" data-element_type=\"widget\" data-widget_type=\"text-editor.default\">\n\t\t\t\t<div class=\"elementor-widget-container\">\n\t\t\t\t\t\t\t<p class=\"infra\"><strong>Sede Administrativa:\u00a0<\/strong><br \/>Avenida Tom\u00e9 de Souza de Oliveira, n\u00ba 42, Kobrasol II, S\u00e3o Jos\u00e9\/SC, CEP: 88.108-350<\/p><div><strong>Expediente:<\/strong><br \/>&#8211; Segunda-feira a sexta-feira: das 08h \u00e0s 19h<br \/>Em virtude da pandemia, os atendimentos s\u00e3o realizados atrav\u00e9s de agendamento pr\u00e9vio.\u2800\u00a0<\/div><div><p>Possui 01 sala de reuni\u00f5es para 10 pessoas, 01 escrit\u00f3rio coworking, 01 audit\u00f3rio para 50 pessoas e sala de audi\u00eancia. Tamb\u00e9m possui 01 sal\u00e3o de eventos sociais.<\/p><p><strong>Funcion\u00e1rios:<\/strong><br \/>Ana Paula Cardoso<br \/>\u00c9rica Cristine da Fonseca<br \/>Ros\u00e2ngela Rodrigues<br \/>Zenaide de Farias Santos<\/p><p><strong>Contatos:<\/strong><br \/>Telefone: (48) 3259-6301<br \/>Celular\/Whatsapp: (48) 99101-6360<\/p><\/div><p>E-mail:\u00a0saojose@oab-sc.org.br<br \/>Facebook.com\/OabSaoJose<br \/>Instagram.com\/oabsaojose<\/p><p><strong>Sala dos Advogados &#8211; F\u00f3rum S\u00e3o Jos\u00e9<\/strong><\/p><div>Rua Domingos Andr\u00e9 Zanini, n\u00ba 380, Barreiros, S\u00e3o Jos\u00e9\/SC<\/div><div>\u00a0<\/div><div>Expediente: Diariamente, das 13h \u00e0s 19h<br \/>Em virtude da pandemia, os atendimentos s\u00e3o realizados atrav\u00e9s de agendamento pr\u00e9vio.\u2800\u2800<\/div><div>Telefone\/fax: (48) 3259-3799\/(48) 99169-8560<\/div><p>E-mail: slforumsj@oab-sc.org.br<\/p><p><strong>Funcion\u00e1ria:<\/strong><br \/>Michelle Pereira<\/p><p><strong>Sala dos Advogados &#8211; F\u00f3rum\u00a0Trabalhista<\/strong><\/p><div>Avenida Acioni Souza Filho, n\u00ba 657, Praia Comprida, S\u00e3o Jos\u00e9\/SC<\/div><div><br \/>Expediente: Diariamente, das 12 as 18 horas. A sala conta com o monitoramento e funciona no formato de auto atendimento.<\/div><p>Telefones de apoio: (48) 3259-6301 \/ (48) 99101-6360<br \/>E-mail:\u00a0saojose@oab-sc.org.br<\/p>\t\t\t\t\t\t<\/div>\n\t\t\t\t<\/div>\n\t\t\t\t\t<\/div>\n\t\t<\/div>\n\t\t\t\t\t\t\t<\/div>\n\t\t<\/section>\n\t\t\t\t\t<\/div>\n\t\t<\/div>\n\t\t\t\t\t\t\t<\/div>\n\t\t<\/section>\n\t\t\t\t\t\t<\/div>\n\t\t\t\t\t<\/div>\n\t\t","protected":false},"excerpt":{"rendered":"<p>Institucional Nossa hist\u00f3ria A 28\u00aa Subse\u00e7\u00e3o da OAB\/SC, com sede em S\u00e3o Jos\u00e9\/SC, abrigando os munic\u00edpios de S\u00e3o Pedro de Alc\u00e2ntara e S\u00e3o Jos\u00e9, foi instalada em 14\/10\/86, inicialmente em car\u00e1ter provis\u00f3rio, na gest\u00e3o do Harry Egon Krieger a frente da OAB\/SC e criada em 17\/02\/87, passando, a partir de 23\/08\/88, a trabalhar com \u00e2nimo [&hellip;]<\/p>\n","protected":false},"author":1,"featured_media":0,"parent":0,"menu_order":0,"comment_status":"closed","ping_status":"closed","template":"","meta":[],"_links":{"self":[{"href":"https:\/\/ows1.com.br\/oabsaojose\/wp-json\/wp\/v2\/pages\/557"}],"collection":[{"href":"https:\/\/ows1.com.br\/oabsaojose\/wp-json\/wp\/v2\/pages"}],"about":[{"href":"https:\/\/ows1.com.br\/oabsaojose\/wp-json\/wp\/v2\/types\/page"}],"author":[{"embeddable":true,"href":"https:\/\/ows1.com.br\/oabsaojose\/wp-json\/wp\/v2\/users\/1"}],"replies":[{"embeddable":true,"href":"https:\/\/ows1.com.br\/oabsaojose\/wp-json\/wp\/v2\/comments?post=557"}],"version-history":[{"count":19,"href":"https:\/\/ows1.com.br\/oabsaojose\/wp-json\/wp\/v2\/pages\/557\/revisions"}],"predecessor-version":[{"id":742,"href":"https:\/\/ows1.com.br\/oabsaojose\/wp-json\/wp\/v2\/pages\/557\/revisions\/742"}],"wp:attachment":[{"href":"https:\/\/ows1.com.br\/oabsaojose\/wp-json\/wp\/v2\/media?parent=557"}],"curies":[{"name":"wp","href":"https:\/\/api.w.org\/{rel}","templated":true}]}}