{"id":607,"date":"2021-11-11T00:05:54","date_gmt":"2021-11-11T00:05:54","guid":{"rendered":"https:\/\/ows1.com.br\/oabsaojose\/?page_id=607"},"modified":"2021-11-11T17:51:56","modified_gmt":"2021-11-11T17:51:56","slug":"noticias","status":"publish","type":"page","link":"https:\/\/ows1.com.br\/oabsaojose\/noticias\/","title":{"rendered":"Not\u00edcias"},"content":{"rendered":"\t\t<div data-elementor-type=\"wp-page\" data-elementor-id=\"607\" class=\"elementor elementor-607\" data-elementor-settings=\"[]\">\n\t\t\t\t\t\t\t<div class=\"elementor-section-wrap\">\n\t\t\t\t\t\t\t<section class=\"elementor-section elementor-top-section elementor-element elementor-element-c74a573 elementor-section-full_width elementor-section-stretched elementor-section-height-default elementor-section-height-default\" data-id=\"c74a573\" data-element_type=\"section\" data-settings=\"{&quot;stretch_section&quot;:&quot;section-stretched&quot;,&quot;background_background&quot;:&quot;gradient&quot;,&quot;shape_divider_bottom&quot;:&quot;mountains&quot;}\">\n\t\t\t\t\t<div class=\"elementor-shape elementor-shape-bottom\" data-negative=\"false\">\n\t\t\t<svg xmlns=\"http:\/\/www.w3.org\/2000\/svg\" viewBox=\"0 0 1000 100\" preserveAspectRatio=\"none\">\n\t<path class=\"elementor-shape-fill\" opacity=\"0.33\" d=\"M473,67.3c-203.9,88.3-263.1-34-320.3,0C66,119.1,0,59.7,0,59.7V0h1000v59.7 c0,0-62.1,26.1-94.9,29.3c-32.8,3.3-62.8-12.3-75.8-22.1C806,49.6,745.3,8.7,694.9,4.7S492.4,59,473,67.3z\"\/>\n\t<path class=\"elementor-shape-fill\" opacity=\"0.66\" d=\"M734,67.3c-45.5,0-77.2-23.2-129.1-39.1c-28.6-8.7-150.3-10.1-254,39.1 s-91.7-34.4-149.2,0C115.7,118.3,0,39.8,0,39.8V0h1000v36.5c0,0-28.2-18.5-92.1-18.5C810.2,18.1,775.7,67.3,734,67.3z\"\/>\n\t<path class=\"elementor-shape-fill\" d=\"M766.1,28.9c-200-57.5-266,65.5-395.1,19.5C242,1.8,242,5.4,184.8,20.6C128,35.8,132.3,44.9,89.9,52.5C28.6,63.7,0,0,0,0 h1000c0,0-9.9,40.9-83.6,48.1S829.6,47,766.1,28.9z\"\/>\n<\/svg>\t\t<\/div>\n\t\t\t\t\t<div class=\"elementor-container elementor-column-gap-default\">\n\t\t\t\t\t<div class=\"elementor-column elementor-col-16 elementor-top-column elementor-element elementor-element-fb3fae8\" data-id=\"fb3fae8\" data-element_type=\"column\">\n\t\t\t<div class=\"elementor-widget-wrap\">\n\t\t\t\t\t\t\t\t\t<\/div>\n\t\t<\/div>\n\t\t\t\t<div class=\"elementor-column elementor-col-66 elementor-top-column elementor-element elementor-element-65698eb\" data-id=\"65698eb\" data-element_type=\"column\">\n\t\t\t<div class=\"elementor-widget-wrap elementor-element-populated\">\n\t\t\t\t\t\t\t\t<div class=\"elementor-element elementor-element-14f1513 elementor-widget elementor-widget-heading\" data-id=\"14f1513\" data-element_type=\"widget\" data-widget_type=\"heading.default\">\n\t\t\t\t<div class=\"elementor-widget-container\">\n\t\t\t<h2 class=\"elementor-heading-title elementor-size-default\">Not\u00edcias<\/h2>\t\t<\/div>\n\t\t\t\t<\/div>\n\t\t\t\t<div class=\"elementor-element elementor-element-ae5532a bdt-has-divider--yes elementor-widget elementor-widget-bdt-post-list\" data-id=\"ae5532a\" data-element_type=\"widget\" data-widget_type=\"bdt-post-list.default\">\n\t\t\t\t<div class=\"elementor-widget-container\">\n\t\t\t \n\t\t\t<div id=\"bdt-post-list-ae5532a\" class=\"bdt-post-list bdt-post-list-skin-base\">\n\t\t  \t\t<div data-bdt-scrollspy=\"cls: bdt-animation-fade; target: > ul > .bdt-post-list-item; delay: 350;\">\n\t\t  \t\t\t<ul class=\"bdt-list bdt-list-large bdt-post-list-item list-part bdt-list-divider\">\n\t\t\t\t\t\t\t\t\t\t  \t\t\t<li >\n\t\t\t\t\t  \t\t\t<div class=\"bdt-post-list-item-inner\">\n\t\t\t\t\t\t  \t\t\t<div class=\"bdt-grid bdt-grid-small bdt-flex-middle\" data-bdt-grid>\n\n\t\t\t\t\t\t\t\t\t  \t\n\t\t\t\t\t\t\t\t  \t\t<div class=\"bdt-post-list-desc bdt-width-expand\">\n\t\t\t\t\t\t\t\t\t\t\t\t\t\t\t\t\t\t\t\t\t\t\t<h4 class=\"bdt-post-list-title\">\n\t\t\t\t\t\t\t\t\t\t\t\t\t<a href=\"https:\/\/ows1.com.br\/oabsaojose\/post-001\/\" class=\"bdt-post-list-link\" title=\"Plant\u00e3o do Minist\u00e9rio P\u00fablico na Comarca de S\u00e3o Jos\u00e9 do per\u00edodo de 04 de maio a 01 de junho de 2022\">Plant\u00e3o do Minist\u00e9rio P\u00fablico na Comarca de S\u00e3o Jos\u00e9 do per\u00edodo de 04 de maio a 01 de junho de 2022<\/a>\n\t\t\t\t\t\t\t\t\t\t\t\t<\/h4>\n\t\t\t\t\t\t\t\t\t\t\t\n\t\t\t\t\t\t\t            \t\n\t\t\t\t\t\t\t\t\t\t\t\t<div class=\"bdt-post-list-meta bdt-subnav bdt-flex-middle\">\n\t\t\t\t\t\t\t\t\t\t\t\t\t<span>maio 5, 2021<\/span>\t\t\t\t\t\t\t\t\t\t\t\t\t\t\t\t\t\t\t\t\t\t\t\t\t\t\t        <span>\n\t\t\t\n\t\t\t<a href=\"https:\/\/ows1.com.br\/oabsaojose\/category\/uncategorized\/\" rel=\"category tag\">Uncategorized<\/a>        <\/span>\n\t\t\t\t\t\t\t\t\t\t\t\t\t\t\t\t\t\t\t\t\t\t\t\t\t\t\t\t\n\t\t\t\t\t\t\t\t\t\t\t\t<\/div>\n\n\t\t\t\t\t\t\t\t\t\t\t\t\t\t\t\t\t\t\t  \t\t<\/div>\n\t\t\t\t\t\t\t\t\t<\/div>\n\t\t\t\t\t\t\t\t<\/div>\n\t\t\t\t\t\t\t<\/li>\n\t\t\t\t\t\t\t\t\t\t  \t\t\t<li >\n\t\t\t\t\t  \t\t\t<div class=\"bdt-post-list-item-inner\">\n\t\t\t\t\t\t  \t\t\t<div class=\"bdt-grid bdt-grid-small bdt-flex-middle\" data-bdt-grid>\n\n\t\t\t\t\t\t\t\t\t  \t\n\t\t\t\t\t\t\t\t  \t\t<div class=\"bdt-post-list-desc bdt-width-expand\">\n\t\t\t\t\t\t\t\t\t\t\t\t\t\t\t\t\t\t\t\t\t\t\t<h4 class=\"bdt-post-list-title\">\n\t\t\t\t\t\t\t\t\t\t\t\t\t<a href=\"https:\/\/ows1.com.br\/oabsaojose\/post-002\/\" class=\"bdt-post-list-link\" title=\"Portaria n. 088\/2022 &#8211; Disp\u00f5e sobre a indica\u00e7\u00e3o de advogados dativos para atua\u00e7\u00e3o na Comarca de S\u00e3o Jos\u00e9 em raz\u00e3o da aus\u00eancia de atua\u00e7\u00e3o da Defensoria P\u00fablica\">Portaria n. 088\/2022 &#8211; Disp\u00f5e sobre a indica\u00e7\u00e3o de advogados dativos para atua\u00e7\u00e3o na Comarca de S\u00e3o Jos\u00e9 em raz\u00e3o da aus\u00eancia de atua\u00e7\u00e3o da Defensoria P\u00fablica<\/a>\n\t\t\t\t\t\t\t\t\t\t\t\t<\/h4>\n\t\t\t\t\t\t\t\t\t\t\t\n\t\t\t\t\t\t\t            \t\n\t\t\t\t\t\t\t\t\t\t\t\t<div class=\"bdt-post-list-meta bdt-subnav bdt-flex-middle\">\n\t\t\t\t\t\t\t\t\t\t\t\t\t<span>maio 4, 2021<\/span>\t\t\t\t\t\t\t\t\t\t\t\t\t\t\t\t\t\t\t\t\t\t\t\t\t\t\t        <span>\n\t\t\t\n\t\t\t<a href=\"https:\/\/ows1.com.br\/oabsaojose\/category\/uncategorized\/\" rel=\"category tag\">Uncategorized<\/a>        <\/span>\n\t\t\t\t\t\t\t\t\t\t\t\t\t\t\t\t\t\t\t\t\t\t\t\t\t\t\t\t\n\t\t\t\t\t\t\t\t\t\t\t\t<\/div>\n\n\t\t\t\t\t\t\t\t\t\t\t\t\t\t\t\t\t\t\t  \t\t<\/div>\n\t\t\t\t\t\t\t\t\t<\/div>\n\t\t\t\t\t\t\t\t<\/div>\n\t\t\t\t\t\t\t<\/li>\n\t\t\t\t\t\t\t\t\t\t  \t\t\t<li >\n\t\t\t\t\t  \t\t\t<div class=\"bdt-post-list-item-inner\">\n\t\t\t\t\t\t  \t\t\t<div class=\"bdt-grid bdt-grid-small bdt-flex-middle\" data-bdt-grid>\n\n\t\t\t\t\t\t\t\t\t  \t\n\t\t\t\t\t\t\t\t  \t\t<div class=\"bdt-post-list-desc bdt-width-expand\">\n\t\t\t\t\t\t\t\t\t\t\t\t\t\t\t\t\t\t\t\t\t\t\t<h4 class=\"bdt-post-list-title\">\n\t\t\t\t\t\t\t\t\t\t\t\t\t<a href=\"https:\/\/ows1.com.br\/oabsaojose\/post-003\/\" class=\"bdt-post-list-link\" title=\"Plant\u00e3o Comarca de S\u00e3o Jos\u00e9\">Plant\u00e3o Comarca de S\u00e3o Jos\u00e9<\/a>\n\t\t\t\t\t\t\t\t\t\t\t\t<\/h4>\n\t\t\t\t\t\t\t\t\t\t\t\n\t\t\t\t\t\t\t            \t\n\t\t\t\t\t\t\t\t\t\t\t\t<div class=\"bdt-post-list-meta bdt-subnav bdt-flex-middle\">\n\t\t\t\t\t\t\t\t\t\t\t\t\t<span>abril 24, 2021<\/span>\t\t\t\t\t\t\t\t\t\t\t\t\t\t\t\t\t\t\t\t\t\t\t\t\t\t\t        <span>\n\t\t\t\n\t\t\t<a href=\"https:\/\/ows1.com.br\/oabsaojose\/category\/uncategorized\/\" rel=\"category tag\">Uncategorized<\/a>        <\/span>\n\t\t\t\t\t\t\t\t\t\t\t\t\t\t\t\t\t\t\t\t\t\t\t\t\t\t\t\t\n\t\t\t\t\t\t\t\t\t\t\t\t<\/div>\n\n\t\t\t\t\t\t\t\t\t\t\t\t\t\t\t\t\t\t\t  \t\t<\/div>\n\t\t\t\t\t\t\t\t\t<\/div>\n\t\t\t\t\t\t\t\t<\/div>\n\t\t\t\t\t\t\t<\/li>\n\t\t\t\t\t\t\t\t\t\t  \t\t\t<li >\n\t\t\t\t\t  \t\t\t<div class=\"bdt-post-list-item-inner\">\n\t\t\t\t\t\t  \t\t\t<div class=\"bdt-grid bdt-grid-small bdt-flex-middle\" data-bdt-grid>\n\n\t\t\t\t\t\t\t\t\t  \t\n\t\t\t\t\t\t\t\t  \t\t<div class=\"bdt-post-list-desc bdt-width-expand\">\n\t\t\t\t\t\t\t\t\t\t\t\t\t\t\t\t\t\t\t\t\t\t\t<h4 class=\"bdt-post-list-title\">\n\t\t\t\t\t\t\t\t\t\t\t\t\t<a href=\"https:\/\/ows1.com.br\/oabsaojose\/post-004\/\" class=\"bdt-post-list-link\" title=\"OAB de S\u00e3o Jos\u00e9 realiza Solenidade de Entrega de Credenciais em 19 de abril de 2022\">OAB de S\u00e3o Jos\u00e9 realiza Solenidade de Entrega de Credenciais em 19 de abril de 2022<\/a>\n\t\t\t\t\t\t\t\t\t\t\t\t<\/h4>\n\t\t\t\t\t\t\t\t\t\t\t\n\t\t\t\t\t\t\t            \t\n\t\t\t\t\t\t\t\t\t\t\t\t<div class=\"bdt-post-list-meta bdt-subnav bdt-flex-middle\">\n\t\t\t\t\t\t\t\t\t\t\t\t\t<span>abril 20, 2021<\/span>\t\t\t\t\t\t\t\t\t\t\t\t\t\t\t\t\t\t\t\t\t\t\t\t\t\t\t        <span>\n\t\t\t\n\t\t\t<a href=\"https:\/\/ows1.com.br\/oabsaojose\/category\/uncategorized\/\" rel=\"category tag\">Uncategorized<\/a>        <\/span>\n\t\t\t\t\t\t\t\t\t\t\t\t\t\t\t\t\t\t\t\t\t\t\t\t\t\t\t\t\n\t\t\t\t\t\t\t\t\t\t\t\t<\/div>\n\n\t\t\t\t\t\t\t\t\t\t\t\t\t\t\t\t\t\t\t  \t\t<\/div>\n\t\t\t\t\t\t\t\t\t<\/div>\n\t\t\t\t\t\t\t\t<\/div>\n\t\t\t\t\t\t\t<\/li>\n\t\t\t\t\t\t\t\t\t\t  \t\t\t<li >\n\t\t\t\t\t  \t\t\t<div class=\"bdt-post-list-item-inner\">\n\t\t\t\t\t\t  \t\t\t<div class=\"bdt-grid bdt-grid-small bdt-flex-middle\" data-bdt-grid>\n\n\t\t\t\t\t\t\t\t\t  \t\n\t\t\t\t\t\t\t\t  \t\t<div class=\"bdt-post-list-desc bdt-width-expand\">\n\t\t\t\t\t\t\t\t\t\t\t\t\t\t\t\t\t\t\t\t\t\t\t<h4 class=\"bdt-post-list-title\">\n\t\t\t\t\t\t\t\t\t\t\t\t\t<a href=\"https:\/\/ows1.com.br\/oabsaojose\/post-005\/\" class=\"bdt-post-list-link\" title=\"Portaria n. 02\/2022 da 2\u00aa Vara Criminal da Comarca de S\u00e3o Jos\u00e9 informa sobre a retomada na realiza\u00e7\u00e3o de audi\u00eancias na modalidade presencial\">Portaria n. 02\/2022 da 2\u00aa Vara Criminal da Comarca de S\u00e3o Jos\u00e9 informa sobre a retomada na realiza\u00e7\u00e3o de audi\u00eancias na modalidade presencial<\/a>\n\t\t\t\t\t\t\t\t\t\t\t\t<\/h4>\n\t\t\t\t\t\t\t\t\t\t\t\n\t\t\t\t\t\t\t            \t\n\t\t\t\t\t\t\t\t\t\t\t\t<div class=\"bdt-post-list-meta bdt-subnav bdt-flex-middle\">\n\t\t\t\t\t\t\t\t\t\t\t\t\t<span>abril 6, 2021<\/span>\t\t\t\t\t\t\t\t\t\t\t\t\t\t\t\t\t\t\t\t\t\t\t\t\t\t\t        <span>\n\t\t\t\n\t\t\t<a href=\"https:\/\/ows1.com.br\/oabsaojose\/category\/uncategorized\/\" rel=\"category tag\">Uncategorized<\/a>        <\/span>\n\t\t\t\t\t\t\t\t\t\t\t\t\t\t\t\t\t\t\t\t\t\t\t\t\t\t\t\t\n\t\t\t\t\t\t\t\t\t\t\t\t<\/div>\n\n\t\t\t\t\t\t\t\t\t\t\t\t\t\t\t\t\t\t\t  \t\t<\/div>\n\t\t\t\t\t\t\t\t\t<\/div>\n\t\t\t\t\t\t\t\t<\/div>\n\t\t\t\t\t\t\t<\/li>\n\t\t\t\t\t\t\t\t\t\t\t\t\t\t\t\t\t<\/ul>\n\t\t\t\t<\/div>\n\t\t\t<\/div>\n\t\t\n\t\t \t\t\t\t\t<div class=\"ep-pagination\">\n\t\t\t\t\t\t\t\t\t<\/div>\n\t\t\t\t\t\t<\/div>\n\t\t\t\t<\/div>\n\t\t\t\t\t<\/div>\n\t\t<\/div>\n\t\t\t\t<div class=\"elementor-column elementor-col-16 elementor-top-column elementor-element elementor-element-ee7d26e\" data-id=\"ee7d26e\" data-element_type=\"column\">\n\t\t\t<div class=\"elementor-widget-wrap\">\n\t\t\t\t\t\t\t\t\t<\/div>\n\t\t<\/div>\n\t\t\t\t\t\t\t<\/div>\n\t\t<\/section>\n\t\t\t\t\t\t<\/div>\n\t\t\t\t\t<\/div>\n\t\t","protected":false},"excerpt":{"rendered":"<p>Not\u00edcias ul > .bdt-post-list-item; delay: 350;&#8221;> Post 005 setembro 24, 2021 Uncategorized Post 004 setembro 24, 2021 Uncategorized Post 003 setembro 24, 2021 Uncategorized Post 002 setembro 24, 2021 Uncategorized Post 001 setembro 24, 2021 Uncategorized<\/p>\n","protected":false},"author":1,"featured_media":0,"parent":0,"menu_order":0,"comment_status":"closed","ping_status":"closed","template":"elementor_header_footer","meta":[],"_links":{"self":[{"href":"https:\/\/ows1.com.br\/oabsaojose\/wp-json\/wp\/v2\/pages\/607"}],"collection":[{"href":"https:\/\/ows1.com.br\/oabsaojose\/wp-json\/wp\/v2\/pages"}],"about":[{"href":"https:\/\/ows1.com.br\/oabsaojose\/wp-json\/wp\/v2\/types\/page"}],"author":[{"embeddable":true,"href":"https:\/\/ows1.com.br\/oabsaojose\/wp-json\/wp\/v2\/users\/1"}],"replies":[{"embeddable":true,"href":"https:\/\/ows1.com.br\/oabsaojose\/wp-json\/wp\/v2\/comments?post=607"}],"version-history":[{"count":7,"href":"https:\/\/ows1.com.br\/oabsaojose\/wp-json\/wp\/v2\/pages\/607\/revisions"}],"predecessor-version":[{"id":661,"href":"https:\/\/ows1.com.br\/oabsaojose\/wp-json\/wp\/v2\/pages\/607\/revisions\/661"}],"wp:attachment":[{"href":"https:\/\/ows1.com.br\/oabsaojose\/wp-json\/wp\/v2\/media?parent=607"}],"curies":[{"name":"wp","href":"https:\/\/api.w.org\/{rel}","templated":true}]}}