{"id":59,"date":"2020-06-05T06:07:07","date_gmt":"2020-06-05T06:07:07","guid":{"rendered":"http:\/\/cardioly.designervily.com\/demo1\/?page_id=12952"},"modified":"2021-04-06T18:02:30","modified_gmt":"2021-04-06T18:02:30","slug":"blog-grid-view","status":"publish","type":"page","link":"https:\/\/ows1.com.br\/rosana\/?page_id=59","title":{"rendered":"Blog"},"content":{"rendered":"\t\t<div data-elementor-type=\"wp-page\" data-elementor-id=\"59\" class=\"elementor elementor-59\" data-elementor-settings=\"[]\">\n\t\t\t\t\t\t<div class=\"elementor-inner\">\n\t\t\t\t\t\t\t<div class=\"elementor-section-wrap\">\n\t\t\t\t\t\t\t<section class=\"elementor-section elementor-top-section elementor-element elementor-element-d937f83 dsvy-col-stretched-none dsvy-bg-color-over-image elementor-section-boxed elementor-section-height-default elementor-section-height-default\" data-id=\"d937f83\" data-element_type=\"section\">\n\t\t\t\t\t\t<div class=\"elementor-container elementor-column-gap-no\">\n\t\t\t\t\t\t\t<div class=\"elementor-row\">\n\t\t\t\t\t<div class=\"elementor-column elementor-col-100 elementor-top-column elementor-element elementor-element-e7d17d3 dsvy-bg-color-over-image\" data-id=\"e7d17d3\" data-element_type=\"column\">\n\t\t\t<div class=\"elementor-column-wrap elementor-element-populated\">\n\t\t\t\t\t\t\t<div class=\"elementor-widget-wrap\">\n\t\t\t\t\t\t<div class=\"elementor-element elementor-element-8921a16 elementor-widget elementor-widget-dsvy_blog_element\" data-id=\"8921a16\" data-element_type=\"widget\" data-widget_type=\"dsvy_blog_element.default\">\n\t\t\t\t<div class=\"elementor-widget-container\">\n\t\t\t\r\n\t\t<div class=\"designervily-element designervily-element-blog dsvy-element-blog-style-1 designervily-element-viewtype-row-column designervily-gap-30px\" data-show=\"9\" data-columns=\"3\" data-loop=\"false\" data-autoplay=\"false\" data-center=\"false\" data-nav=\"false\" data-dots=\"false\" data-autoplayspeed=\"1000\" data-margin=\"30px\"><div class=\"designervily-element-inner\">\r\n\t\t\r\n\t\t\t<div class=\"dsvy-ele-header-area\">\r\n\t\t\t\t\t<div class=\"dsvy-heading-subheading left-align \"><\/div>\r\n\t\t\t\t\r\n\t\t\t<\/div>\r\n\r\n\t\t\t<div class=\"dsvy-element-posts-wrapper row multi-columns-row\">\r\n\r\n\t\t\t<article class=\"dsvy-ele dsvy-ele-blog dsvy-blog-style-1 col-md-4 assistance uncategorized dsvy-odd dsvy-col-odd\"><div class=\"post-item\">\r\n\t<div class=\"dsvy-featured-container\">\r\n\t\t<div class=\"dsvy-featured-wrapper\"><a href=\"https:\/\/ows1.com.br\/rosana\/?p=46\"><img loading=\"lazy\" width=\"770\" height=\"635\" src=\"https:\/\/ows1.com.br\/rosana\/wp-content\/uploads\/2020\/06\/188656920_307682060966262_1680745164439378931_n-770x635.jpg\" class=\"attachment-dsvy-img-770x635 size-dsvy-img-770x635 wp-post-image\" alt=\"\" \/><\/a><\/div>\t\t\t\r\n\t<\/div>\r\n\t<div class=\"designervily-box-content\">\t\r\n\t\t\t<div class=\"dsvy-meta-date-wrapper dsvy-meta-line\">\t\t\t\t\t\r\n\t\t\t\t<span class=\"dsvy-meta-date\">29<\/span>\r\n\t\t\t\t<span class=\"dsvy-meta-month\">maio<\/span>\r\n\t\t\t<\/div>\t\r\n\t\t<div class=\"dsvy-meta-container\">\t\t\t\t\t\t\r\n\t\t\t<div class=\"dsvy-meta-cat-wrapper dsvy-meta-line\">\t\t\t\t\t\r\n\t\t\t\t<div class=\"dsvy-meta-category\"><i class=\"dsvy-base-icon-folder-open-empty\"><\/i> <a href=\"https:\/\/ows1.com.br\/rosana\/?cat=8\" rel=\"category\">Assistance<\/a> . <a href=\"https:\/\/ows1.com.br\/rosana\/?cat=1\" rel=\"category\">Uncategorized<\/a><\/div>\t\r\n\t\t\t<\/div>\r\n\t\t\t\t\t\t\t\r\n\t\t\t\t\t<\/div>\r\n\t\t<h3 class=\"dsvy-post-title\"><a href=\"https:\/\/ows1.com.br\/rosana\/?p=46\">Preciso repor a vitamina D<\/a><\/h3>\r\n\t\t<div class=\"designervily-box-desc\">\t\r\n\t\t\t<div class=\"dsvy-read-more-link\"><a href=\"https:\/\/ows1.com.br\/rosana\/?p=46\"><span>Leia Mais<\/span><\/a><\/div>\t\r\n\t\t<\/div>\r\n\t<\/div>\r\n<\/div><\/article><article class=\"dsvy-ele dsvy-ele-blog dsvy-blog-style-1 col-md-4 treatment dsvy-even dsvy-col-odd\"><div class=\"post-item\">\r\n\t<div class=\"dsvy-featured-container\">\r\n\t\t<div class=\"dsvy-featured-wrapper\"><a href=\"https:\/\/ows1.com.br\/rosana\/?p=45\"><img loading=\"lazy\" width=\"770\" height=\"635\" src=\"https:\/\/ows1.com.br\/rosana\/wp-content\/uploads\/2020\/06\/189819889_305571704510631_1533898957527459239_n-770x635.jpg\" class=\"attachment-dsvy-img-770x635 size-dsvy-img-770x635 wp-post-image\" alt=\"\" \/><\/a><\/div>\t\t\t\r\n\t<\/div>\r\n\t<div class=\"designervily-box-content\">\t\r\n\t\t\t<div class=\"dsvy-meta-date-wrapper dsvy-meta-line\">\t\t\t\t\t\r\n\t\t\t\t<span class=\"dsvy-meta-date\">26<\/span>\r\n\t\t\t\t<span class=\"dsvy-meta-month\">maio<\/span>\r\n\t\t\t<\/div>\t\r\n\t\t<div class=\"dsvy-meta-container\">\t\t\t\t\t\t\r\n\t\t\t<div class=\"dsvy-meta-cat-wrapper dsvy-meta-line\">\t\t\t\t\t\r\n\t\t\t\t<div class=\"dsvy-meta-category\"><i class=\"dsvy-base-icon-folder-open-empty\"><\/i> <a href=\"https:\/\/ows1.com.br\/rosana\/?cat=2\" rel=\"category\">Treatment<\/a><\/div>\t\r\n\t\t\t<\/div>\r\n\t\t\t\t\t\t\t\r\n\t\t\t\t\t<\/div>\r\n\t\t<h3 class=\"dsvy-post-title\"><a href=\"https:\/\/ows1.com.br\/rosana\/?p=45\">5 Sintomas de problemas na Tireoide<\/a><\/h3>\r\n\t\t<div class=\"designervily-box-desc\">\t\r\n\t\t\t<div class=\"dsvy-read-more-link\"><a href=\"https:\/\/ows1.com.br\/rosana\/?p=45\"><span>Leia Mais<\/span><\/a><\/div>\t\r\n\t\t<\/div>\r\n\t<\/div>\r\n<\/div><\/article><article class=\"dsvy-ele dsvy-ele-blog dsvy-blog-style-1 col-md-4 assistance dsvy-odd dsvy-col-odd\"><div class=\"post-item\">\r\n\t<div class=\"dsvy-featured-container\">\r\n\t\t<div class=\"dsvy-featured-wrapper\"><a href=\"https:\/\/ows1.com.br\/rosana\/?p=44\"><img loading=\"lazy\" width=\"770\" height=\"635\" src=\"https:\/\/ows1.com.br\/rosana\/wp-content\/uploads\/2020\/06\/181041644_292465449154590_2750261664682448821_n-770x635.jpg\" class=\"attachment-dsvy-img-770x635 size-dsvy-img-770x635 wp-post-image\" alt=\"\" \/><\/a><\/div>\t\t\t\r\n\t<\/div>\r\n\t<div class=\"designervily-box-content\">\t\r\n\t\t\t<div class=\"dsvy-meta-date-wrapper dsvy-meta-line\">\t\t\t\t\t\r\n\t\t\t\t<span class=\"dsvy-meta-date\">05<\/span>\r\n\t\t\t\t<span class=\"dsvy-meta-month\">maio<\/span>\r\n\t\t\t<\/div>\t\r\n\t\t<div class=\"dsvy-meta-container\">\t\t\t\t\t\t\r\n\t\t\t<div class=\"dsvy-meta-cat-wrapper dsvy-meta-line\">\t\t\t\t\t\r\n\t\t\t\t<div class=\"dsvy-meta-category\"><i class=\"dsvy-base-icon-folder-open-empty\"><\/i> <a href=\"https:\/\/ows1.com.br\/rosana\/?cat=8\" rel=\"category\">Assistance<\/a><\/div>\t\r\n\t\t\t<\/div>\r\n\t\t\t\t\t\t\t\r\n\t\t\t\t\t<\/div>\r\n\t\t<h3 class=\"dsvy-post-title\"><a href=\"https:\/\/ows1.com.br\/rosana\/?p=44\">Entenda a rela\u00e7\u00e3o entre a Diabetes e a Sa\u00fade Bucal<\/a><\/h3>\r\n\t\t<div class=\"designervily-box-desc\">\t\r\n\t\t\t<div class=\"dsvy-read-more-link\"><a href=\"https:\/\/ows1.com.br\/rosana\/?p=44\"><span>Leia Mais<\/span><\/a><\/div>\t\r\n\t\t<\/div>\r\n\t<\/div>\r\n<\/div><\/article><article class=\"dsvy-ele dsvy-ele-blog dsvy-blog-style-1 col-md-4 discounts dsvy-even dsvy-col-even\"><div class=\"post-item\">\r\n\t<div class=\"dsvy-featured-container\">\r\n\t\t<div class=\"dsvy-featured-wrapper\"><a href=\"https:\/\/ows1.com.br\/rosana\/?p=43\"><img loading=\"lazy\" width=\"597\" height=\"597\" src=\"https:\/\/ows1.com.br\/rosana\/wp-content\/uploads\/2020\/08\/rosana3.jpg\" class=\"attachment-dsvy-img-770x635 size-dsvy-img-770x635 wp-post-image\" alt=\"\" srcset=\"https:\/\/ows1.com.br\/rosana\/wp-content\/uploads\/2020\/08\/rosana3.jpg 597w, https:\/\/ows1.com.br\/rosana\/wp-content\/uploads\/2020\/08\/rosana3-300x300.jpg 300w, https:\/\/ows1.com.br\/rosana\/wp-content\/uploads\/2020\/08\/rosana3-150x150.jpg 150w\" sizes=\"(max-width: 597px) 100vw, 597px\" \/><\/a><\/div>\t\t\t\r\n\t<\/div>\r\n\t<div class=\"designervily-box-content\">\t\r\n\t\t\t<div class=\"dsvy-meta-date-wrapper dsvy-meta-line\">\t\t\t\t\t\r\n\t\t\t\t<span class=\"dsvy-meta-date\">06<\/span>\r\n\t\t\t\t<span class=\"dsvy-meta-month\">jan<\/span>\r\n\t\t\t<\/div>\t\r\n\t\t<div class=\"dsvy-meta-container\">\t\t\t\t\t\t\r\n\t\t\t<div class=\"dsvy-meta-cat-wrapper dsvy-meta-line\">\t\t\t\t\t\r\n\t\t\t\t<div class=\"dsvy-meta-category\"><i class=\"dsvy-base-icon-folder-open-empty\"><\/i> <a href=\"https:\/\/ows1.com.br\/rosana\/?cat=6\" rel=\"category\">Discounts<\/a><\/div>\t\r\n\t\t\t<\/div>\r\n\t\t\t\t\t\t\t\r\n\t\t\t\t\t<\/div>\r\n\t\t<h3 class=\"dsvy-post-title\"><a href=\"https:\/\/ows1.com.br\/rosana\/?p=43\">Check-Up Endocrinol\u00f3gico, por que realizar?<\/a><\/h3>\r\n\t\t<div class=\"designervily-box-desc\">\t\r\n\t\t\t<div class=\"dsvy-read-more-link\"><a href=\"https:\/\/ows1.com.br\/rosana\/?p=43\"><span>Leia Mais<\/span><\/a><\/div>\t\r\n\t\t<\/div>\r\n\t<\/div>\r\n<\/div><\/article><article class=\"dsvy-ele dsvy-ele-blog dsvy-blog-style-1 col-md-4 treatment dsvy-odd dsvy-col-even\"><div class=\"post-item\">\r\n\t<div class=\"dsvy-featured-container\">\r\n\t\t<div class=\"dsvy-featured-wrapper\"><a href=\"https:\/\/ows1.com.br\/rosana\/?p=41\"><img loading=\"lazy\" width=\"597\" height=\"595\" src=\"https:\/\/ows1.com.br\/rosana\/wp-content\/uploads\/2020\/08\/rosanaaa.jpg\" class=\"attachment-dsvy-img-770x635 size-dsvy-img-770x635 wp-post-image\" alt=\"\" srcset=\"https:\/\/ows1.com.br\/rosana\/wp-content\/uploads\/2020\/08\/rosanaaa.jpg 597w, https:\/\/ows1.com.br\/rosana\/wp-content\/uploads\/2020\/08\/rosanaaa-300x300.jpg 300w, https:\/\/ows1.com.br\/rosana\/wp-content\/uploads\/2020\/08\/rosanaaa-150x150.jpg 150w\" sizes=\"(max-width: 597px) 100vw, 597px\" \/><\/a><\/div>\t\t\t\r\n\t<\/div>\r\n\t<div class=\"designervily-box-content\">\t\r\n\t\t\t<div class=\"dsvy-meta-date-wrapper dsvy-meta-line\">\t\t\t\t\t\r\n\t\t\t\t<span class=\"dsvy-meta-date\">22<\/span>\r\n\t\t\t\t<span class=\"dsvy-meta-month\">dez<\/span>\r\n\t\t\t<\/div>\t\r\n\t\t<div class=\"dsvy-meta-container\">\t\t\t\t\t\t\r\n\t\t\t<div class=\"dsvy-meta-cat-wrapper dsvy-meta-line\">\t\t\t\t\t\r\n\t\t\t\t<div class=\"dsvy-meta-category\"><i class=\"dsvy-base-icon-folder-open-empty\"><\/i> <a href=\"https:\/\/ows1.com.br\/rosana\/?cat=2\" rel=\"category\">Treatment<\/a><\/div>\t\r\n\t\t\t<\/div>\r\n\t\t\t\t\t\t\t\r\n\t\t\t\t\t<\/div>\r\n\t\t<h3 class=\"dsvy-post-title\"><a href=\"https:\/\/ows1.com.br\/rosana\/?p=41\">Qual a rela\u00e7\u00e3o entre Sarcopeina e Diabetes?<\/a><\/h3>\r\n\t\t<div class=\"designervily-box-desc\">\t\r\n\t\t\t<div class=\"dsvy-read-more-link\"><a href=\"https:\/\/ows1.com.br\/rosana\/?p=41\"><span>Leia Mais<\/span><\/a><\/div>\t\r\n\t\t<\/div>\r\n\t<\/div>\r\n<\/div><\/article><article class=\"dsvy-ele dsvy-ele-blog dsvy-blog-style-1 col-md-4 healthcare dsvy-even dsvy-col-even\"><div class=\"post-item\">\r\n\t<div class=\"dsvy-featured-container\">\r\n\t\t<div class=\"dsvy-featured-wrapper\"><a href=\"https:\/\/ows1.com.br\/rosana\/?p=42\"><img loading=\"lazy\" width=\"597\" height=\"595\" src=\"https:\/\/ows1.com.br\/rosana\/wp-content\/uploads\/2020\/08\/rosana-2.jpg\" class=\"attachment-dsvy-img-770x635 size-dsvy-img-770x635 wp-post-image\" alt=\"\" srcset=\"https:\/\/ows1.com.br\/rosana\/wp-content\/uploads\/2020\/08\/rosana-2.jpg 597w, https:\/\/ows1.com.br\/rosana\/wp-content\/uploads\/2020\/08\/rosana-2-300x300.jpg 300w, https:\/\/ows1.com.br\/rosana\/wp-content\/uploads\/2020\/08\/rosana-2-150x150.jpg 150w\" sizes=\"(max-width: 597px) 100vw, 597px\" \/><\/a><\/div>\t\t\t\r\n\t<\/div>\r\n\t<div class=\"designervily-box-content\">\t\r\n\t\t\t<div class=\"dsvy-meta-date-wrapper dsvy-meta-line\">\t\t\t\t\t\r\n\t\t\t\t<span class=\"dsvy-meta-date\">09<\/span>\r\n\t\t\t\t<span class=\"dsvy-meta-month\">dez<\/span>\r\n\t\t\t<\/div>\t\r\n\t\t<div class=\"dsvy-meta-container\">\t\t\t\t\t\t\r\n\t\t\t<div class=\"dsvy-meta-cat-wrapper dsvy-meta-line\">\t\t\t\t\t\r\n\t\t\t\t<div class=\"dsvy-meta-category\"><i class=\"dsvy-base-icon-folder-open-empty\"><\/i> <a href=\"https:\/\/ows1.com.br\/rosana\/?cat=4\" rel=\"category\">Healthcare<\/a><\/div>\t\r\n\t\t\t<\/div>\r\n\t\t\t\t\t\t\t\r\n\t\t\t\t\t<\/div>\r\n\t\t<h3 class=\"dsvy-post-title\"><a href=\"https:\/\/ows1.com.br\/rosana\/?p=42\">Vamos falar sobre o hipotireoidismo cong\u00eanito ?<\/a><\/h3>\r\n\t\t<div class=\"designervily-box-desc\">\t\r\n\t\t\t<div class=\"dsvy-read-more-link\"><a href=\"https:\/\/ows1.com.br\/rosana\/?p=42\"><span>Leia Mais<\/span><\/a><\/div>\t\r\n\t\t<\/div>\r\n\t<\/div>\r\n<\/div><\/article>\r\n\t\t\t<\/div>\r\n\r\n\t\t\t\r\n\t\t\r\n\t\t<\/div><!-- .designervily-element-inner -->   <\/div><!-- .designervily-element -->  \r\n\t    \t\t<\/div>\n\t\t\t\t<\/div>\n\t\t\t\t\t\t<\/div>\n\t\t\t\t\t<\/div>\n\t\t<\/div>\n\t\t\t\t\t\t\t\t<\/div>\n\t\t\t\t\t<\/div>\n\t\t<\/section>\n\t\t\t\t\t\t<\/div>\n\t\t\t\t\t\t<\/div>\n\t\t\t\t\t<\/div>\n\t\t","protected":false},"excerpt":{"rendered":"<p>27 Aug Treatment Is Running Really Good for the Heart? Read More 27 Aug Healthcare Modeling data increase to endovascular therapy Read More 27 Aug Discounts Get the Exercise Tips for Limited Mobility Read More 03 Jun Assistance Hard content we decide ourselves a intently Read More 03 Jun Treatment Heart Failure Treatment: High Blood Pressure Read More 03 Jun Assistance . Uncategorized For Examination of kids get Special offers[&hellip;]<\/p>\n","protected":false},"author":1,"featured_media":0,"parent":0,"menu_order":14,"comment_status":"closed","ping_status":"closed","template":"","meta":[],"_links":{"self":[{"href":"https:\/\/ows1.com.br\/rosana\/index.php?rest_route=\/wp\/v2\/pages\/59"}],"collection":[{"href":"https:\/\/ows1.com.br\/rosana\/index.php?rest_route=\/wp\/v2\/pages"}],"about":[{"href":"https:\/\/ows1.com.br\/rosana\/index.php?rest_route=\/wp\/v2\/types\/page"}],"author":[{"embeddable":true,"href":"https:\/\/ows1.com.br\/rosana\/index.php?rest_route=\/wp\/v2\/users\/1"}],"replies":[{"embeddable":true,"href":"https:\/\/ows1.com.br\/rosana\/index.php?rest_route=%2Fwp%2Fv2%2Fcomments&post=59"}],"version-history":[{"count":1,"href":"https:\/\/ows1.com.br\/rosana\/index.php?rest_route=\/wp\/v2\/pages\/59\/revisions"}],"predecessor-version":[{"id":225,"href":"https:\/\/ows1.com.br\/rosana\/index.php?rest_route=\/wp\/v2\/pages\/59\/revisions\/225"}],"wp:attachment":[{"href":"https:\/\/ows1.com.br\/rosana\/index.php?rest_route=%2Fwp%2Fv2%2Fmedia&parent=59"}],"curies":[{"name":"wp","href":"https:\/\/api.w.org\/{rel}","templated":true}]}}