{"id":60,"date":"2020-06-03T09:25:39","date_gmt":"2020-06-03T09:25:39","guid":{"rendered":"http:\/\/cardioly.designervily.com\/demo1\/?page_id=12842"},"modified":"2021-04-06T21:00:14","modified_gmt":"2021-04-06T21:00:14","slug":"contact-us","status":"publish","type":"page","link":"https:\/\/ows1.com.br\/rosana\/?page_id=60","title":{"rendered":"Contato"},"content":{"rendered":"\t\t<div data-elementor-type=\"wp-page\" data-elementor-id=\"60\" class=\"elementor elementor-60\" data-elementor-settings=\"[]\">\n\t\t\t\t\t\t<div class=\"elementor-inner\">\n\t\t\t\t\t\t\t<div class=\"elementor-section-wrap\">\n\t\t\t\t\t\t\t<div class=\"elementor-section elementor-top-section elementor-element elementor-element-dc7d2df elementor-section-stretched elementor-section-full_width dsvy-col-stretched-none dsvy-bg-color-over-image elementor-section-height-default elementor-section-height-default\" data-id=\"dc7d2df\" data-element_type=\"section\" data-settings=\"{&quot;stretch_section&quot;:&quot;section-stretched&quot;}\">\n\t\t\t\t\t\t<div class=\"elementor-container elementor-column-gap-no\">\n\t\t\t\t\t\t\t<div class=\"elementor-row\">\n\t\t\t\t\t<div class=\"elementor-column elementor-col-100 elementor-top-column elementor-element elementor-element-0352a74 dsvy-bg-color-over-image\" data-id=\"0352a74\" data-element_type=\"column\">\n\t\t\t<div class=\"elementor-column-wrap elementor-element-populated\">\n\t\t\t\t\t\t\t<div class=\"elementor-widget-wrap\">\n\t\t\t\t\t\t<div class=\"elementor-element elementor-element-b6dd92d elementor-widget elementor-widget-google_maps\" data-id=\"b6dd92d\" data-element_type=\"widget\" data-widget_type=\"google_maps.default\">\n\t\t\t\t<div class=\"elementor-widget-container\">\n\t\t\t<div class=\"elementor-custom-embed\"><iframe frameborder=\"0\" scrolling=\"no\" marginheight=\"0\" marginwidth=\"0\" src=\"https:\/\/maps.google.com\/maps?q=Av.%20Brasil%20Oeste%2C%20560%20-%20Centro%2C%20Passo%20Fundo%20-%20RS%2C%2099010-001&amp;t=m&amp;z=16&amp;output=embed&amp;iwloc=near\" title=\"Av. Brasil Oeste, 560 - Centro, Passo Fundo - RS, 99010-001\" aria-label=\"Av. Brasil Oeste, 560 - Centro, Passo Fundo - RS, 99010-001\"><\/iframe><\/div>\t\t<\/div>\n\t\t\t\t<\/div>\n\t\t\t\t\t\t<\/div>\n\t\t\t\t\t<\/div>\n\t\t<\/div>\n\t\t\t\t\t\t\t\t<\/div>\n\t\t\t\t\t<\/div>\n\t\t<\/div>\n\t\t\t\t<div class=\"elementor-section elementor-top-section elementor-element elementor-element-6c287db dsvy-col-stretched-none dsvy-bg-color-over-image elementor-section-boxed elementor-section-height-default elementor-section-height-default\" data-id=\"6c287db\" data-element_type=\"section\">\n\t\t\t\t\t\t<div class=\"elementor-container elementor-column-gap-no\">\n\t\t\t\t\t\t\t<div class=\"elementor-row\">\n\t\t\t\t\t<div class=\"elementor-column elementor-col-100 elementor-top-column elementor-element elementor-element-b0f9a8d dsvy-bg-color-over-image\" data-id=\"b0f9a8d\" data-element_type=\"column\">\n\t\t\t<div class=\"elementor-column-wrap elementor-element-populated\">\n\t\t\t\t\t\t\t<div class=\"elementor-widget-wrap\">\n\t\t\t\t\t\t<div class=\"elementor-section elementor-inner-section elementor-element elementor-element-b95d3ec elementor-section-content-middle dsvy-col-stretched-none dsvy-bg-color-over-image elementor-section-boxed elementor-section-height-default elementor-section-height-default\" data-id=\"b95d3ec\" data-element_type=\"section\">\n\t\t\t\t\t\t<div class=\"elementor-container elementor-column-gap-no\">\n\t\t\t\t\t\t\t<div class=\"elementor-row\">\n\t\t\t\t\t<div class=\"elementor-column elementor-col-50 elementor-inner-column elementor-element elementor-element-f5d8b20 dsvy-bg-color-yes dsvy-elementor-bg-color-white dsvy-bg-color-over-image\" data-id=\"f5d8b20\" data-element_type=\"column\">\n\t\t\t<div class=\"elementor-column-wrap elementor-element-populated\">\n\t\t\t\t\t\t\t<div class=\"elementor-widget-wrap\">\n\t\t\t\t\t\t<div class=\"elementor-element elementor-element-0a98a69 elementor-widget elementor-widget-dsvy_icon_heading\" data-id=\"0a98a69\" data-element_type=\"widget\" data-widget_type=\"dsvy_icon_heading.default\">\n\t\t\t\t<div class=\"elementor-widget-container\">\n\t\t\t<div class=\"dsvy-ihbox dsvy-ihbox-style-3\">\r\n<div class=\"dsvy-ihbox-box d-flex\">\r\n\t<div class=\"dsvy-ihbox-icon\"><div class=\"dsvy-ihbox-icon-wrapper\"><i class=\"mdi mdi-local-phone\"><\/i><\/div><\/div>\t<div class=\"dsvy-ihbox-contents\">\r\n\t\t<h2 class=\"dsvy-element-title\">\r\n\t\t\t\t\t\r\n\t\t\t\t\t\tTelefone\r\n\t\t\t\t\t\r\n\t\t\t\t\t<\/h2>\r\n\t\t\t\t\t\t\t\t<div class=\"dsvy-heading-desc\">(54) 3622.5538<br>\n(54) 9.9168.3501 Cl\u00ednica <\/div>\t\t\t<\/div><!-- .dsvy-ihbox-contents -->\r\n<\/div><\/div>\t\t<\/div>\n\t\t\t\t<\/div>\n\t\t\t\t<div class=\"elementor-element elementor-element-0a46db6 elementor-widget elementor-widget-dsvy_icon_heading\" data-id=\"0a46db6\" data-element_type=\"widget\" data-widget_type=\"dsvy_icon_heading.default\">\n\t\t\t\t<div class=\"elementor-widget-container\">\n\t\t\t<div class=\"dsvy-ihbox dsvy-ihbox-style-3\">\r\n<div class=\"dsvy-ihbox-box d-flex\">\r\n\t<div class=\"dsvy-ihbox-icon\"><div class=\"dsvy-ihbox-icon-wrapper\"><i class=\"mdi mdi-location-city\"><\/i><\/div><\/div>\t<div class=\"dsvy-ihbox-contents\">\r\n\t\t<h2 class=\"dsvy-element-title\">\r\n\t\t\t\t\t\r\n\t\t\t\t\t\tLocaliza\u00e7\u00e3o\r\n\t\t\t\t\t\r\n\t\t\t\t\t<\/h2>\r\n\t\t\t\t\t\t\t\t<div class=\"dsvy-heading-desc\">Offices Bella Citta<br>\nAv. Brasil Oeste 560, S. 2807<br>\nCentro - Passo Fundo\/RS<br>\nCEP: 99025 -000<\/div>\t\t\t<\/div><!-- .dsvy-ihbox-contents -->\r\n<\/div><\/div>\t\t<\/div>\n\t\t\t\t<\/div>\n\t\t\t\t<div class=\"elementor-element elementor-element-5c1914b elementor-widget elementor-widget-dsvy_icon_heading\" data-id=\"5c1914b\" data-element_type=\"widget\" data-widget_type=\"dsvy_icon_heading.default\">\n\t\t\t\t<div class=\"elementor-widget-container\">\n\t\t\t<div class=\"dsvy-ihbox dsvy-ihbox-style-3\">\r\n<div class=\"dsvy-ihbox-box d-flex\">\r\n\t<div class=\"dsvy-ihbox-icon\"><div class=\"dsvy-ihbox-icon-wrapper\"><i class=\"mdi mdi-email\"><\/i><\/div><\/div>\t<div class=\"dsvy-ihbox-contents\">\r\n\t\t<h2 class=\"dsvy-element-title\">\r\n\t\t\t\t\t\r\n\t\t\t\t\t\tE-mail\n\r\n\t\t\t\t\t\r\n\t\t\t\t\t<\/h2>\r\n\t\t\t\t\t\t\t\t<div class=\"dsvy-heading-desc\">contato@rosanamartins.com.br<\/div>\t\t\t<\/div><!-- .dsvy-ihbox-contents -->\r\n<\/div><\/div>\t\t<\/div>\n\t\t\t\t<\/div>\n\t\t\t\t<div class=\"elementor-element elementor-element-1fd07e9 dsvy-contact-social-area elementor-widget elementor-widget-text-editor\" data-id=\"1fd07e9\" data-element_type=\"widget\" data-widget_type=\"text-editor.default\">\n\t\t\t\t<div class=\"elementor-widget-container\">\n\t\t\t\t\t<div class=\"elementor-text-editor elementor-clearfix\"><ul class=\"dsvy-social-links\"><li class=\"dsvy-social-li dsvy-social-facebook \"><a  href=\"https:\/\/www.facebook.com\/DraRosanaMartins1\" target=\"_blank\"><span><i class=\"dsvy-base-icon-facebook-squared\"><\/i><\/span><\/a><\/li><li class=\"dsvy-social-li dsvy-social-instagram \"><a  href=\"https:\/\/www.instagram.com\/drarosanamartins\/\" target=\"_blank\"><span><i class=\"dsvy-base-icon-instagram\"><\/i><\/span><\/a><\/li><\/ul><\/div>\n\t\t\t\t<\/div>\n\t\t\t\t<\/div>\n\t\t\t\t\t\t<\/div>\n\t\t\t\t\t<\/div>\n\t\t<\/div>\n\t\t\t\t<div class=\"elementor-column elementor-col-50 elementor-inner-column elementor-element elementor-element-399301f dsvy-bg-color-yes dsvy-elementor-bg-color-blackish dsvy-bg-color-over-image\" data-id=\"399301f\" data-element_type=\"column\">\n\t\t\t<div class=\"elementor-column-wrap elementor-element-populated\">\n\t\t\t\t\t\t\t<div class=\"elementor-widget-wrap\">\n\t\t\t\t\t\t<div class=\"elementor-element elementor-element-7d7dd33 elementor-widget elementor-widget-heading\" data-id=\"7d7dd33\" data-element_type=\"widget\" data-widget_type=\"heading.default\">\n\t\t\t\t<div class=\"elementor-widget-container\">\n\t\t\t<h3 class=\"elementor-heading-title elementor-size-default\">Entre em contato<\/h3>\t\t<\/div>\n\t\t\t\t<\/div>\n\t\t\t\t<div class=\"elementor-element elementor-element-557804e elementor-widget elementor-widget-text-editor\" data-id=\"557804e\" data-element_type=\"widget\" data-widget_type=\"text-editor.default\">\n\t\t\t\t<div class=\"elementor-widget-container\">\n\t\t\t\t\t<div class=\"elementor-text-editor elementor-clearfix\"><p>Sinta-se \u00e0 vontade para contactar-nos a qualquer hora. Entraremos em contato assim que poss\u00edvel\u00a0<\/p><\/div>\n\t\t\t\t<\/div>\n\t\t\t\t<\/div>\n\t\t\t\t<div class=\"elementor-element elementor-element-13ac7e6 elementor-widget elementor-widget-shortcode\" data-id=\"13ac7e6\" data-element_type=\"widget\" data-widget_type=\"shortcode.default\">\n\t\t\t\t<div class=\"elementor-widget-container\">\n\t\t\t\t\t<div class=\"elementor-shortcode\"><div role=\"form\" class=\"wpcf7\" id=\"wpcf7-f40-o1\" lang=\"en-US\" dir=\"ltr\">\n<div class=\"screen-reader-response\"><p role=\"status\" aria-live=\"polite\" aria-atomic=\"true\"><\/p> <ul><\/ul><\/div>\n<form action=\"\/rosana\/index.php?rest_route=%2Fwp%2Fv2%2Fpages%2F60#wpcf7-f40-o1\" method=\"post\" class=\"wpcf7-form init\" novalidate=\"novalidate\" data-status=\"init\">\n<div style=\"display: none;\">\n<input type=\"hidden\" name=\"_wpcf7\" value=\"40\" \/>\n<input type=\"hidden\" name=\"_wpcf7_version\" value=\"5.4.1\" \/>\n<input type=\"hidden\" name=\"_wpcf7_locale\" value=\"en_US\" \/>\n<input type=\"hidden\" name=\"_wpcf7_unit_tag\" value=\"wpcf7-f40-o1\" \/>\n<input type=\"hidden\" name=\"_wpcf7_container_post\" value=\"0\" \/>\n<input type=\"hidden\" name=\"_wpcf7_posted_data_hash\" value=\"\" \/>\n<\/div>\n<div class=\"main-form dsvy-form-style-1\">\n<div class=\"row\">\n<div class=\"col-md-6\">\n<div class=\"input-group\"><span class=\"wpcf7-form-control-wrap your-name\"><input type=\"text\" name=\"your-name\" value=\"\" size=\"40\" class=\"wpcf7-form-control wpcf7-text\" aria-invalid=\"false\" placeholder=\"Nome\" \/><\/span><\/div>\n<\/div>\n<div class=\"col-md-6\">\n<div class=\"input-group\"><span class=\"wpcf7-form-control-wrap your-email\"><input type=\"text\" name=\"your-email\" value=\"\" size=\"40\" class=\"wpcf7-form-control wpcf7-text\" aria-invalid=\"false\" placeholder=\"Email\" \/><\/span><\/div>\n<\/div>\n<div class=\"col-md-6\">\n<div class=\"input-group\"><span class=\"wpcf7-form-control-wrap phone\"><input type=\"text\" name=\"phone\" value=\"\" size=\"40\" class=\"wpcf7-form-control wpcf7-text\" aria-invalid=\"false\" placeholder=\"Telefone\" \/><\/span><\/div>\n<\/div>\n<div class=\"col-md-6\">\n<div class=\"input-group\"><span class=\"wpcf7-form-control-wrap text-99\"><input type=\"text\" name=\"text-99\" value=\"\" size=\"40\" class=\"wpcf7-form-control wpcf7-text\" aria-invalid=\"false\" placeholder=\"Assunto\" \/><\/span><\/div>\n<\/div>\n<div class=\"col-md-12\">\n<div class=\"input-group input-button\"><span class=\"wpcf7-form-control-wrap message\"><textarea name=\"message\" cols=\"40\" rows=\"6\" class=\"wpcf7-form-control wpcf7-textarea\" aria-invalid=\"false\" placeholder=\"Mensagem\"><\/textarea><\/span><\/div>\n<\/div>\n<div class=\"col-md-6\">\n<div class=\"input-group input-button\"><input type=\"submit\" value=\"Enviar Mensagem\" class=\"wpcf7-form-control wpcf7-submit btn-block\" \/><\/div>\n<\/div>\n<\/div>\n<\/div>\n<div class=\"wpcf7-response-output\" aria-hidden=\"true\"><\/div><\/form><\/div><\/div>\n\t\t\t\t<\/div>\n\t\t\t\t<\/div>\n\t\t\t\t\t\t<\/div>\n\t\t\t\t\t<\/div>\n\t\t<\/div>\n\t\t\t\t\t\t\t\t<\/div>\n\t\t\t\t\t<\/div>\n\t\t<\/div>\n\t\t\t\t\t\t<\/div>\n\t\t\t\t\t<\/div>\n\t\t<\/div>\n\t\t\t\t\t\t\t\t<\/div>\n\t\t\t\t\t<\/div>\n\t\t<\/div>\n\t\t\t\t\t\t<\/div>\n\t\t\t\t\t\t<\/div>\n\t\t\t\t\t<\/div>\n\t\t","protected":false},"excerpt":{"rendered":"<p>Telefone (54) 3622.5538 (54) 9.9168.3501 Cl\u00ednica Localiza\u00e7\u00e3o Offices Bella Citta Av. Brasil Oeste 560, S. 2807 Centro &#8211; Passo Fundo\/RS CEP: 99025 -000 E-mail contato@rosanamartins.com.br Entre em contato Sinta-se \u00e0 vontade para contactar-nos a qualquer hora. Entraremos em contato assim que poss\u00edvel\u00a0<\/p>\n","protected":false},"author":1,"featured_media":0,"parent":0,"menu_order":15,"comment_status":"closed","ping_status":"closed","template":"","meta":[],"_links":{"self":[{"href":"https:\/\/ows1.com.br\/rosana\/index.php?rest_route=\/wp\/v2\/pages\/60"}],"collection":[{"href":"https:\/\/ows1.com.br\/rosana\/index.php?rest_route=\/wp\/v2\/pages"}],"about":[{"href":"https:\/\/ows1.com.br\/rosana\/index.php?rest_route=\/wp\/v2\/types\/page"}],"author":[{"embeddable":true,"href":"https:\/\/ows1.com.br\/rosana\/index.php?rest_route=\/wp\/v2\/users\/1"}],"replies":[{"embeddable":true,"href":"https:\/\/ows1.com.br\/rosana\/index.php?rest_route=%2Fwp%2Fv2%2Fcomments&post=60"}],"version-history":[{"count":40,"href":"https:\/\/ows1.com.br\/rosana\/index.php?rest_route=\/wp\/v2\/pages\/60\/revisions"}],"predecessor-version":[{"id":303,"href":"https:\/\/ows1.com.br\/rosana\/index.php?rest_route=\/wp\/v2\/pages\/60\/revisions\/303"}],"wp:attachment":[{"href":"https:\/\/ows1.com.br\/rosana\/index.php?rest_route=%2Fwp%2Fv2%2Fmedia&parent=60"}],"curies":[{"name":"wp","href":"https:\/\/api.w.org\/{rel}","templated":true}]}}