{"id":66,"date":"2020-05-30T03:47:46","date_gmt":"2020-05-30T03:47:46","guid":{"rendered":"http:\/\/cardioly.designervily.com\/demo1\/?page_id=12661"},"modified":"2022-02-07T19:17:18","modified_gmt":"2022-02-07T19:17:18","slug":"about-us","status":"publish","type":"page","link":"https:\/\/ows1.com.br\/rosana\/?page_id=66","title":{"rendered":"Sobre n\u00f3s"},"content":{"rendered":"\t\t<div data-elementor-type=\"wp-page\" data-elementor-id=\"66\" class=\"elementor elementor-66\" data-elementor-settings=\"[]\">\n\t\t\t\t\t\t<div class=\"elementor-inner\">\n\t\t\t\t\t\t\t<div class=\"elementor-section-wrap\">\n\t\t\t\t\t\t\t<section class=\"elementor-section elementor-top-section elementor-element elementor-element-e084afd dsvy-bg-color-yes dsvy-elementor-bg-color-white elementor-section-content-middle dsvy-col-stretched-none dsvy-bg-color-over-image elementor-section-boxed elementor-section-height-default elementor-section-height-default\" data-id=\"e084afd\" data-element_type=\"section\">\n\t\t\t\t\t\t<div class=\"elementor-container elementor-column-gap-no\">\n\t\t\t\t\t\t\t<div class=\"elementor-row\">\n\t\t\t\t\t<div class=\"elementor-column elementor-col-50 elementor-top-column elementor-element elementor-element-4ed2f04 dsvy-bg-color-over-image\" data-id=\"4ed2f04\" data-element_type=\"column\">\n\t\t\t<div class=\"elementor-column-wrap elementor-element-populated\">\n\t\t\t\t\t\t\t<div class=\"elementor-widget-wrap\">\n\t\t\t\t\t\t<div class=\"elementor-element elementor-element-5d07282 elementor-widget elementor-widget-image\" data-id=\"5d07282\" data-element_type=\"widget\" data-widget_type=\"image.default\">\n\t\t\t\t<div class=\"elementor-widget-container\">\n\t\t\t\t\t<div class=\"elementor-image\">\n\t\t\t\t\t\t\t\t\t\t<img src=\"https:\/\/ows1.com.br\/rosana\/wp-content\/uploads\/elementor\/thumbs\/IMG_4806-scaled-pk68cbncsb60uyszjl1v28ttbzq6m6jzr5acaa0aio.jpg\" title=\"IMG_4806\" alt=\"IMG_4806\" \/>\t\t\t\t\t\t\t\t\t\t\t<\/div>\n\t\t\t\t<\/div>\n\t\t\t\t<\/div>\n\t\t\t\t\t\t<\/div>\n\t\t\t\t\t<\/div>\n\t\t<\/div>\n\t\t\t\t<div class=\"elementor-column elementor-col-50 elementor-top-column elementor-element elementor-element-8d897e1 dsvy-bg-color-over-image\" data-id=\"8d897e1\" data-element_type=\"column\">\n\t\t\t<div class=\"elementor-column-wrap elementor-element-populated\">\n\t\t\t\t\t\t\t<div class=\"elementor-widget-wrap\">\n\t\t\t\t\t\t<div class=\"elementor-element elementor-element-2b3136b dsvy-align-left elementor-widget elementor-widget-dsvy_heading\" data-id=\"2b3136b\" data-element_type=\"widget\" data-widget_type=\"dsvy_heading.default\">\n\t\t\t\t<div class=\"elementor-widget-container\">\n\t\t\t\t<div class=\"dsvy-heading-subheading left-align dsvy-reverse-heading-yes\"><h4 class=\"dsvy-element-subtitle\">\r\n\t\t\t\r\n\t\t\t\tQuem somos \r\n\t\t\t\r\n\t\t\t<\/h4>\r\n\t\t<h2 class=\"dsvy-element-title\">\r\n\t\t\t\r\n\t\t\t\tConhe\u00e7a a Dra. Rosana Martins\r\n\t\t\t\r\n\t\t\t<\/h2>\r\n\t\t<\/div>\t\t<\/div>\n\t\t\t\t<\/div>\n\t\t\t\t<div class=\"elementor-element elementor-element-cb940aa elementor-widget elementor-widget-text-editor\" data-id=\"cb940aa\" data-element_type=\"widget\" data-widget_type=\"text-editor.default\">\n\t\t\t\t<div class=\"elementor-widget-container\">\n\t\t\t\t\t<div class=\"elementor-text-editor elementor-clearfix\"><p>M\u00e9dica endocrinologista CRM-RS 29865 RQE 24371<br \/>Atende em consult\u00f3rio particular na cidade de Passo Fundo\/RS desde Mar\u00e7o de 2011.<\/p><p>A Dra. Rosana Martins possui gradua\u00e7\u00e3o em medicina pela Universidade de Passo Fundo (UPF) e<br \/>resid\u00eancia m\u00e9dica em Medicina Interna pelo Hospital S\u00e3o Vicente de Paulo (HSVP). Seu curso de<\/p><p>extens\u00e3o em endocrinologia foi conclu\u00eddo no servi\u00e7o de endocrinologia do Hospital S\u00e3o Lucas da PUC-<br \/>RS, em Porto Alegre.<\/p><p>\u00c9 membro da Sociedade Brasileira de Endocrinologia (SBEM) e seu consult\u00f3rio m\u00e9dico est\u00e1 localizado<br \/>no centro de Passo Fundo.<br \/>O espa\u00e7o conta com infraestrutura completa para atendimentos de alto padr\u00e3o, sempre levando em<br \/>considera\u00e7\u00e3o a individualidade de cada paciente e suas reais necessidades.<\/p><\/div>\n\t\t\t\t<\/div>\n\t\t\t\t<\/div>\n\t\t\t\t\t\t<\/div>\n\t\t\t\t\t<\/div>\n\t\t<\/div>\n\t\t\t\t\t\t\t\t<\/div>\n\t\t\t\t\t<\/div>\n\t\t<\/section>\n\t\t\t\t<div class=\"elementor-section elementor-top-section elementor-element elementor-element-e6dc93c elementor-section-stretched dsvy-col-stretched-none dsvy-bg-color-over-image elementor-section-boxed elementor-section-height-default elementor-section-height-default\" data-id=\"e6dc93c\" data-element_type=\"section\" data-settings=\"{&quot;stretch_section&quot;:&quot;section-stretched&quot;}\">\n\t\t\t\t\t\t<div class=\"elementor-container elementor-column-gap-default\">\n\t\t\t\t\t\t\t<div class=\"elementor-row\">\n\t\t\t\t\t<div class=\"elementor-column elementor-col-100 elementor-top-column elementor-element elementor-element-54b9121 dsvy-bg-color-over-image\" data-id=\"54b9121\" data-element_type=\"column\">\n\t\t\t<div class=\"elementor-column-wrap elementor-element-populated\">\n\t\t\t\t\t\t\t<div class=\"elementor-widget-wrap\">\n\t\t\t\t\t\t<div class=\"elementor-element elementor-element-9f09ee9 elementor-skin-carousel elementor-arrows-yes elementor-pagination-type-bullets elementor-pagination-position-outside elementor-widget elementor-widget-media-carousel\" data-id=\"9f09ee9\" data-element_type=\"widget\" data-settings=\"{&quot;skin&quot;:&quot;carousel&quot;,&quot;effect&quot;:&quot;slide&quot;,&quot;show_arrows&quot;:&quot;yes&quot;,&quot;pagination&quot;:&quot;bullets&quot;,&quot;speed&quot;:500,&quot;autoplay&quot;:&quot;yes&quot;,&quot;autoplay_speed&quot;:5000,&quot;loop&quot;:&quot;yes&quot;,&quot;pause_on_hover&quot;:&quot;yes&quot;,&quot;pause_on_interaction&quot;:&quot;yes&quot;,&quot;space_between&quot;:{&quot;unit&quot;:&quot;px&quot;,&quot;size&quot;:10,&quot;sizes&quot;:[]},&quot;space_between_tablet&quot;:{&quot;unit&quot;:&quot;px&quot;,&quot;size&quot;:10,&quot;sizes&quot;:[]},&quot;space_between_mobile&quot;:{&quot;unit&quot;:&quot;px&quot;,&quot;size&quot;:10,&quot;sizes&quot;:[]}}\" data-widget_type=\"media-carousel.default\">\n\t\t\t\t<div class=\"elementor-widget-container\">\n\t\t\t\t\t<div class=\"elementor-swiper\">\n\t\t\t<div class=\"elementor-main-swiper swiper-container\">\n\t\t\t\t<div class=\"swiper-wrapper\">\n\t\t\t\t\t\t\t\t\t\t\t<div class=\"swiper-slide\">\n\t\t\t\t\t\t\t\t\t<div class=\"elementor-carousel-image\" style=\"background-image: url(https:\/\/ows1.com.br\/rosana\/wp-content\/uploads\/2022\/02\/recepcao-3-scaled.jpg)\">\n\t\t\t\t\t<\/div>\n\t\t\t\t\t\t\t\t<\/div>\n\t\t\t\t\t\t\t\t\t\t\t<div class=\"swiper-slide\">\n\t\t\t\t\t\t\t\t\t<div class=\"elementor-carousel-image\" style=\"background-image: url(https:\/\/ows1.com.br\/rosana\/wp-content\/uploads\/2022\/02\/recepcao-1-scaled.jpg)\">\n\t\t\t\t\t<\/div>\n\t\t\t\t\t\t\t\t<\/div>\n\t\t\t\t\t\t\t\t\t\t\t<div class=\"swiper-slide\">\n\t\t\t\t\t\t\t\t\t<div class=\"elementor-carousel-image\" style=\"background-image: url(https:\/\/ows1.com.br\/rosana\/wp-content\/uploads\/2022\/02\/consultorio-3-scaled.jpg)\">\n\t\t\t\t\t<\/div>\n\t\t\t\t\t\t\t\t<\/div>\n\t\t\t\t\t\t\t\t\t\t\t<div class=\"swiper-slide\">\n\t\t\t\t\t\t\t\t\t<div class=\"elementor-carousel-image\" style=\"background-image: url(https:\/\/ows1.com.br\/rosana\/wp-content\/uploads\/2022\/02\/consultorio-2-scaled.jpg)\">\n\t\t\t\t\t<\/div>\n\t\t\t\t\t\t\t\t<\/div>\n\t\t\t\t\t\t\t\t\t\t\t<div class=\"swiper-slide\">\n\t\t\t\t\t\t\t\t\t<div class=\"elementor-carousel-image\" style=\"background-image: url(https:\/\/ows1.com.br\/rosana\/wp-content\/uploads\/2022\/02\/consultorio-1-scaled.jpg)\">\n\t\t\t\t\t<\/div>\n\t\t\t\t\t\t\t\t<\/div>\n\t\t\t\t\t\t\t\t\t<\/div>\n\t\t\t\t\t\t\t\t\t\t\t\t\t\t\t<div class=\"swiper-pagination\"><\/div>\n\t\t\t\t\t\t\t\t\t\t\t\t\t\t\t\t<div class=\"elementor-swiper-button elementor-swiper-button-prev\">\n\t\t\t\t\t\t\t<i class=\"eicon-chevron-left\" aria-hidden=\"true\"><\/i>\n\t\t\t\t\t\t\t<span class=\"elementor-screen-only\">Previous<\/span>\n\t\t\t\t\t\t<\/div>\n\t\t\t\t\t\t<div class=\"elementor-swiper-button elementor-swiper-button-next\">\n\t\t\t\t\t\t\t<i class=\"eicon-chevron-right\" aria-hidden=\"true\"><\/i>\n\t\t\t\t\t\t\t<span class=\"elementor-screen-only\">Next<\/span>\n\t\t\t\t\t\t<\/div>\n\t\t\t\t\t\t\t\t\t\t\t\t<\/div>\n\t\t<\/div>\n\t\t\t\t<\/div>\n\t\t\t\t<\/div>\n\t\t\t\t\t\t<\/div>\n\t\t\t\t\t<\/div>\n\t\t<\/div>\n\t\t\t\t\t\t\t\t<\/div>\n\t\t\t\t\t<\/div>\n\t\t<\/div>\n\t\t\t\t<div class=\"elementor-section elementor-top-section elementor-element elementor-element-bfdb538 dsvy-col-stretched-none dsvy-bg-color-over-image elementor-section-boxed elementor-section-height-default elementor-section-height-default\" data-id=\"bfdb538\" data-element_type=\"section\">\n\t\t\t\t\t\t<div class=\"elementor-container elementor-column-gap-default\">\n\t\t\t\t\t\t\t<div class=\"elementor-row\">\n\t\t\t\t\t<div class=\"elementor-column elementor-col-100 elementor-top-column elementor-element elementor-element-af98cef dsvy-bg-color-over-image\" data-id=\"af98cef\" data-element_type=\"column\">\n\t\t\t<div class=\"elementor-column-wrap elementor-element-populated\">\n\t\t\t\t\t\t\t<div class=\"elementor-widget-wrap\">\n\t\t\t\t\t\t<div class=\"elementor-element elementor-element-ad0ab4b elementor-widget elementor-widget-dsvy_blog_element\" data-id=\"ad0ab4b\" data-element_type=\"widget\" data-widget_type=\"dsvy_blog_element.default\">\n\t\t\t\t<div class=\"elementor-widget-container\">\n\t\t\t\r\n\t\t<div class=\"designervily-element designervily-element-blog dsvy-element-blog-style-1 designervily-element-viewtype-row-column designervily-gap-30px\" data-show=\"3\" data-columns=\"3\" data-loop=\"false\" data-autoplay=\"false\" data-center=\"false\" data-nav=\"false\" data-dots=\"false\" data-autoplayspeed=\"1000\" data-margin=\"30px\"><div class=\"designervily-element-inner\">\r\n\t\t\r\n\t\t\t<div class=\"dsvy-ele-header-area\">\r\n\t\t\t\t\t<div class=\"dsvy-heading-subheading center-align dsvy-reverse-heading-yes\"><h4 class=\"dsvy-element-subtitle\">\r\n\t\t\t\r\n\t\t\t\tLEIA NOSSO BLOG\r\n\t\t\t\r\n\t\t\t<\/h4>\r\n\t\t<h2 class=\"dsvy-element-title\">\r\n\t\t\t\r\n\t\t\t\tNot\u00edcias e conselhos em destaque\r\n\t\t\t\r\n\t\t\t<\/h2>\r\n\t\t<\/div>\r\n\t\t\t\t\r\n\t\t\t<\/div>\r\n\r\n\t\t\t<div class=\"dsvy-element-posts-wrapper row multi-columns-row\">\r\n\r\n\t\t\t<article class=\"dsvy-ele dsvy-ele-blog dsvy-blog-style-1 col-md-4 assistance uncategorized dsvy-odd dsvy-col-odd\"><div class=\"post-item\">\r\n\t<div class=\"dsvy-featured-container\">\r\n\t\t<div class=\"dsvy-featured-wrapper\"><a href=\"https:\/\/ows1.com.br\/rosana\/?p=46\"><img loading=\"lazy\" width=\"770\" height=\"635\" src=\"https:\/\/ows1.com.br\/rosana\/wp-content\/uploads\/2020\/06\/188656920_307682060966262_1680745164439378931_n-770x635.jpg\" class=\"attachment-dsvy-img-770x635 size-dsvy-img-770x635 wp-post-image\" alt=\"\" \/><\/a><\/div>\t\t\t\r\n\t<\/div>\r\n\t<div class=\"designervily-box-content\">\t\r\n\t\t\t<div class=\"dsvy-meta-date-wrapper dsvy-meta-line\">\t\t\t\t\t\r\n\t\t\t\t<span class=\"dsvy-meta-date\">29<\/span>\r\n\t\t\t\t<span class=\"dsvy-meta-month\">maio<\/span>\r\n\t\t\t<\/div>\t\r\n\t\t<div class=\"dsvy-meta-container\">\t\t\t\t\t\t\r\n\t\t\t<div class=\"dsvy-meta-cat-wrapper dsvy-meta-line\">\t\t\t\t\t\r\n\t\t\t\t<div class=\"dsvy-meta-category\"><i class=\"dsvy-base-icon-folder-open-empty\"><\/i> <a href=\"https:\/\/ows1.com.br\/rosana\/?cat=8\" rel=\"category\">Assistance<\/a> . <a href=\"https:\/\/ows1.com.br\/rosana\/?cat=1\" rel=\"category\">Uncategorized<\/a><\/div>\t\r\n\t\t\t<\/div>\r\n\t\t\t\t\t\t\t\r\n\t\t\t\t\t<\/div>\r\n\t\t<h3 class=\"dsvy-post-title\"><a href=\"https:\/\/ows1.com.br\/rosana\/?p=46\">Preciso repor a vitamina D<\/a><\/h3>\r\n\t\t<div class=\"designervily-box-desc\">\t\r\n\t\t\t<div class=\"dsvy-read-more-link\"><a href=\"https:\/\/ows1.com.br\/rosana\/?p=46\"><span>Leia Mais<\/span><\/a><\/div>\t\r\n\t\t<\/div>\r\n\t<\/div>\r\n<\/div><\/article><article class=\"dsvy-ele dsvy-ele-blog dsvy-blog-style-1 col-md-4 treatment dsvy-even dsvy-col-odd\"><div class=\"post-item\">\r\n\t<div class=\"dsvy-featured-container\">\r\n\t\t<div class=\"dsvy-featured-wrapper\"><a href=\"https:\/\/ows1.com.br\/rosana\/?p=45\"><img loading=\"lazy\" width=\"770\" height=\"635\" src=\"https:\/\/ows1.com.br\/rosana\/wp-content\/uploads\/2020\/06\/189819889_305571704510631_1533898957527459239_n-770x635.jpg\" class=\"attachment-dsvy-img-770x635 size-dsvy-img-770x635 wp-post-image\" alt=\"\" \/><\/a><\/div>\t\t\t\r\n\t<\/div>\r\n\t<div class=\"designervily-box-content\">\t\r\n\t\t\t<div class=\"dsvy-meta-date-wrapper dsvy-meta-line\">\t\t\t\t\t\r\n\t\t\t\t<span class=\"dsvy-meta-date\">26<\/span>\r\n\t\t\t\t<span class=\"dsvy-meta-month\">maio<\/span>\r\n\t\t\t<\/div>\t\r\n\t\t<div class=\"dsvy-meta-container\">\t\t\t\t\t\t\r\n\t\t\t<div class=\"dsvy-meta-cat-wrapper dsvy-meta-line\">\t\t\t\t\t\r\n\t\t\t\t<div class=\"dsvy-meta-category\"><i class=\"dsvy-base-icon-folder-open-empty\"><\/i> <a href=\"https:\/\/ows1.com.br\/rosana\/?cat=2\" rel=\"category\">Treatment<\/a><\/div>\t\r\n\t\t\t<\/div>\r\n\t\t\t\t\t\t\t\r\n\t\t\t\t\t<\/div>\r\n\t\t<h3 class=\"dsvy-post-title\"><a href=\"https:\/\/ows1.com.br\/rosana\/?p=45\">5 Sintomas de problemas na Tireoide<\/a><\/h3>\r\n\t\t<div class=\"designervily-box-desc\">\t\r\n\t\t\t<div class=\"dsvy-read-more-link\"><a href=\"https:\/\/ows1.com.br\/rosana\/?p=45\"><span>Leia Mais<\/span><\/a><\/div>\t\r\n\t\t<\/div>\r\n\t<\/div>\r\n<\/div><\/article><article class=\"dsvy-ele dsvy-ele-blog dsvy-blog-style-1 col-md-4 assistance dsvy-odd dsvy-col-odd\"><div class=\"post-item\">\r\n\t<div class=\"dsvy-featured-container\">\r\n\t\t<div class=\"dsvy-featured-wrapper\"><a href=\"https:\/\/ows1.com.br\/rosana\/?p=44\"><img loading=\"lazy\" width=\"770\" height=\"635\" src=\"https:\/\/ows1.com.br\/rosana\/wp-content\/uploads\/2020\/06\/181041644_292465449154590_2750261664682448821_n-770x635.jpg\" class=\"attachment-dsvy-img-770x635 size-dsvy-img-770x635 wp-post-image\" alt=\"\" \/><\/a><\/div>\t\t\t\r\n\t<\/div>\r\n\t<div class=\"designervily-box-content\">\t\r\n\t\t\t<div class=\"dsvy-meta-date-wrapper dsvy-meta-line\">\t\t\t\t\t\r\n\t\t\t\t<span class=\"dsvy-meta-date\">05<\/span>\r\n\t\t\t\t<span class=\"dsvy-meta-month\">maio<\/span>\r\n\t\t\t<\/div>\t\r\n\t\t<div class=\"dsvy-meta-container\">\t\t\t\t\t\t\r\n\t\t\t<div class=\"dsvy-meta-cat-wrapper dsvy-meta-line\">\t\t\t\t\t\r\n\t\t\t\t<div class=\"dsvy-meta-category\"><i class=\"dsvy-base-icon-folder-open-empty\"><\/i> <a href=\"https:\/\/ows1.com.br\/rosana\/?cat=8\" rel=\"category\">Assistance<\/a><\/div>\t\r\n\t\t\t<\/div>\r\n\t\t\t\t\t\t\t\r\n\t\t\t\t\t<\/div>\r\n\t\t<h3 class=\"dsvy-post-title\"><a href=\"https:\/\/ows1.com.br\/rosana\/?p=44\">Entenda a rela\u00e7\u00e3o entre a Diabetes e a Sa\u00fade Bucal<\/a><\/h3>\r\n\t\t<div class=\"designervily-box-desc\">\t\r\n\t\t\t<div class=\"dsvy-read-more-link\"><a href=\"https:\/\/ows1.com.br\/rosana\/?p=44\"><span>Leia Mais<\/span><\/a><\/div>\t\r\n\t\t<\/div>\r\n\t<\/div>\r\n<\/div><\/article>\r\n\t\t\t<\/div>\r\n\r\n\t\t\t\r\n\t\t\r\n\t\t<\/div><!-- .designervily-element-inner -->   <\/div><!-- .designervily-element -->  \r\n\t    \t\t<\/div>\n\t\t\t\t<\/div>\n\t\t\t\t\t\t<\/div>\n\t\t\t\t\t<\/div>\n\t\t<\/div>\n\t\t\t\t\t\t\t\t<\/div>\n\t\t\t\t\t<\/div>\n\t\t<\/div>\n\t\t\t\t\t\t<\/div>\n\t\t\t\t\t\t<\/div>\n\t\t\t\t\t<\/div>\n\t\t","protected":false},"excerpt":{"rendered":"<p>Quem somos Conhe\u00e7a a Dra. Rosana Martins M\u00e9dica endocrinologista CRM-RS 29865 RQE 24371Atende em consult\u00f3rio particular na cidade de Passo Fundo\/RS desde Mar\u00e7o de 2011. A Dra. Rosana Martins possui gradua\u00e7\u00e3o em medicina pela Universidade de Passo Fundo (UPF) eresid\u00eancia m\u00e9dica em Medicina Interna pelo Hospital S\u00e3o Vicente de Paulo (HSVP). Seu curso de extens\u00e3o em endocrinologia foi conclu\u00eddo no servi\u00e7o de endocrinologia do Hospital S\u00e3o Lucas da PUC-RS, em[&hellip;]<\/p>\n","protected":false},"author":1,"featured_media":0,"parent":0,"menu_order":4,"comment_status":"closed","ping_status":"closed","template":"elementor_header_footer","meta":[],"_links":{"self":[{"href":"https:\/\/ows1.com.br\/rosana\/index.php?rest_route=\/wp\/v2\/pages\/66"}],"collection":[{"href":"https:\/\/ows1.com.br\/rosana\/index.php?rest_route=\/wp\/v2\/pages"}],"about":[{"href":"https:\/\/ows1.com.br\/rosana\/index.php?rest_route=\/wp\/v2\/types\/page"}],"author":[{"embeddable":true,"href":"https:\/\/ows1.com.br\/rosana\/index.php?rest_route=\/wp\/v2\/users\/1"}],"replies":[{"embeddable":true,"href":"https:\/\/ows1.com.br\/rosana\/index.php?rest_route=%2Fwp%2Fv2%2Fcomments&post=66"}],"version-history":[{"count":40,"href":"https:\/\/ows1.com.br\/rosana\/index.php?rest_route=\/wp\/v2\/pages\/66\/revisions"}],"predecessor-version":[{"id":591,"href":"https:\/\/ows1.com.br\/rosana\/index.php?rest_route=\/wp\/v2\/pages\/66\/revisions\/591"}],"wp:attachment":[{"href":"https:\/\/ows1.com.br\/rosana\/index.php?rest_route=%2Fwp%2Fv2%2Fmedia&parent=66"}],"curies":[{"name":"wp","href":"https:\/\/api.w.org\/{rel}","templated":true}]}}