{"id":2056,"date":"2021-09-17T13:15:20","date_gmt":"2021-09-17T13:15:20","guid":{"rendered":"https:\/\/ows1.com.br\/sebben\/?page_id=2056"},"modified":"2022-01-20T18:38:15","modified_gmt":"2022-01-20T18:38:15","slug":"empresa","status":"publish","type":"page","link":"https:\/\/ows1.com.br\/sebben\/empresa\/","title":{"rendered":"Empresa"},"content":{"rendered":"\t\t<div data-elementor-type=\"wp-page\" data-elementor-id=\"2056\" class=\"elementor elementor-2056\" data-elementor-settings=\"[]\">\n\t\t\t\t\t\t\t<div class=\"elementor-section-wrap\">\n\t\t\t\t\t\t\t<section class=\"elementor-section elementor-top-section elementor-element elementor-element-b4fa4ea tm-column-break-ipad-no tm-col-stretched-none elementor-section-boxed elementor-section-height-default elementor-section-height-default\" data-id=\"b4fa4ea\" data-element_type=\"section\" data-settings=\"{&quot;background_background&quot;:&quot;classic&quot;}\">\n\t\t\t\t\t\t<div class=\"elementor-container elementor-column-gap-default\">\n\t\t\t\t\t<div class=\"elementor-column elementor-col-16 elementor-top-column elementor-element elementor-element-f5d480b\" data-id=\"f5d480b\" data-element_type=\"column\">\n\t\t\t<div class=\"elementor-widget-wrap\">\n\t\t\t\t\t\t\t\t\t<\/div>\n\t\t<\/div>\n\t\t\t\t<div class=\"elementor-column elementor-col-66 elementor-top-column elementor-element elementor-element-3857c12\" data-id=\"3857c12\" data-element_type=\"column\">\n\t\t\t<div class=\"elementor-widget-wrap elementor-element-populated\">\n\t\t\t\t\t\t\t\t<div class=\"elementor-element elementor-element-f04a7e0 tm-align-center elementor-widget elementor-widget-tm_heading\" data-id=\"f04a7e0\" data-element_type=\"widget\" data-widget_type=\"tm_heading.default\">\n\t\t\t\t<div class=\"elementor-widget-container\">\n\t\t\t<div class=\"tm-element-heading-content-wrapper center-align tm-reverse-heading-yes tm-seperator-solid tm-content-with-desc tm-heading-style-vertical \"><div class=\"tm-content-header\"><h4 class=\"tm-element-subheading tm-custom-heading \">\n\t\t\t\tSOBRE N\u00d3S\n\t\t\t<\/h4>\n\t\t<h2 class=\"tm-element-content-heading tm-custom-heading \">\n\t\t\t\tConhe\u00e7a A Historia Da Sebben\n\t\t\t<\/h2>\n\t\t<div class=\"heading-seperator\"><span><\/span><\/div><\/div><div class=\"tm-element-content-desctxt\">Em 22\/11\/1979 foi fundada a Dino e Zeferino Sebben Ltda, localizada em uma casa alugada no\ncentro da cidade de Marau \/ RS com o objetivo de atender as necessidades dos clientes nos ramos\nde defensivos agr\u00edcolas, adubos e corretivos.\nAp\u00f3s alguns anos de trabalho e dedica\u00e7\u00e3o surgiu a necessidade de uma nova instala\u00e7\u00e3o, um lugar\namplo que comportasse a maior demanda da regi\u00e7\u00e3o, ent\u00e3o n o ano de 1984 a empresa mudou-se\npar um novo ambiente.\nEm 2006, deu-se in\u00edcio a atividade de industrializa\u00e7\u00e3o de soja utilizando o processo por extrus\u00e3o\npara a extra\u00e7\u00e3o do farelo de soja semi-integral, farelo integral e \u00f3leo de soja bruto, para que este\nsonho se tornasse realidade, tivemos que mudar nossa ra\u00e7\u00e3o social, passando a se chamar SEBBEN\nIND\u00daSTRIA E COMERCIO DE CEREAIS LTDA., juntamente com a ind\u00fastria, inaugurou-se a\nestrutura para o recebimento de gr\u00e3os.\nAos poucos a empresa foi aumentando a capacidade, incluindo novos silos para armazenar a safra\nde nossos clientes, al\u00e9m de aumentar a capacidade de produ\u00e7\u00e3o industrial, passamos tamb\u00e9m a\ndisponibilizar o servi\u00e7o de Agricultura de Precis\u00e3o, com equipamentos pr\u00f3prios para a coleta de\namostras de solo e distribui\u00e7\u00e3o de calc\u00e1rio \u00e0 taxa vari\u00e1vel.\nEm 2018, j\u00e1 ocupando uma grande fatia do mercado do Rio Grande do Sul, iniciamos com a\nprodu\u00e7\u00e3o de Ra\u00e7\u00f5es destinadas a gado leiteiro, gado de corte, pr\u00e9-parto, novilhas, terneiras, al\u00e9m de\nequinos e ovinos, tamb\u00e9m contando com produtos como Soja Desativada e Milho mo\u00eddo.\nVisando atingir maior qualidade e produtividade, foi disponibilizado o servi\u00e7o de Nutri\u00e7\u00e3o de\nPrecis\u00e3o, um trabalho completo com an\u00e1lises e profissionais qualificados para obter o melhor\nresultado com ra\u00e7\u00f5es feitas especialmente para cada rebanho.\nAtualmente, contamos com uma equipe altamente qualificada de t\u00e9cnicos agr\u00edcolas, engenheiros\nagr\u00f4nomos e veterin\u00e1rios, prestando assist\u00eancia e orientando nossos clientes para a melhor tomada\nde decis\u00e3o em sua propriedade.\nEm 2021, completamos 42 anos, mas n\u00e3o pensamos em parar, foi dado in\u00edcio a constru\u00e7\u00e3o de uma\nnova f\u00e1brica de ra\u00e7\u00f5es, uma estrutura completamente nova, moderna e automatizada para melhor\natender nossos clientes, sempre buscando a excel\u00eancia.\nO sucesso conquistado at\u00e9 aqui s\u00f3 foi poss\u00edvel com um trabalho \u00e1rduo que fizeram parte desta\ncaminhada, clientes, fornecedores, s\u00f3cios e funcion\u00e1rios\nSEBBEN, AO LADO DO PRODUTOR O ANO TODO!\n<\/div><\/div>\t\t<\/div>\n\t\t\t\t<\/div>\n\t\t\t\t\t<\/div>\n\t\t<\/div>\n\t\t\t\t<div class=\"elementor-column elementor-col-16 elementor-top-column elementor-element elementor-element-3f00730\" data-id=\"3f00730\" data-element_type=\"column\">\n\t\t\t<div class=\"elementor-widget-wrap\">\n\t\t\t\t\t\t\t\t\t<\/div>\n\t\t<\/div>\n\t\t\t\t\t\t\t<\/div>\n\t\t<\/section>\n\t\t\t\t<section class=\"elementor-section elementor-top-section elementor-element elementor-element-47324e7 tm-column-break-ipad-no tm-col-stretched-none elementor-section-boxed elementor-section-height-default elementor-section-height-default\" data-id=\"47324e7\" data-element_type=\"section\">\n\t\t\t\t\t\t<div class=\"elementor-container elementor-column-gap-default\">\n\t\t\t\t\t<div class=\"elementor-column elementor-col-100 elementor-top-column elementor-element elementor-element-908d275\" data-id=\"908d275\" data-element_type=\"column\">\n\t\t\t<div class=\"elementor-widget-wrap elementor-element-populated\">\n\t\t\t\t\t\t\t\t<div class=\"elementor-element elementor-element-6620f96 elementor-aspect-ratio-169 elementor-widget elementor-widget-video\" data-id=\"6620f96\" data-element_type=\"widget\" data-settings=\"{&quot;video_type&quot;:&quot;hosted&quot;,&quot;controls&quot;:&quot;yes&quot;,&quot;aspect_ratio&quot;:&quot;169&quot;}\" data-widget_type=\"video.default\">\n\t\t\t\t<div class=\"elementor-widget-container\">\n\t\t\t\t\t<div class=\"e-hosted-video elementor-wrapper elementor-fit-aspect-ratio elementor-open-inline\">\n\t\t\t\t\t<video class=\"elementor-video\" src=\"https:\/\/ows1.com.br\/sebben\/wp-content\/uploads\/2022\/01\/Copia-de-VIDEO-INSTITUCIONAL-SEBBEN.mp4\" controls=\"\" controlsList=\"nodownload\"><\/video>\n\t\t\t\t<\/div>\n\t\t\t\t<\/div>\n\t\t\t\t<\/div>\n\t\t\t\t\t<\/div>\n\t\t<\/div>\n\t\t\t\t\t\t\t<\/div>\n\t\t<\/section>\n\t\t\t\t<section class=\"elementor-section elementor-top-section elementor-element elementor-element-1777513 elementor-section-full_width tm-column-break-ipad-no tm-col-stretched-none elementor-section-height-default elementor-section-height-default\" data-id=\"1777513\" data-element_type=\"section\">\n\t\t\t\t\t\t<div class=\"elementor-container elementor-column-gap-default\">\n\t\t\t\t\t<div class=\"elementor-column elementor-col-100 elementor-top-column elementor-element elementor-element-e800ec3\" data-id=\"e800ec3\" data-element_type=\"column\">\n\t\t\t<div class=\"elementor-widget-wrap elementor-element-populated\">\n\t\t\t\t\t\t\t\t<div class=\"elementor-element elementor-element-8129345 elementor-widget elementor-widget-gallery\" data-id=\"8129345\" data-element_type=\"widget\" data-settings=\"{&quot;columns&quot;:3,&quot;gap&quot;:{&quot;unit&quot;:&quot;px&quot;,&quot;size&quot;:0,&quot;sizes&quot;:[]},&quot;lazyload&quot;:&quot;yes&quot;,&quot;gallery_layout&quot;:&quot;grid&quot;,&quot;columns_tablet&quot;:2,&quot;columns_mobile&quot;:1,&quot;gap_tablet&quot;:{&quot;unit&quot;:&quot;px&quot;,&quot;size&quot;:10,&quot;sizes&quot;:[]},&quot;gap_mobile&quot;:{&quot;unit&quot;:&quot;px&quot;,&quot;size&quot;:10,&quot;sizes&quot;:[]},&quot;link_to&quot;:&quot;file&quot;,&quot;aspect_ratio&quot;:&quot;3:2&quot;,&quot;overlay_background&quot;:&quot;yes&quot;,&quot;content_hover_animation&quot;:&quot;fade-in&quot;}\" data-widget_type=\"gallery.default\">\n\t\t\t\t<div class=\"elementor-widget-container\">\n\t\t\t\t\t<div class=\"elementor-gallery__container\">\n\t\t\t\t\t\t\t<a class=\"e-gallery-item elementor-gallery-item elementor-animated-content\" href=\"https:\/\/ows1.com.br\/sebben\/wp-content\/uploads\/2021\/09\/1_6.jpg\" data-elementor-open-lightbox=\"yes\" data-elementor-lightbox-slideshow=\"all-8129345\" data-elementor-lightbox-title=\"1_6\">\n\t\t\t\t\t<div class=\"e-gallery-image elementor-gallery-item__image\" data-thumbnail=\"https:\/\/ows1.com.br\/sebben\/wp-content\/uploads\/2021\/09\/1_6.jpg\" data-width=\"650\" data-height=\"434\" alt=\"\" ><\/div>\n\t\t\t\t\t\t\t\t\t\t<div class=\"elementor-gallery-item__overlay\"><\/div>\n\t\t\t\t\t\t\t\t\t\t\t\t\t\t<\/a>\n\t\t\t\t\t\t\t<a class=\"e-gallery-item elementor-gallery-item elementor-animated-content\" href=\"https:\/\/ows1.com.br\/sebben\/wp-content\/uploads\/2022\/01\/Copia-de-DSC00584-scaled.jpg\" data-elementor-open-lightbox=\"yes\" data-elementor-lightbox-slideshow=\"all-8129345\" data-elementor-lightbox-title=\"C\u00f3pia de DSC00584\">\n\t\t\t\t\t<div class=\"e-gallery-image elementor-gallery-item__image\" data-thumbnail=\"https:\/\/ows1.com.br\/sebben\/wp-content\/uploads\/2022\/01\/Copia-de-DSC00584-scaled.jpg\" data-width=\"2560\" data-height=\"1920\" alt=\"\" ><\/div>\n\t\t\t\t\t\t\t\t\t\t<div class=\"elementor-gallery-item__overlay\"><\/div>\n\t\t\t\t\t\t\t\t\t\t\t\t\t\t<\/a>\n\t\t\t\t\t\t\t<a class=\"e-gallery-item elementor-gallery-item elementor-animated-content\" href=\"https:\/\/ows1.com.br\/sebben\/wp-content\/uploads\/2021\/09\/1_2.jpg\" data-elementor-open-lightbox=\"yes\" data-elementor-lightbox-slideshow=\"all-8129345\" data-elementor-lightbox-title=\"1_2\">\n\t\t\t\t\t<div class=\"e-gallery-image elementor-gallery-item__image\" data-thumbnail=\"https:\/\/ows1.com.br\/sebben\/wp-content\/uploads\/2021\/09\/1_2.jpg\" data-width=\"650\" data-height=\"450\" alt=\"\" ><\/div>\n\t\t\t\t\t\t\t\t\t\t<div class=\"elementor-gallery-item__overlay\"><\/div>\n\t\t\t\t\t\t\t\t\t\t\t\t\t\t<\/a>\n\t\t\t\t\t\t\t<a class=\"e-gallery-item elementor-gallery-item elementor-animated-content\" href=\"https:\/\/ows1.com.br\/sebben\/wp-content\/uploads\/2021\/09\/1_4.jpg\" data-elementor-open-lightbox=\"yes\" data-elementor-lightbox-slideshow=\"all-8129345\" data-elementor-lightbox-title=\"1_4\">\n\t\t\t\t\t<div class=\"e-gallery-image elementor-gallery-item__image\" data-thumbnail=\"https:\/\/ows1.com.br\/sebben\/wp-content\/uploads\/2021\/09\/1_4.jpg\" data-width=\"650\" data-height=\"450\" alt=\"\" ><\/div>\n\t\t\t\t\t\t\t\t\t\t<div class=\"elementor-gallery-item__overlay\"><\/div>\n\t\t\t\t\t\t\t\t\t\t\t\t\t\t<\/a>\n\t\t\t\t\t\t\t<a class=\"e-gallery-item elementor-gallery-item elementor-animated-content\" href=\"https:\/\/ows1.com.br\/sebben\/wp-content\/uploads\/2021\/09\/1_1.jpg\" data-elementor-open-lightbox=\"yes\" data-elementor-lightbox-slideshow=\"all-8129345\" data-elementor-lightbox-title=\"1_1\">\n\t\t\t\t\t<div class=\"e-gallery-image elementor-gallery-item__image\" data-thumbnail=\"https:\/\/ows1.com.br\/sebben\/wp-content\/uploads\/2021\/09\/1_1.jpg\" data-width=\"650\" data-height=\"450\" alt=\"\" ><\/div>\n\t\t\t\t\t\t\t\t\t\t<div class=\"elementor-gallery-item__overlay\"><\/div>\n\t\t\t\t\t\t\t\t\t\t\t\t\t\t<\/a>\n\t\t\t\t\t\t\t<a class=\"e-gallery-item elementor-gallery-item elementor-animated-content\" href=\"https:\/\/ows1.com.br\/sebben\/wp-content\/uploads\/2021\/09\/1_5.jpg\" data-elementor-open-lightbox=\"yes\" data-elementor-lightbox-slideshow=\"all-8129345\" data-elementor-lightbox-title=\"1_5\">\n\t\t\t\t\t<div class=\"e-gallery-image elementor-gallery-item__image\" data-thumbnail=\"https:\/\/ows1.com.br\/sebben\/wp-content\/uploads\/2021\/09\/1_5.jpg\" data-width=\"650\" data-height=\"450\" alt=\"\" ><\/div>\n\t\t\t\t\t\t\t\t\t\t<div class=\"elementor-gallery-item__overlay\"><\/div>\n\t\t\t\t\t\t\t\t\t\t\t\t\t\t<\/a>\n\t\t\t\t\t<\/div>\n\t\t\t<\/div>\n\t\t\t\t<\/div>\n\t\t\t\t<div class=\"elementor-element elementor-element-587960e elementor-widget elementor-widget-gallery\" data-id=\"587960e\" data-element_type=\"widget\" data-settings=\"{&quot;columns&quot;:3,&quot;gap&quot;:{&quot;unit&quot;:&quot;px&quot;,&quot;size&quot;:0,&quot;sizes&quot;:[]},&quot;lazyload&quot;:&quot;yes&quot;,&quot;gallery_layout&quot;:&quot;grid&quot;,&quot;columns_tablet&quot;:2,&quot;columns_mobile&quot;:1,&quot;gap_tablet&quot;:{&quot;unit&quot;:&quot;px&quot;,&quot;size&quot;:10,&quot;sizes&quot;:[]},&quot;gap_mobile&quot;:{&quot;unit&quot;:&quot;px&quot;,&quot;size&quot;:10,&quot;sizes&quot;:[]},&quot;link_to&quot;:&quot;file&quot;,&quot;aspect_ratio&quot;:&quot;3:2&quot;,&quot;overlay_background&quot;:&quot;yes&quot;,&quot;content_hover_animation&quot;:&quot;fade-in&quot;}\" data-widget_type=\"gallery.default\">\n\t\t\t\t<div class=\"elementor-widget-container\">\n\t\t\t\t\t<div class=\"elementor-gallery__container\">\n\t\t\t\t\t\t\t<a class=\"e-gallery-item elementor-gallery-item elementor-animated-content\" href=\"https:\/\/ows1.com.br\/sebben\/wp-content\/uploads\/2022\/01\/Copia-de-Dino-e-Zeferino_2021-7-scaled.jpg\" data-elementor-open-lightbox=\"yes\" data-elementor-lightbox-slideshow=\"all-587960e\" data-elementor-lightbox-title=\"C\u00f3pia de Dino e Zeferino_2021 (7)\">\n\t\t\t\t\t<div class=\"e-gallery-image elementor-gallery-item__image\" data-thumbnail=\"https:\/\/ows1.com.br\/sebben\/wp-content\/uploads\/2022\/01\/Copia-de-Dino-e-Zeferino_2021-7-scaled.jpg\" data-width=\"2560\" data-height=\"1441\" alt=\"\" ><\/div>\n\t\t\t\t\t\t\t\t\t\t<div class=\"elementor-gallery-item__overlay\"><\/div>\n\t\t\t\t\t\t\t\t\t\t\t\t\t\t<\/a>\n\t\t\t\t\t\t\t<a class=\"e-gallery-item elementor-gallery-item elementor-animated-content\" href=\"https:\/\/ows1.com.br\/sebben\/wp-content\/uploads\/2022\/01\/Copia-de-Copia-de-DJI_0100-scaled.jpg\" data-elementor-open-lightbox=\"yes\" data-elementor-lightbox-slideshow=\"all-587960e\" data-elementor-lightbox-title=\"DCIM100MEDIADJI_0100.JPG\">\n\t\t\t\t\t<div class=\"e-gallery-image elementor-gallery-item__image\" data-thumbnail=\"https:\/\/ows1.com.br\/sebben\/wp-content\/uploads\/2022\/01\/Copia-de-Copia-de-DJI_0100-scaled.jpg\" data-width=\"2560\" data-height=\"1440\" alt=\"\" ><\/div>\n\t\t\t\t\t\t\t\t\t\t<div class=\"elementor-gallery-item__overlay\"><\/div>\n\t\t\t\t\t\t\t\t\t\t\t\t\t\t<\/a>\n\t\t\t\t\t\t\t<a class=\"e-gallery-item elementor-gallery-item elementor-animated-content\" href=\"https:\/\/ows1.com.br\/sebben\/wp-content\/uploads\/2022\/01\/Copia-de-Copia-de-20210722_104440-1-scaled.jpg\" data-elementor-open-lightbox=\"yes\" data-elementor-lightbox-slideshow=\"all-587960e\" data-elementor-lightbox-title=\"C\u00f3pia de C\u00f3pia de 20210722_104440\">\n\t\t\t\t\t<div class=\"e-gallery-image elementor-gallery-item__image\" data-thumbnail=\"https:\/\/ows1.com.br\/sebben\/wp-content\/uploads\/2022\/01\/Copia-de-Copia-de-20210722_104440-1-scaled.jpg\" data-width=\"1920\" data-height=\"2560\" alt=\"\" ><\/div>\n\t\t\t\t\t\t\t\t\t\t<div class=\"elementor-gallery-item__overlay\"><\/div>\n\t\t\t\t\t\t\t\t\t\t\t\t\t\t<\/a>\n\t\t\t\t\t\t\t<a class=\"e-gallery-item elementor-gallery-item elementor-animated-content\" href=\"https:\/\/ows1.com.br\/sebben\/wp-content\/uploads\/2022\/01\/Copia-de-DSC00322-scaled.jpg\" data-elementor-open-lightbox=\"yes\" data-elementor-lightbox-slideshow=\"all-587960e\" data-elementor-lightbox-title=\"C\u00f3pia de DSC00322\">\n\t\t\t\t\t<div class=\"e-gallery-image elementor-gallery-item__image\" data-thumbnail=\"https:\/\/ows1.com.br\/sebben\/wp-content\/uploads\/2022\/01\/Copia-de-DSC00322-scaled.jpg\" data-width=\"2560\" data-height=\"1920\" alt=\"\" ><\/div>\n\t\t\t\t\t\t\t\t\t\t<div class=\"elementor-gallery-item__overlay\"><\/div>\n\t\t\t\t\t\t\t\t\t\t\t\t\t\t<\/a>\n\t\t\t\t\t\t\t<a class=\"e-gallery-item elementor-gallery-item elementor-animated-content\" href=\"https:\/\/ows1.com.br\/sebben\/wp-content\/uploads\/2022\/01\/Copia-de-DSC00331-scaled.jpg\" data-elementor-open-lightbox=\"yes\" data-elementor-lightbox-slideshow=\"all-587960e\" data-elementor-lightbox-title=\"C\u00f3pia de DSC00331\">\n\t\t\t\t\t<div class=\"e-gallery-image elementor-gallery-item__image\" data-thumbnail=\"https:\/\/ows1.com.br\/sebben\/wp-content\/uploads\/2022\/01\/Copia-de-DSC00331-scaled.jpg\" data-width=\"2560\" data-height=\"1920\" alt=\"\" ><\/div>\n\t\t\t\t\t\t\t\t\t\t<div class=\"elementor-gallery-item__overlay\"><\/div>\n\t\t\t\t\t\t\t\t\t\t\t\t\t\t<\/a>\n\t\t\t\t\t\t\t<a class=\"e-gallery-item elementor-gallery-item elementor-animated-content\" href=\"https:\/\/ows1.com.br\/sebben\/wp-content\/uploads\/2022\/01\/Copia-de-Copia-de-20210722_113337-scaled.jpg\" data-elementor-open-lightbox=\"yes\" data-elementor-lightbox-slideshow=\"all-587960e\" data-elementor-lightbox-title=\"C\u00f3pia de C\u00f3pia de 20210722_113337\">\n\t\t\t\t\t<div class=\"e-gallery-image elementor-gallery-item__image\" data-thumbnail=\"https:\/\/ows1.com.br\/sebben\/wp-content\/uploads\/2022\/01\/Copia-de-Copia-de-20210722_113337-scaled.jpg\" data-width=\"2560\" data-height=\"1920\" alt=\"\" ><\/div>\n\t\t\t\t\t\t\t\t\t\t<div class=\"elementor-gallery-item__overlay\"><\/div>\n\t\t\t\t\t\t\t\t\t\t\t\t\t\t<\/a>\n\t\t\t\t\t<\/div>\n\t\t\t<\/div>\n\t\t\t\t<\/div>\n\t\t\t\t\t<\/div>\n\t\t<\/div>\n\t\t\t\t\t\t\t<\/div>\n\t\t<\/section>\n\t\t\t\t<section class=\"elementor-section elementor-top-section elementor-element elementor-element-33f079b elementor-section-full_width tm-column-break-ipad-no tm-col-stretched-none elementor-section-height-default elementor-section-height-default\" data-id=\"33f079b\" data-element_type=\"section\">\n\t\t\t\t\t\t<div class=\"elementor-container elementor-column-gap-default\">\n\t\t\t\t\t<div class=\"elementor-column elementor-col-100 elementor-top-column elementor-element elementor-element-f30df58\" data-id=\"f30df58\" data-element_type=\"column\">\n\t\t\t<div class=\"elementor-widget-wrap elementor-element-populated\">\n\t\t\t\t\t\t\t\t<div class=\"elementor-element elementor-element-746ddf6 elementor-widget elementor-widget-gallery\" data-id=\"746ddf6\" data-element_type=\"widget\" data-settings=\"{&quot;columns&quot;:3,&quot;gap&quot;:{&quot;unit&quot;:&quot;px&quot;,&quot;size&quot;:0,&quot;sizes&quot;:[]},&quot;lazyload&quot;:&quot;yes&quot;,&quot;gallery_layout&quot;:&quot;grid&quot;,&quot;columns_tablet&quot;:2,&quot;columns_mobile&quot;:1,&quot;gap_tablet&quot;:{&quot;unit&quot;:&quot;px&quot;,&quot;size&quot;:10,&quot;sizes&quot;:[]},&quot;gap_mobile&quot;:{&quot;unit&quot;:&quot;px&quot;,&quot;size&quot;:10,&quot;sizes&quot;:[]},&quot;link_to&quot;:&quot;file&quot;,&quot;aspect_ratio&quot;:&quot;3:2&quot;,&quot;overlay_background&quot;:&quot;yes&quot;,&quot;content_hover_animation&quot;:&quot;fade-in&quot;}\" data-widget_type=\"gallery.default\">\n\t\t\t\t<div class=\"elementor-widget-container\">\n\t\t\t\t\t<div class=\"elementor-gallery__container\">\n\t\t\t\t\t\t\t<a class=\"e-gallery-item elementor-gallery-item elementor-animated-content\" href=\"https:\/\/ows1.com.br\/sebben\/wp-content\/uploads\/2022\/01\/Copia-de-gado-corte1-scaled.jpg\" data-elementor-open-lightbox=\"yes\" data-elementor-lightbox-slideshow=\"all-746ddf6\" data-elementor-lightbox-title=\"C\u00f3pia de gado corte1\">\n\t\t\t\t\t<div class=\"e-gallery-image elementor-gallery-item__image\" data-thumbnail=\"https:\/\/ows1.com.br\/sebben\/wp-content\/uploads\/2022\/01\/Copia-de-gado-corte1-scaled.jpg\" data-width=\"2560\" data-height=\"1920\" alt=\"\" ><\/div>\n\t\t\t\t\t\t\t\t\t\t<div class=\"elementor-gallery-item__overlay\"><\/div>\n\t\t\t\t\t\t\t\t\t\t\t\t\t\t<\/a>\n\t\t\t\t\t\t\t<a class=\"e-gallery-item elementor-gallery-item elementor-animated-content\" href=\"https:\/\/ows1.com.br\/sebben\/wp-content\/uploads\/2022\/01\/screen_c750976b54ca0f95_1631277201000.jpg\" data-elementor-open-lightbox=\"yes\" data-elementor-lightbox-slideshow=\"all-746ddf6\" data-elementor-lightbox-title=\"screen_c750976b54ca0f95_1631277201000\">\n\t\t\t\t\t<div class=\"e-gallery-image elementor-gallery-item__image\" data-thumbnail=\"https:\/\/ows1.com.br\/sebben\/wp-content\/uploads\/2022\/01\/screen_c750976b54ca0f95_1631277201000.jpg\" data-width=\"960\" data-height=\"540\" alt=\"\" ><\/div>\n\t\t\t\t\t\t\t\t\t\t<div class=\"elementor-gallery-item__overlay\"><\/div>\n\t\t\t\t\t\t\t\t\t\t\t\t\t\t<\/a>\n\t\t\t\t\t\t\t<a class=\"e-gallery-item elementor-gallery-item elementor-animated-content\" href=\"https:\/\/ows1.com.br\/sebben\/wp-content\/uploads\/2022\/01\/screen_c45f02664afd2019_1630440903000.jpg\" data-elementor-open-lightbox=\"yes\" data-elementor-lightbox-slideshow=\"all-746ddf6\" data-elementor-lightbox-title=\"screen_c45f02664afd2019_1630440903000\">\n\t\t\t\t\t<div class=\"e-gallery-image elementor-gallery-item__image\" data-thumbnail=\"https:\/\/ows1.com.br\/sebben\/wp-content\/uploads\/2022\/01\/screen_c45f02664afd2019_1630440903000.jpg\" data-width=\"960\" data-height=\"540\" alt=\"\" ><\/div>\n\t\t\t\t\t\t\t\t\t\t<div class=\"elementor-gallery-item__overlay\"><\/div>\n\t\t\t\t\t\t\t\t\t\t\t\t\t\t<\/a>\n\t\t\t\t\t<\/div>\n\t\t\t<\/div>\n\t\t\t\t<\/div>\n\t\t\t\t\t<\/div>\n\t\t<\/div>\n\t\t\t\t\t\t\t<\/div>\n\t\t<\/section>\n\t\t\t\t\t\t<\/div>\n\t\t\t\t\t<\/div>\n\t\t","protected":false},"excerpt":{"rendered":"<p>SOBRE N\u00d3S Conhe\u00e7a A Historia Da Sebben Em 22\/11\/1979 foi fundada a Dino e Zeferino Sebben Ltda, localizada em uma casa alugada no centro da cidade de Marau \/ RS com o objetivo de atender as necessidades dos clientes nos ramos de defensivos agr\u00edcolas, adubos e corretivos. Ap\u00f3s alguns anos de trabalho e dedica\u00e7\u00e3o surgiu &hellip; <a href=\"https:\/\/ows1.com.br\/sebben\/empresa\/\" class=\"more-link\">Continue reading <span class=\"screen-reader-text\">Empresa<\/span><\/a><\/p>\n","protected":false},"author":1,"featured_media":0,"parent":0,"menu_order":0,"comment_status":"closed","ping_status":"closed","template":"elementor_header_footer","meta":[],"_links":{"self":[{"href":"https:\/\/ows1.com.br\/sebben\/wp-json\/wp\/v2\/pages\/2056"}],"collection":[{"href":"https:\/\/ows1.com.br\/sebben\/wp-json\/wp\/v2\/pages"}],"about":[{"href":"https:\/\/ows1.com.br\/sebben\/wp-json\/wp\/v2\/types\/page"}],"author":[{"embeddable":true,"href":"https:\/\/ows1.com.br\/sebben\/wp-json\/wp\/v2\/users\/1"}],"replies":[{"embeddable":true,"href":"https:\/\/ows1.com.br\/sebben\/wp-json\/wp\/v2\/comments?post=2056"}],"version-history":[{"count":55,"href":"https:\/\/ows1.com.br\/sebben\/wp-json\/wp\/v2\/pages\/2056\/revisions"}],"predecessor-version":[{"id":2940,"href":"https:\/\/ows1.com.br\/sebben\/wp-json\/wp\/v2\/pages\/2056\/revisions\/2940"}],"wp:attachment":[{"href":"https:\/\/ows1.com.br\/sebben\/wp-json\/wp\/v2\/media?parent=2056"}],"curies":[{"name":"wp","href":"https:\/\/api.w.org\/{rel}","templated":true}]}}