{"id":2058,"date":"2021-09-17T13:15:43","date_gmt":"2021-09-17T13:15:43","guid":{"rendered":"https:\/\/ows1.com.br\/sebben\/?page_id=2058"},"modified":"2022-01-18T20:42:01","modified_gmt":"2022-01-18T20:42:01","slug":"meio-ambiente","status":"publish","type":"page","link":"https:\/\/ows1.com.br\/sebben\/meio-ambiente\/","title":{"rendered":"Meio Ambiente"},"content":{"rendered":"\t\t<div data-elementor-type=\"wp-page\" data-elementor-id=\"2058\" class=\"elementor elementor-2058\" data-elementor-settings=\"[]\">\n\t\t\t\t\t\t\t<div class=\"elementor-section-wrap\">\n\t\t\t\t\t\t\t<section class=\"elementor-section elementor-top-section elementor-element elementor-element-0b33514 elementor-section-content-middle tm-column-break-ipad-no tm-col-stretched-none elementor-section-boxed elementor-section-height-default elementor-section-height-default\" data-id=\"0b33514\" data-element_type=\"section\">\n\t\t\t\t\t\t<div class=\"elementor-container elementor-column-gap-default\">\n\t\t\t\t\t<div class=\"elementor-column elementor-col-50 elementor-top-column elementor-element elementor-element-7c1a46b\" data-id=\"7c1a46b\" data-element_type=\"column\" data-settings=\"{&quot;background_background&quot;:&quot;classic&quot;}\">\n\t\t\t<div class=\"elementor-widget-wrap elementor-element-populated\">\n\t\t\t\t\t\t\t\t<div class=\"elementor-element elementor-element-81a74be elementor-widget elementor-widget-image\" data-id=\"81a74be\" data-element_type=\"widget\" data-widget_type=\"image.default\">\n\t\t\t\t<div class=\"elementor-widget-container\">\n\t\t\t\t\t\t\t\t\t\t\t\t\t\t\t<img width=\"454\" height=\"487\" src=\"https:\/\/ows1.com.br\/sebben\/wp-content\/uploads\/2022\/01\/sebben.png\" class=\"attachment-themetechmount-img-portfolio-style2 size-themetechmount-img-portfolio-style2\" alt=\"\" loading=\"lazy\" srcset=\"https:\/\/ows1.com.br\/sebben\/wp-content\/uploads\/2022\/01\/sebben.png 454w, https:\/\/ows1.com.br\/sebben\/wp-content\/uploads\/2022\/01\/sebben-280x300.png 280w\" sizes=\"(max-width: 454px) 100vw, 454px\" data-id=\"2904\" \/>\t\t\t\t\t\t\t\t\t\t\t\t\t\t\t<\/div>\n\t\t\t\t<\/div>\n\t\t\t\t\t<\/div>\n\t\t<\/div>\n\t\t\t\t<div class=\"elementor-column elementor-col-50 elementor-top-column elementor-element elementor-element-a98b76a\" data-id=\"a98b76a\" data-element_type=\"column\">\n\t\t\t<div class=\"elementor-widget-wrap elementor-element-populated\">\n\t\t\t\t\t\t\t\t<div class=\"elementor-element elementor-element-9552fb7 tm-align-left elementor-widget elementor-widget-tm_heading\" data-id=\"9552fb7\" data-element_type=\"widget\" data-widget_type=\"tm_heading.default\">\n\t\t\t\t<div class=\"elementor-widget-container\">\n\t\t\t<div class=\"tm-element-heading-content-wrapper left-align tm-reverse-heading-yes tm-seperator-solid tm-content-with-desc tm-heading-style-vertical \"><div class=\"tm-content-header\"><h4 class=\"tm-element-subheading tm-custom-heading \">\n\t\t\t\tMeio Ambiente\n\t\t\t<\/h4>\n\t\t<h2 class=\"tm-element-content-heading tm-custom-heading \">\n\t\t\t\tMEIO AMBIENTE E NOSSOS CUIDADOS\n\t\t\t<\/h2>\n\t\t<div class=\"heading-seperator\"><span><\/span><\/div><\/div><div class=\"tm-element-content-desctxt\">A Sebben Ind\u00fastria e Com\u00e9rcio de Cereais est\u00e1 atenta \u00e0s pr\u00e1ticas de meio ambiente\nnecess\u00e1rias para manter a empresa em funcionamento e conscientemente trabalhando de\nmaneira a minimizar os impactos ambientais.\n\nNa parte ambiental, a Sebben conta com uma grande vantagem na Industrializa\u00e7\u00e3o de Farelo\nde Soja, j\u00e1 que o processo para a obten\u00e7\u00e3o do produto \u00e9 MEC\u00c2NICO e n\u00e3o qu\u00edmico, onde os\ngr\u00e3os de soja sofrem um processo de extrus\u00e3o e prensagem, obtendo de forma limpa sem\nadi\u00e7\u00e3o de produtos qu\u00edmicos o produto Farelo de Soja e o produto \u00d3leo de Soja, ambos para\nalimenta\u00e7\u00e3o animal.\n\nToda empresa est\u00e1 regularizada com os \u00f3rg\u00e3o Ambientais, possu\u00edmos Licen\u00e7a da Fepam para o\nDep\u00f3sito de Defensivos, Beneficiamento e industrializa\u00e7\u00e3o da soja e farelo de soja e tamb\u00e9m\npara transportes de produtos perigosos, e Licenciamento Municipal par a produ\u00e7\u00e3o de Ra\u00e7\u00f5es,\nisso na Matriz.\nNas nossas filiais, Col\u00f4nia Gobbi e a Unidade de Recebimento de Gr\u00e3os (Remanso) tamb\u00e9m\ncontam com Licen\u00e7as Municipais.\nAl\u00e9m disse, somos cadastrados no IBAMA para regulariza\u00e7\u00e3o das atividades de\nindustrializa\u00e7\u00e3o.\nA preocupa\u00e7\u00e3o da Sebben n\u00e3o \u00e9 s\u00f3 em seguir as normas para cumprimento dos \u00f3rg\u00e3o\nfiscalizadores, mas temos o compromisso com a sociedade par termos um lugar melhor para\nse viver!\n<br><i>Imagens: Ibama e Fepam <\/i><\/div><\/div>\t\t<\/div>\n\t\t\t\t<\/div>\n\t\t\t\t\t<\/div>\n\t\t<\/div>\n\t\t\t\t\t\t\t<\/div>\n\t\t<\/section>\n\t\t\t\t\t\t<\/div>\n\t\t\t\t\t<\/div>\n\t\t","protected":false},"excerpt":{"rendered":"<p>Meio Ambiente MEIO AMBIENTE E NOSSOS CUIDADOS A Sebben Ind\u00fastria e Com\u00e9rcio de Cereais est\u00e1 atenta \u00e0s pr\u00e1ticas de meio ambiente necess\u00e1rias para manter a empresa em funcionamento e conscientemente trabalhando de maneira a minimizar os impactos ambientais. Na parte ambiental, a Sebben conta com uma grande vantagem na Industrializa\u00e7\u00e3o de Farelo de Soja, j\u00e1 &hellip; <a href=\"https:\/\/ows1.com.br\/sebben\/meio-ambiente\/\" class=\"more-link\">Continue reading <span class=\"screen-reader-text\">Meio Ambiente<\/span><\/a><\/p>\n","protected":false},"author":1,"featured_media":0,"parent":0,"menu_order":0,"comment_status":"closed","ping_status":"closed","template":"","meta":[],"_links":{"self":[{"href":"https:\/\/ows1.com.br\/sebben\/wp-json\/wp\/v2\/pages\/2058"}],"collection":[{"href":"https:\/\/ows1.com.br\/sebben\/wp-json\/wp\/v2\/pages"}],"about":[{"href":"https:\/\/ows1.com.br\/sebben\/wp-json\/wp\/v2\/types\/page"}],"author":[{"embeddable":true,"href":"https:\/\/ows1.com.br\/sebben\/wp-json\/wp\/v2\/users\/1"}],"replies":[{"embeddable":true,"href":"https:\/\/ows1.com.br\/sebben\/wp-json\/wp\/v2\/comments?post=2058"}],"version-history":[{"count":28,"href":"https:\/\/ows1.com.br\/sebben\/wp-json\/wp\/v2\/pages\/2058\/revisions"}],"predecessor-version":[{"id":2907,"href":"https:\/\/ows1.com.br\/sebben\/wp-json\/wp\/v2\/pages\/2058\/revisions\/2907"}],"wp:attachment":[{"href":"https:\/\/ows1.com.br\/sebben\/wp-json\/wp\/v2\/media?parent=2058"}],"curies":[{"name":"wp","href":"https:\/\/api.w.org\/{rel}","templated":true}]}}