{"id":2060,"date":"2021-09-17T13:16:05","date_gmt":"2021-09-17T13:16:05","guid":{"rendered":"https:\/\/ows1.com.br\/sebben\/?page_id=2060"},"modified":"2022-01-20T18:41:49","modified_gmt":"2022-01-20T18:41:49","slug":"servicos","status":"publish","type":"page","link":"https:\/\/ows1.com.br\/sebben\/servicos\/","title":{"rendered":"Servi\u00e7os"},"content":{"rendered":"\t\t<div data-elementor-type=\"wp-page\" data-elementor-id=\"2060\" class=\"elementor elementor-2060\" data-elementor-settings=\"[]\">\n\t\t\t\t\t\t\t<div class=\"elementor-section-wrap\">\n\t\t\t\t\t\t\t<section class=\"elementor-section elementor-top-section elementor-element elementor-element-9df1915 tm-column-break-ipad-no tm-col-stretched-none elementor-section-boxed elementor-section-height-default elementor-section-height-default\" data-id=\"9df1915\" data-element_type=\"section\">\n\t\t\t\t\t\t<div class=\"elementor-container elementor-column-gap-default\">\n\t\t\t\t\t<div class=\"elementor-column elementor-col-100 elementor-top-column elementor-element elementor-element-7218d40\" data-id=\"7218d40\" data-element_type=\"column\">\n\t\t\t<div class=\"elementor-widget-wrap elementor-element-populated\">\n\t\t\t\t\t\t\t\t<div class=\"elementor-element elementor-element-ecb9aa0 elementor-widget elementor-widget-menu-anchor\" data-id=\"ecb9aa0\" data-element_type=\"widget\" data-widget_type=\"menu-anchor.default\">\n\t\t\t\t<div class=\"elementor-widget-container\">\n\t\t\t\t\t<div id=\"agriculturadeprecisao\" class=\"elementor-menu-anchor\"><\/div>\n\t\t\t\t<\/div>\n\t\t\t\t<\/div>\n\t\t\t\t\t<\/div>\n\t\t<\/div>\n\t\t\t\t\t\t\t<\/div>\n\t\t<\/section>\n\t\t\t\t<section class=\"elementor-section elementor-top-section elementor-element elementor-element-728750c elementor-section-content-middle tm-column-break-ipad-no tm-col-stretched-none elementor-section-boxed elementor-section-height-default elementor-section-height-default\" data-id=\"728750c\" data-element_type=\"section\">\n\t\t\t\t\t\t<div class=\"elementor-container elementor-column-gap-default\">\n\t\t\t\t\t<div class=\"elementor-column elementor-col-50 elementor-top-column elementor-element elementor-element-00305a8\" data-id=\"00305a8\" data-element_type=\"column\">\n\t\t\t<div class=\"elementor-widget-wrap elementor-element-populated\">\n\t\t\t\t\t\t\t\t<div class=\"elementor-element elementor-element-f0bc230 elementor-view-default elementor-widget elementor-widget-icon\" data-id=\"f0bc230\" data-element_type=\"widget\" data-widget_type=\"icon.default\">\n\t\t\t\t<div class=\"elementor-widget-container\">\n\t\t\t\t\t<div class=\"elementor-icon-wrapper\">\n\t\t\t<div class=\"elementor-icon\">\n\t\t\t<i aria-hidden=\"true\" class=\"kw_agritek flaticon-tractor-4\"><\/i>\t\t\t<\/div>\n\t\t<\/div>\n\t\t\t\t<\/div>\n\t\t\t\t<\/div>\n\t\t\t\t\t<\/div>\n\t\t<\/div>\n\t\t\t\t<div class=\"elementor-column elementor-col-50 elementor-top-column elementor-element elementor-element-198dc9d\" data-id=\"198dc9d\" data-element_type=\"column\">\n\t\t\t<div class=\"elementor-widget-wrap elementor-element-populated\">\n\t\t\t\t\t\t\t\t<div class=\"elementor-element elementor-element-5fe5ed6 tm-align-left elementor-widget elementor-widget-tm_heading\" data-id=\"5fe5ed6\" data-element_type=\"widget\" data-widget_type=\"tm_heading.default\">\n\t\t\t\t<div class=\"elementor-widget-container\">\n\t\t\t<div class=\"tm-element-heading-content-wrapper left-align tm-reverse-heading-yes tm-seperator-solid  tm-heading-style-vertical \"><div class=\"tm-content-header\"><h4 class=\"tm-element-subheading tm-custom-heading \">\n\t\t\t\tProdutos\n\t\t\t<\/h4>\n\t\t<h2 class=\"tm-element-content-heading tm-custom-heading \">\n\t\t\t\tAGRICULTIRA DE PRECIS\u00c3O\n\t\t\t<\/h2>\n\t\t<div class=\"heading-seperator\"><span><\/span><\/div><\/div><\/div>\t\t<\/div>\n\t\t\t\t<\/div>\n\t\t\t\t\t<\/div>\n\t\t<\/div>\n\t\t\t\t\t\t\t<\/div>\n\t\t<\/section>\n\t\t\t\t<section class=\"elementor-section elementor-top-section elementor-element elementor-element-2bb65e1 tm-column-break-ipad-no tm-col-stretched-none elementor-section-boxed elementor-section-height-default elementor-section-height-default\" data-id=\"2bb65e1\" data-element_type=\"section\">\n\t\t\t\t\t\t<div class=\"elementor-container elementor-column-gap-default\">\n\t\t\t\t\t<div class=\"elementor-column elementor-col-100 elementor-top-column elementor-element elementor-element-e0ed0b7\" data-id=\"e0ed0b7\" data-element_type=\"column\">\n\t\t\t<div class=\"elementor-widget-wrap elementor-element-populated\">\n\t\t\t\t\t\t\t\t<div class=\"elementor-element elementor-element-c531fc1 elementor-widget elementor-widget-text-editor\" data-id=\"c531fc1\" data-element_type=\"widget\" data-widget_type=\"text-editor.default\">\n\t\t\t\t<div class=\"elementor-widget-container\">\n\t\t\t\t\t\t\t<p>EM CONSTRU\u00c7\u00c3O!<\/p>\t\t\t\t\t\t<\/div>\n\t\t\t\t<\/div>\n\t\t\t\t<div class=\"elementor-element elementor-element-d30659a elementor-widget elementor-widget-heading\" data-id=\"d30659a\" data-element_type=\"widget\" data-widget_type=\"heading.default\">\n\t\t\t\t<div class=\"elementor-widget-container\">\n\t\t\t<h2 class=\"elementor-heading-title elementor-size-default\">Departamento T\u00e9cnico<\/h2>\t\t<\/div>\n\t\t\t\t<\/div>\n\t\t\t\t<div class=\"elementor-element elementor-element-b478667 elementor-widget elementor-widget-text-editor\" data-id=\"b478667\" data-element_type=\"widget\" data-widget_type=\"text-editor.default\">\n\t\t\t\t<div class=\"elementor-widget-container\">\n\t\t\t\t\t\t\t<p>Nosso Departamento T\u00e9cnico conta Engenheiros Agr\u00f4nomos e\u00a0T\u00e9cnicos Agr\u00edcolas, altamente capacitados e prontos para atender em todas as culturas e seus ciclos,\u00a0associando qualidade e produtividade, proporcionando tranquilidade e satisfa\u00e7\u00e3o ao cliente,\u00a0com isso, criando uma rela\u00e7\u00e3o de confian\u00e7a empresa-produtor.<br \/><br \/>Conte com nossa equipe, pois, estamos prontos para lhe atender na lavoura ou receb\u00ea-lo em nossa empresa para que lhe seja dada a orienta\u00e7\u00e3o correta, e voc\u00ea tenha mais rentabilidade\u00a0da lavoura.<br \/><br \/>Conte Conosco!<\/p>\t\t\t\t\t\t<\/div>\n\t\t\t\t<\/div>\n\t\t\t\t<div class=\"elementor-element elementor-element-1a5710c elementor-widget elementor-widget-heading\" data-id=\"1a5710c\" data-element_type=\"widget\" data-widget_type=\"heading.default\">\n\t\t\t\t<div class=\"elementor-widget-container\">\n\t\t\t<h2 class=\"elementor-heading-title elementor-size-default\">Tecnologia em Aplica\u00e7\u00e3o<\/h2>\t\t<\/div>\n\t\t\t\t<\/div>\n\t\t\t\t\t<\/div>\n\t\t<\/div>\n\t\t\t\t\t\t\t<\/div>\n\t\t<\/section>\n\t\t\t\t<section class=\"elementor-section elementor-top-section elementor-element elementor-element-b4836c0 tm-bgcolor-darkgrey tm-column-break-ipad-no tm-col-stretched-none elementor-section-boxed elementor-section-height-default elementor-section-height-default\" data-id=\"b4836c0\" data-element_type=\"section\">\n\t\t\t\t\t\t<div class=\"elementor-container elementor-column-gap-default\">\n\t\t\t\t\t<div class=\"elementor-column elementor-col-100 elementor-top-column elementor-element elementor-element-1ea2957\" data-id=\"1ea2957\" data-element_type=\"column\">\n\t\t\t<div class=\"elementor-widget-wrap elementor-element-populated\">\n\t\t\t\t\t\t\t\t<div class=\"elementor-element elementor-element-b00cd03 elementor-widget elementor-widget-menu-anchor\" data-id=\"b00cd03\" data-element_type=\"widget\" data-widget_type=\"menu-anchor.default\">\n\t\t\t\t<div class=\"elementor-widget-container\">\n\t\t\t\t\t<div id=\"nutricaodeprecisao\" class=\"elementor-menu-anchor\"><\/div>\n\t\t\t\t<\/div>\n\t\t\t\t<\/div>\n\t\t\t\t\t<\/div>\n\t\t<\/div>\n\t\t\t\t\t\t\t<\/div>\n\t\t<\/section>\n\t\t\t\t<section class=\"elementor-section elementor-top-section elementor-element elementor-element-11cacca tm-bgcolor-darkgrey elementor-section-content-middle tm-column-break-ipad-no tm-col-stretched-none elementor-section-boxed elementor-section-height-default elementor-section-height-default\" data-id=\"11cacca\" data-element_type=\"section\">\n\t\t\t\t\t\t<div class=\"elementor-container elementor-column-gap-default\">\n\t\t\t\t\t<div class=\"elementor-column elementor-col-50 elementor-top-column elementor-element elementor-element-dc4c189\" data-id=\"dc4c189\" data-element_type=\"column\">\n\t\t\t<div class=\"elementor-widget-wrap elementor-element-populated\">\n\t\t\t\t\t\t\t\t<div class=\"elementor-element elementor-element-f72aa27 elementor-view-default elementor-widget elementor-widget-icon\" data-id=\"f72aa27\" data-element_type=\"widget\" data-widget_type=\"icon.default\">\n\t\t\t\t<div class=\"elementor-widget-container\">\n\t\t\t\t\t<div class=\"elementor-icon-wrapper\">\n\t\t\t<div class=\"elementor-icon\">\n\t\t\t<i aria-hidden=\"true\" class=\"kw_agritek flaticon-agriculture\"><\/i>\t\t\t<\/div>\n\t\t<\/div>\n\t\t\t\t<\/div>\n\t\t\t\t<\/div>\n\t\t\t\t\t<\/div>\n\t\t<\/div>\n\t\t\t\t<div class=\"elementor-column elementor-col-50 elementor-top-column elementor-element elementor-element-82740dd\" data-id=\"82740dd\" data-element_type=\"column\">\n\t\t\t<div class=\"elementor-widget-wrap elementor-element-populated\">\n\t\t\t\t\t\t\t\t<div class=\"elementor-element elementor-element-32e9355 tm-align-left elementor-widget elementor-widget-tm_heading\" data-id=\"32e9355\" data-element_type=\"widget\" data-widget_type=\"tm_heading.default\">\n\t\t\t\t<div class=\"elementor-widget-container\">\n\t\t\t<div class=\"tm-element-heading-content-wrapper left-align tm-reverse-heading-yes tm-seperator-solid  tm-heading-style-vertical \"><div class=\"tm-content-header\"><h4 class=\"tm-element-subheading tm-custom-heading \">\n\t\t\t\tServi\u00e7os\n\t\t\t<\/h4>\n\t\t<h2 class=\"tm-element-content-heading tm-custom-heading \">\n\t\t\t\tNutri\u00e7\u00e3o de Precis\u00e3o\n\t\t\t<\/h2>\n\t\t<div class=\"heading-seperator\"><span><\/span><\/div><\/div><\/div>\t\t<\/div>\n\t\t\t\t<\/div>\n\t\t\t\t\t<\/div>\n\t\t<\/div>\n\t\t\t\t\t\t\t<\/div>\n\t\t<\/section>\n\t\t\t\t<section class=\"elementor-section elementor-top-section elementor-element elementor-element-f73f858 tm-bgcolor-darkgrey tm-column-break-ipad-no tm-col-stretched-none elementor-section-boxed elementor-section-height-default elementor-section-height-default\" data-id=\"f73f858\" data-element_type=\"section\">\n\t\t\t\t\t\t<div class=\"elementor-container elementor-column-gap-default\">\n\t\t\t\t\t<div class=\"elementor-column elementor-col-100 elementor-top-column elementor-element elementor-element-a20c3a9\" data-id=\"a20c3a9\" data-element_type=\"column\">\n\t\t\t<div class=\"elementor-widget-wrap elementor-element-populated\">\n\t\t\t\t\t\t\t\t<div class=\"elementor-element elementor-element-827e31a elementor-widget elementor-widget-text-editor\" data-id=\"827e31a\" data-element_type=\"widget\" data-widget_type=\"text-editor.default\">\n\t\t\t\t<div class=\"elementor-widget-container\">\n\t\t\t\t\t\t\t<p>A Nutri\u00e7\u00e3o de precis\u00e3o \u00e9 um novo conceito no balanceamento, manejo de dietas para o gado leiteiro. Baseia-se no fornecimento de dietas espec\u00edficas para cada rebanho e seu sistema produtivo. Conta tamb\u00e9m com planejamentos forrageiros, armazenamento e conserva\u00e7\u00e3o de<br>alimentos, monitoramento da qualidade do leite, ajustes em misturadores e vag\u00f5es, treinamento de m\u00e3o de obra dentro das propriedades e estabelecimentos de metas e \u00edndices produtivos. Por fim, nosso trabalho compreende ir at\u00e9 as propriedades e ajustar uma dieta<br>espec\u00edfica de acordo com a necessidade e objetivos de cada produtor.<\/p>\n<p><br><\/p>\n<p><\/p>\t\t\t\t\t\t<\/div>\n\t\t\t\t<\/div>\n\t\t\t\t\t<\/div>\n\t\t<\/div>\n\t\t\t\t\t\t\t<\/div>\n\t\t<\/section>\n\t\t\t\t<section class=\"elementor-section elementor-top-section elementor-element elementor-element-4e71df7 tm-column-break-ipad-no tm-col-stretched-none elementor-section-boxed elementor-section-height-default elementor-section-height-default\" data-id=\"4e71df7\" data-element_type=\"section\">\n\t\t\t\t\t\t<div class=\"elementor-container elementor-column-gap-default\">\n\t\t\t\t\t<div class=\"elementor-column elementor-col-100 elementor-top-column elementor-element elementor-element-d4559ea\" data-id=\"d4559ea\" data-element_type=\"column\">\n\t\t\t<div class=\"elementor-widget-wrap elementor-element-populated\">\n\t\t\t\t\t\t\t\t<div class=\"elementor-element elementor-element-8d01482 elementor-widget elementor-widget-menu-anchor\" data-id=\"8d01482\" data-element_type=\"widget\" data-widget_type=\"menu-anchor.default\">\n\t\t\t\t<div class=\"elementor-widget-container\">\n\t\t\t\t\t<div id=\"assistenciatecnicadelavoura\" class=\"elementor-menu-anchor\"><\/div>\n\t\t\t\t<\/div>\n\t\t\t\t<\/div>\n\t\t\t\t\t<\/div>\n\t\t<\/div>\n\t\t\t\t\t\t\t<\/div>\n\t\t<\/section>\n\t\t\t\t<section class=\"elementor-section elementor-top-section elementor-element elementor-element-1fe4298 elementor-section-content-middle tm-column-break-ipad-no tm-col-stretched-none elementor-section-boxed elementor-section-height-default elementor-section-height-default\" data-id=\"1fe4298\" data-element_type=\"section\">\n\t\t\t\t\t\t<div class=\"elementor-container elementor-column-gap-default\">\n\t\t\t\t\t<div class=\"elementor-column elementor-col-50 elementor-top-column elementor-element elementor-element-edaf015\" data-id=\"edaf015\" data-element_type=\"column\">\n\t\t\t<div class=\"elementor-widget-wrap elementor-element-populated\">\n\t\t\t\t\t\t\t\t<div class=\"elementor-element elementor-element-3e4cff9 elementor-view-default elementor-widget elementor-widget-icon\" data-id=\"3e4cff9\" data-element_type=\"widget\" data-widget_type=\"icon.default\">\n\t\t\t\t<div class=\"elementor-widget-container\">\n\t\t\t\t\t<div class=\"elementor-icon-wrapper\">\n\t\t\t<div class=\"elementor-icon\">\n\t\t\t<i aria-hidden=\"true\" class=\"kw_agritek flaticon-plant-1\"><\/i>\t\t\t<\/div>\n\t\t<\/div>\n\t\t\t\t<\/div>\n\t\t\t\t<\/div>\n\t\t\t\t\t<\/div>\n\t\t<\/div>\n\t\t\t\t<div class=\"elementor-column elementor-col-50 elementor-top-column elementor-element elementor-element-2ad4f7f\" data-id=\"2ad4f7f\" data-element_type=\"column\">\n\t\t\t<div class=\"elementor-widget-wrap elementor-element-populated\">\n\t\t\t\t\t\t\t\t<div class=\"elementor-element elementor-element-ad28197 tm-align-left elementor-widget elementor-widget-tm_heading\" data-id=\"ad28197\" data-element_type=\"widget\" data-widget_type=\"tm_heading.default\">\n\t\t\t\t<div class=\"elementor-widget-container\">\n\t\t\t<div class=\"tm-element-heading-content-wrapper left-align tm-reverse-heading-yes tm-seperator-solid  tm-heading-style-vertical \"><div class=\"tm-content-header\"><h4 class=\"tm-element-subheading tm-custom-heading \">\n\t\t\t\tServi\u00e7os\n\t\t\t<\/h4>\n\t\t<h2 class=\"tm-element-content-heading tm-custom-heading \">\n\t\t\t\tAssist\u00eancia T\u00e9cnica de Lavoura\n\t\t\t<\/h2>\n\t\t<div class=\"heading-seperator\"><span><\/span><\/div><\/div><\/div>\t\t<\/div>\n\t\t\t\t<\/div>\n\t\t\t\t\t<\/div>\n\t\t<\/div>\n\t\t\t\t\t\t\t<\/div>\n\t\t<\/section>\n\t\t\t\t<section class=\"elementor-section elementor-top-section elementor-element elementor-element-32d8e25 tm-column-break-ipad-no tm-col-stretched-none elementor-section-boxed elementor-section-height-default elementor-section-height-default\" data-id=\"32d8e25\" data-element_type=\"section\">\n\t\t\t\t\t\t<div class=\"elementor-container elementor-column-gap-default\">\n\t\t\t\t\t<div class=\"elementor-column elementor-col-100 elementor-top-column elementor-element elementor-element-4ab111b\" data-id=\"4ab111b\" data-element_type=\"column\">\n\t\t\t<div class=\"elementor-widget-wrap elementor-element-populated\">\n\t\t\t\t\t\t\t\t<div class=\"elementor-element elementor-element-0d1690e elementor-widget elementor-widget-text-editor\" data-id=\"0d1690e\" data-element_type=\"widget\" data-widget_type=\"text-editor.default\">\n\t\t\t\t<div class=\"elementor-widget-container\">\n\t\t\t\t\t\t\t<p>O servi\u00e7o de Assist\u00eancia T\u00e9cnica de Lavoura, tem o objetivo de auxiliar os produtores no que diz respeito ao uso correto dos insumos e tecnologias que a empresa oferece aos seus clientes.<br>O Departamento \u00e9 composto por uma equipe de Agr\u00f4nomo e T\u00e9cnicos Agr\u00edcolas capacitados para suprir a demanda de informa\u00e7\u00f5es t\u00e9cnicas de seus clientes. Nesse contexto s\u00e3o realizadas diversas atividades dentre elas:<br>&#8211; Coleta e Interpreta\u00e7\u00e3o de an\u00e1lises de solo;<br>&#8211; Recomenda\u00e7\u00e3o de Aduba\u00e7\u00e3o;<br>&#8211; Calagem e Gessagem;<br>&#8211; Planejamento de cultivares a serem implantadas;<br>&#8211; Aferi\u00e7\u00e3o de Pulverizadores e Tecnologias de aplica\u00e7\u00e3o;<br>&#8211; Realiza\u00e7\u00e3o de um cronograma para todas as aplica\u00e7\u00f5es de defensivos na cultura e vistorias das mesmas;<br>&#8211; Acompanhamento de resultados da colheita.<br>Entre em contato e solicite uma visita!<\/p>\t\t\t\t\t\t<\/div>\n\t\t\t\t<\/div>\n\t\t\t\t\t<\/div>\n\t\t<\/div>\n\t\t\t\t\t\t\t<\/div>\n\t\t<\/section>\n\t\t\t\t\t\t<\/div>\n\t\t\t\t\t<\/div>\n\t\t","protected":false},"excerpt":{"rendered":"<p>Produtos AGRICULTIRA DE PRECIS\u00c3O EM CONSTRU\u00c7\u00c3O! Departamento T\u00e9cnico Nosso Departamento T\u00e9cnico conta Engenheiros Agr\u00f4nomos e\u00a0T\u00e9cnicos Agr\u00edcolas, altamente capacitados e prontos para atender em todas as culturas e seus ciclos,\u00a0associando qualidade e produtividade, proporcionando tranquilidade e satisfa\u00e7\u00e3o ao cliente,\u00a0com isso, criando uma rela\u00e7\u00e3o de confian\u00e7a empresa-produtor. Conte com nossa equipe, pois, estamos prontos para lhe atender &hellip; <a href=\"https:\/\/ows1.com.br\/sebben\/servicos\/\" class=\"more-link\">Continue reading <span class=\"screen-reader-text\">Servi\u00e7os<\/span><\/a><\/p>\n","protected":false},"author":1,"featured_media":0,"parent":0,"menu_order":0,"comment_status":"closed","ping_status":"closed","template":"elementor_header_footer","meta":[],"_links":{"self":[{"href":"https:\/\/ows1.com.br\/sebben\/wp-json\/wp\/v2\/pages\/2060"}],"collection":[{"href":"https:\/\/ows1.com.br\/sebben\/wp-json\/wp\/v2\/pages"}],"about":[{"href":"https:\/\/ows1.com.br\/sebben\/wp-json\/wp\/v2\/types\/page"}],"author":[{"embeddable":true,"href":"https:\/\/ows1.com.br\/sebben\/wp-json\/wp\/v2\/users\/1"}],"replies":[{"embeddable":true,"href":"https:\/\/ows1.com.br\/sebben\/wp-json\/wp\/v2\/comments?post=2060"}],"version-history":[{"count":52,"href":"https:\/\/ows1.com.br\/sebben\/wp-json\/wp\/v2\/pages\/2060\/revisions"}],"predecessor-version":[{"id":2943,"href":"https:\/\/ows1.com.br\/sebben\/wp-json\/wp\/v2\/pages\/2060\/revisions\/2943"}],"wp:attachment":[{"href":"https:\/\/ows1.com.br\/sebben\/wp-json\/wp\/v2\/media?parent=2060"}],"curies":[{"name":"wp","href":"https:\/\/api.w.org\/{rel}","templated":true}]}}