{"id":2062,"date":"2021-09-17T13:16:28","date_gmt":"2021-09-17T13:16:28","guid":{"rendered":"https:\/\/ows1.com.br\/sebben\/?page_id=2062"},"modified":"2022-01-18T19:59:45","modified_gmt":"2022-01-18T19:59:45","slug":"compra-e-venda","status":"publish","type":"page","link":"https:\/\/ows1.com.br\/sebben\/compra-e-venda\/","title":{"rendered":"Compra e Venda de Cereais"},"content":{"rendered":"\t\t<div data-elementor-type=\"wp-page\" data-elementor-id=\"2062\" class=\"elementor elementor-2062\" data-elementor-settings=\"[]\">\n\t\t\t\t\t\t\t<div class=\"elementor-section-wrap\">\n\t\t\t\t\t\t\t<section class=\"elementor-section elementor-top-section elementor-element elementor-element-233650b elementor-section-content-middle tm-column-break-ipad-no tm-col-stretched-none elementor-section-boxed elementor-section-height-default elementor-section-height-default\" data-id=\"233650b\" data-element_type=\"section\">\n\t\t\t\t\t\t<div class=\"elementor-container elementor-column-gap-default\">\n\t\t\t\t\t<div class=\"elementor-column elementor-col-50 elementor-top-column elementor-element elementor-element-b073c87\" data-id=\"b073c87\" data-element_type=\"column\">\n\t\t\t<div class=\"elementor-widget-wrap elementor-element-populated\">\n\t\t\t\t\t\t\t\t<div class=\"elementor-element elementor-element-263c856 elementor-view-default elementor-widget elementor-widget-icon\" data-id=\"263c856\" data-element_type=\"widget\" data-widget_type=\"icon.default\">\n\t\t\t\t<div class=\"elementor-widget-container\">\n\t\t\t\t\t<div class=\"elementor-icon-wrapper\">\n\t\t\t<div class=\"elementor-icon\">\n\t\t\t<i aria-hidden=\"true\" class=\"fas fa-hands-helping\"><\/i>\t\t\t<\/div>\n\t\t<\/div>\n\t\t\t\t<\/div>\n\t\t\t\t<\/div>\n\t\t\t\t\t<\/div>\n\t\t<\/div>\n\t\t\t\t<div class=\"elementor-column elementor-col-50 elementor-top-column elementor-element elementor-element-a87e2a7\" data-id=\"a87e2a7\" data-element_type=\"column\">\n\t\t\t<div class=\"elementor-widget-wrap elementor-element-populated\">\n\t\t\t\t\t\t\t\t<div class=\"elementor-element elementor-element-ac23124 tm-align-left elementor-widget elementor-widget-tm_heading\" data-id=\"ac23124\" data-element_type=\"widget\" data-widget_type=\"tm_heading.default\">\n\t\t\t\t<div class=\"elementor-widget-container\">\n\t\t\t<div class=\"tm-element-heading-content-wrapper left-align tm-reverse-heading-yes tm-seperator-solid  tm-heading-style-vertical \"><div class=\"tm-content-header\"><h4 class=\"tm-element-subheading tm-custom-heading \">\n\t\t\t\tCompra e Venda\n\t\t\t<\/h4>\n\t\t<h2 class=\"tm-element-content-heading tm-custom-heading \">\n\t\t\t\tCOMPRA E VENDA DE CEREAIS \n\t\t\t<\/h2>\n\t\t<div class=\"heading-seperator\"><span><\/span><\/div><\/div><\/div>\t\t<\/div>\n\t\t\t\t<\/div>\n\t\t\t\t\t<\/div>\n\t\t<\/div>\n\t\t\t\t\t\t\t<\/div>\n\t\t<\/section>\n\t\t\t\t<section class=\"elementor-section elementor-top-section elementor-element elementor-element-b7f58d6 tm-column-break-ipad-no tm-col-stretched-none elementor-section-boxed elementor-section-height-default elementor-section-height-default\" data-id=\"b7f58d6\" data-element_type=\"section\">\n\t\t\t\t\t\t<div class=\"elementor-container elementor-column-gap-default\">\n\t\t\t\t\t<div class=\"elementor-column elementor-col-100 elementor-top-column elementor-element elementor-element-f8662bb\" data-id=\"f8662bb\" data-element_type=\"column\">\n\t\t\t<div class=\"elementor-widget-wrap elementor-element-populated\">\n\t\t\t\t\t\t\t\t<div class=\"elementor-element elementor-element-30d6f4f elementor-widget elementor-widget-text-editor\" data-id=\"30d6f4f\" data-element_type=\"widget\" data-widget_type=\"text-editor.default\">\n\t\t\t\t<div class=\"elementor-widget-container\">\n\t\t\t\t\t\t\t<p>A Sebben recebe gr\u00e3os dos produtores da regi\u00e3o\u00a0de Nicolau Vergueiro h\u00e1 mais de 25 anos.<\/p><p>Em 2007 foi ampliado a capacidade de armazenamento de gr\u00e3os com a instala\u00e7\u00e3o de silos em Marau, passando a atender um n\u00famero maior de agricultores.<br \/>Nossa parceria com os produtores de gr\u00e3os torna-se cada vez mais forte com o passar dos anos.<br \/>Venha para a Sebben conhecer as vantagens que voc\u00ea pode ter com a entrega da sua produ\u00e7\u00e3o.<br \/>Ind\u00fastria Sebben, ao lado do produtor o ano todo.<\/p><p>\u00a0<\/p>\t\t\t\t\t\t<\/div>\n\t\t\t\t<\/div>\n\t\t\t\t\t<\/div>\n\t\t<\/div>\n\t\t\t\t\t\t\t<\/div>\n\t\t<\/section>\n\t\t\t\t\t\t<\/div>\n\t\t\t\t\t<\/div>\n\t\t","protected":false},"excerpt":{"rendered":"<p>Compra e Venda COMPRA E VENDA DE CEREAIS A Sebben recebe gr\u00e3os dos produtores da regi\u00e3o\u00a0de Nicolau Vergueiro h\u00e1 mais de 25 anos. Em 2007 foi ampliado a capacidade de armazenamento de gr\u00e3os com a instala\u00e7\u00e3o de silos em Marau, passando a atender um n\u00famero maior de agricultores.Nossa parceria com os produtores de gr\u00e3os torna-se &hellip; <a href=\"https:\/\/ows1.com.br\/sebben\/compra-e-venda\/\" class=\"more-link\">Continue reading <span class=\"screen-reader-text\">Compra e Venda de Cereais<\/span><\/a><\/p>\n","protected":false},"author":1,"featured_media":0,"parent":0,"menu_order":0,"comment_status":"closed","ping_status":"closed","template":"elementor_header_footer","meta":[],"_links":{"self":[{"href":"https:\/\/ows1.com.br\/sebben\/wp-json\/wp\/v2\/pages\/2062"}],"collection":[{"href":"https:\/\/ows1.com.br\/sebben\/wp-json\/wp\/v2\/pages"}],"about":[{"href":"https:\/\/ows1.com.br\/sebben\/wp-json\/wp\/v2\/types\/page"}],"author":[{"embeddable":true,"href":"https:\/\/ows1.com.br\/sebben\/wp-json\/wp\/v2\/users\/1"}],"replies":[{"embeddable":true,"href":"https:\/\/ows1.com.br\/sebben\/wp-json\/wp\/v2\/comments?post=2062"}],"version-history":[{"count":39,"href":"https:\/\/ows1.com.br\/sebben\/wp-json\/wp\/v2\/pages\/2062\/revisions"}],"predecessor-version":[{"id":2897,"href":"https:\/\/ows1.com.br\/sebben\/wp-json\/wp\/v2\/pages\/2062\/revisions\/2897"}],"wp:attachment":[{"href":"https:\/\/ows1.com.br\/sebben\/wp-json\/wp\/v2\/media?parent=2062"}],"curies":[{"name":"wp","href":"https:\/\/api.w.org\/{rel}","templated":true}]}}